{"id":14330,"date":"2022-04-11T11:32:28","date_gmt":"2022-04-11T15:32:28","guid":{"rendered":"https:\/\/maho.cl\/web2\/?page_id=14330"},"modified":"2022-04-11T11:32:28","modified_gmt":"2022-04-11T15:32:28","slug":"historia-de-nuestra-comuna","status":"publish","type":"page","link":"https:\/\/maho.cl\/web\/historia-de-nuestra-comuna\/","title":{"rendered":"Historia de Nuestra Comuna"},"content":{"rendered":"\t\t<div data-elementor-type=\"wp-page\" data-elementor-id=\"14330\" class=\"elementor elementor-14330\">\n\t\t\t\t\t\t\t\t\t<section class=\"elementor-section elementor-top-section elementor-element elementor-element-be18144 elementor-section-full_width elementor-section-height-default elementor-section-height-default\" data-id=\"be18144\" data-element_type=\"section\">\n\t\t\t\t\t\t<div class=\"elementor-container elementor-column-gap-no\">\n\t\t\t\t\t<div class=\"elementor-column elementor-col-100 elementor-top-column elementor-element elementor-element-acb6d8a\" data-id=\"acb6d8a\" data-element_type=\"column\">\n\t\t\t<div class=\"elementor-widget-wrap elementor-element-populated\">\n\t\t\t\t\t\t\t\t<div class=\"elementor-element elementor-element-08f801d elementor-widget elementor-widget-ova_header\" data-id=\"08f801d\" data-element_type=\"widget\" data-widget_type=\"ova_header.default\">\n\t\t\t\t<div class=\"elementor-widget-container\">\n\t\t\t\t\t \t<!-- Display when you choose background per Post -->\n\t\t \t<div class=\"wrap_ova_header  left \"  >\n\n\t\t \t\t<div class=\"container\">\t\t\t \t\n\t\t\t\t \t<div class=\"cover_color\"><\/div>\n\n\t\t\t\t\t<div class=\"ova_header_el \">\n\t\t\t\t\t\t\n\t\t\t\t\t\t\t\t\t\t\t\t\n\t\t\t\t\t\t\t\t\t\t\t\t\t\t<h1 class=\"second_font header_title\">\n\t\t\t\t\t\t\t\tHistoria de Nuestra Comuna\t\t\t\t\t\t\t<\/h1>\n\t\t\t\t\t\t\t\t\n\t\t\t\t\t\t\n\n\t\t\t\t\t\t\t\t\t\t\t\t\t<div class=\"ovatheme_breadcrumbs ovatheme_breadcrumbs_el\">\n\t\t\t\t\t\t\t\t<div id=\"breadcrumbs\"><ul class=\"breadcrumb\"><li><a href=\"https:\/\/maho.cl\/web\/\">Inicio<\/a><\/li> <li class=\"li_separator\"><span class=\"separator\"><\/span><\/li> <li>P\u00e1gina<\/li><\/ul><\/div>\t\t\t\t\t\t\t<\/div>\n\t\t\t\t\t\t\n\t\t\t\t\t<\/div>\n\n\t\t\t\t <\/div> \n\t\t\t<\/div>\n\t\t\t\t<\/div>\n\t\t\t\t<\/div>\n\t\t\t\t\t<\/div>\n\t\t<\/div>\n\t\t\t\t\t\t\t<\/div>\n\t\t<\/section>\n\t\t\t\t<section class=\"elementor-section elementor-top-section elementor-element elementor-element-fa9b7ba elementor-section-boxed elementor-section-height-default elementor-section-height-default\" data-id=\"fa9b7ba\" data-element_type=\"section\">\n\t\t\t\t\t\t<div class=\"elementor-container elementor-column-gap-default\">\n\t\t\t\t\t<div class=\"elementor-column elementor-col-50 elementor-top-column elementor-element elementor-element-a9c1615\" data-id=\"a9c1615\" data-element_type=\"column\" data-settings=\"{&quot;background_background&quot;:&quot;classic&quot;}\">\n\t\t\t<div class=\"elementor-widget-wrap elementor-element-populated\">\n\t\t\t\t\t\t\t\t<div class=\"elementor-element elementor-element-a673ea2 elementor-widget elementor-widget-heading\" data-id=\"a673ea2\" data-element_type=\"widget\" data-widget_type=\"heading.default\">\n\t\t\t\t<div class=\"elementor-widget-container\">\n\t\t\t<style>\/*! elementor - v3.18.0 - 20-12-2023 *\/\n.elementor-heading-title{padding:0;margin:0;line-height:1}.elementor-widget-heading .elementor-heading-title[class*=elementor-size-]>a{color:inherit;font-size:inherit;line-height:inherit}.elementor-widget-heading .elementor-heading-title.elementor-size-small{font-size:15px}.elementor-widget-heading .elementor-heading-title.elementor-size-medium{font-size:19px}.elementor-widget-heading .elementor-heading-title.elementor-size-large{font-size:29px}.elementor-widget-heading .elementor-heading-title.elementor-size-xl{font-size:39px}.elementor-widget-heading .elementor-heading-title.elementor-size-xxl{font-size:59px}<\/style><h2 class=\"elementor-heading-title elementor-size-default\">Nuestra Historia <\/h2>\t\t<\/div>\n\t\t\t\t<\/div>\n\t\t\t\t\t<\/div>\n\t\t<\/div>\n\t\t\t\t<div class=\"elementor-column elementor-col-50 elementor-top-column elementor-element elementor-element-7340018\" data-id=\"7340018\" data-element_type=\"column\">\n\t\t\t<div class=\"elementor-widget-wrap\">\n\t\t\t\t\t\t\t\t\t<\/div>\n\t\t<\/div>\n\t\t\t\t\t\t\t<\/div>\n\t\t<\/section>\n\t\t\t\t<section class=\"elementor-section elementor-top-section elementor-element elementor-element-9624962 elementor-section-boxed elementor-section-height-default elementor-section-height-default\" data-id=\"9624962\" data-element_type=\"section\">\n\t\t\t\t\t\t<div class=\"elementor-container elementor-column-gap-default\">\n\t\t\t\t\t<div class=\"elementor-column elementor-col-100 elementor-top-column elementor-element elementor-element-d7a2c96\" data-id=\"d7a2c96\" data-element_type=\"column\">\n\t\t\t<div class=\"elementor-widget-wrap elementor-element-populated\">\n\t\t\t\t\t\t\t\t<div class=\"elementor-element elementor-element-4fcea64 elementor-widget elementor-widget-spacer\" data-id=\"4fcea64\" data-element_type=\"widget\" data-widget_type=\"spacer.default\">\n\t\t\t\t<div class=\"elementor-widget-container\">\n\t\t\t<style>\/*! elementor - v3.18.0 - 20-12-2023 *\/\n.elementor-column .elementor-spacer-inner{height:var(--spacer-size)}.e-con{--container-widget-width:100%}.e-con-inner>.elementor-widget-spacer,.e-con>.elementor-widget-spacer{width:var(--container-widget-width,var(--spacer-size));--align-self:var(--container-widget-align-self,initial);--flex-shrink:0}.e-con-inner>.elementor-widget-spacer>.elementor-widget-container,.e-con>.elementor-widget-spacer>.elementor-widget-container{height:100%;width:100%}.e-con-inner>.elementor-widget-spacer>.elementor-widget-container>.elementor-spacer,.e-con>.elementor-widget-spacer>.elementor-widget-container>.elementor-spacer{height:100%}.e-con-inner>.elementor-widget-spacer>.elementor-widget-container>.elementor-spacer>.elementor-spacer-inner,.e-con>.elementor-widget-spacer>.elementor-widget-container>.elementor-spacer>.elementor-spacer-inner{height:var(--container-widget-height,var(--spacer-size))}.e-con-inner>.elementor-widget-spacer.elementor-widget-empty,.e-con>.elementor-widget-spacer.elementor-widget-empty{position:relative;min-height:22px;min-width:22px}.e-con-inner>.elementor-widget-spacer.elementor-widget-empty .elementor-widget-empty-icon,.e-con>.elementor-widget-spacer.elementor-widget-empty .elementor-widget-empty-icon{position:absolute;top:0;bottom:0;left:0;right:0;margin:auto;padding:0;width:22px;height:22px}<\/style>\t\t<div class=\"elementor-spacer\">\n\t\t\t<div class=\"elementor-spacer-inner\"><\/div>\n\t\t<\/div>\n\t\t\t\t<\/div>\n\t\t\t\t<\/div>\n\t\t\t\t\t<\/div>\n\t\t<\/div>\n\t\t\t\t\t\t\t<\/div>\n\t\t<\/section>\n\t\t\t\t<section class=\"elementor-section elementor-top-section elementor-element elementor-element-e915898 elementor-section-boxed elementor-section-height-default elementor-section-height-default\" data-id=\"e915898\" data-element_type=\"section\">\n\t\t\t\t\t\t<div class=\"elementor-container elementor-column-gap-default\">\n\t\t\t\t\t<div class=\"elementor-column elementor-col-50 elementor-top-column elementor-element elementor-element-3c9920b\" data-id=\"3c9920b\" data-element_type=\"column\">\n\t\t\t<div class=\"elementor-widget-wrap elementor-element-populated\">\n\t\t\t\t\t\t\t\t<div class=\"elementor-element elementor-element-cc31856 elementor-widget elementor-widget-heading\" data-id=\"cc31856\" data-element_type=\"widget\" data-widget_type=\"heading.default\">\n\t\t\t\t<div class=\"elementor-widget-container\">\n\t\t\t<h4 class=\"elementor-heading-title elementor-size-default\">Contenidos<\/h4>\t\t<\/div>\n\t\t\t\t<\/div>\n\t\t\t\t<div class=\"elementor-element elementor-element-270fbe1 elementor-icon-list--layout-traditional elementor-list-item-link-full_width elementor-widget elementor-widget-icon-list\" data-id=\"270fbe1\" data-element_type=\"widget\" data-widget_type=\"icon-list.default\">\n\t\t\t\t<div class=\"elementor-widget-container\">\n\t\t\t<link rel=\"stylesheet\" href=\"https:\/\/maho.cl\/web\/wp-content\/plugins\/elementor\/assets\/css\/widget-icon-list.min.css\">\t\t<ul class=\"elementor-icon-list-items\">\n\t\t\t\t\t\t\t<li class=\"elementor-icon-list-item\">\n\t\t\t\t\t\t\t\t\t\t\t<a href=\"https:\/\/maho.cl\/web\/historia-de-nuestra-comuna\/\">\n\n\t\t\t\t\t\t\t\t\t\t\t\t<span class=\"elementor-icon-list-icon\">\n\t\t\t\t\t\t\t<svg aria-hidden=\"true\" class=\"e-font-icon-svg e-fas-chevron-circle-right\" viewBox=\"0 0 512 512\" xmlns=\"http:\/\/www.w3.org\/2000\/svg\"><path d=\"M256 8c137 0 248 111 248 248S393 504 256 504 8 393 8 256 119 8 256 8zm113.9 231L234.4 103.5c-9.4-9.4-24.6-9.4-33.9 0l-17 17c-9.4 9.4-9.4 24.6 0 33.9L285.1 256 183.5 357.6c-9.4 9.4-9.4 24.6 0 33.9l17 17c9.4 9.4 24.6 9.4 33.9 0L369.9 273c9.4-9.4 9.4-24.6 0-34z\"><\/path><\/svg>\t\t\t\t\t\t<\/span>\n\t\t\t\t\t\t\t\t\t\t<span class=\"elementor-icon-list-text\">Historia de Alto Hospicio<\/span>\n\t\t\t\t\t\t\t\t\t\t\t<\/a>\n\t\t\t\t\t\t\t\t\t<\/li>\n\t\t\t\t\t\t\t\t<li class=\"elementor-icon-list-item\">\n\t\t\t\t\t\t\t\t\t\t\t<a href=\"https:\/\/maho.cl\/web\/superficie-y-poblacion-de-la-comuna\/\">\n\n\t\t\t\t\t\t\t\t\t\t\t\t<span class=\"elementor-icon-list-icon\">\n\t\t\t\t\t\t\t<svg aria-hidden=\"true\" class=\"e-font-icon-svg e-fas-arrow-circle-right\" viewBox=\"0 0 512 512\" xmlns=\"http:\/\/www.w3.org\/2000\/svg\"><path d=\"M256 8c137 0 248 111 248 248S393 504 256 504 8 393 8 256 119 8 256 8zm-28.9 143.6l75.5 72.4H120c-13.3 0-24 10.7-24 24v16c0 13.3 10.7 24 24 24h182.6l-75.5 72.4c-9.7 9.3-9.9 24.8-.4 34.3l11 10.9c9.4 9.4 24.6 9.4 33.9 0L404.3 273c9.4-9.4 9.4-24.6 0-33.9L271.6 106.3c-9.4-9.4-24.6-9.4-33.9 0l-11 10.9c-9.5 9.6-9.3 25.1.4 34.4z\"><\/path><\/svg>\t\t\t\t\t\t<\/span>\n\t\t\t\t\t\t\t\t\t\t<span class=\"elementor-icon-list-text\">Superficie y Poblaci\u00f3n<\/span>\n\t\t\t\t\t\t\t\t\t\t\t<\/a>\n\t\t\t\t\t\t\t\t\t<\/li>\n\t\t\t\t\t\t\t\t<li class=\"elementor-icon-list-item\">\n\t\t\t\t\t\t\t\t\t\t\t<a href=\"https:\/\/maho.cl\/web\/distribucion-departamentos-municipales-maho\/\">\n\n\t\t\t\t\t\t\t\t\t\t\t\t<span class=\"elementor-icon-list-icon\">\n\t\t\t\t\t\t\t<svg aria-hidden=\"true\" class=\"e-font-icon-svg e-fas-arrow-circle-right\" viewBox=\"0 0 512 512\" xmlns=\"http:\/\/www.w3.org\/2000\/svg\"><path d=\"M256 8c137 0 248 111 248 248S393 504 256 504 8 393 8 256 119 8 256 8zm-28.9 143.6l75.5 72.4H120c-13.3 0-24 10.7-24 24v16c0 13.3 10.7 24 24 24h182.6l-75.5 72.4c-9.7 9.3-9.9 24.8-.4 34.3l11 10.9c9.4 9.4 24.6 9.4 33.9 0L404.3 273c9.4-9.4 9.4-24.6 0-33.9L271.6 106.3c-9.4-9.4-24.6-9.4-33.9 0l-11 10.9c-9.5 9.6-9.3 25.1.4 34.4z\"><\/path><\/svg>\t\t\t\t\t\t<\/span>\n\t\t\t\t\t\t\t\t\t\t<span class=\"elementor-icon-list-text\">Ubicaci\u00f3n y Dependencias municipales<\/span>\n\t\t\t\t\t\t\t\t\t\t\t<\/a>\n\t\t\t\t\t\t\t\t\t<\/li>\n\t\t\t\t\t\t<\/ul>\n\t\t\t\t<\/div>\n\t\t\t\t<\/div>\n\t\t\t\t\t<\/div>\n\t\t<\/div>\n\t\t\t\t<div class=\"elementor-column elementor-col-50 elementor-top-column elementor-element elementor-element-c575a3f\" data-id=\"c575a3f\" data-element_type=\"column\">\n\t\t\t<div class=\"elementor-widget-wrap elementor-element-populated\">\n\t\t\t\t\t\t\t\t<div class=\"elementor-element elementor-element-aa36440 elementor-widget elementor-widget-text-editor\" data-id=\"aa36440\" data-element_type=\"widget\" data-widget_type=\"text-editor.default\">\n\t\t\t\t<div class=\"elementor-widget-container\">\n\t\t\t<style>\/*! elementor - v3.18.0 - 20-12-2023 *\/\n.elementor-widget-text-editor.elementor-drop-cap-view-stacked .elementor-drop-cap{background-color:#69727d;color:#fff}.elementor-widget-text-editor.elementor-drop-cap-view-framed .elementor-drop-cap{color:#69727d;border:3px solid;background-color:transparent}.elementor-widget-text-editor:not(.elementor-drop-cap-view-default) .elementor-drop-cap{margin-top:8px}.elementor-widget-text-editor:not(.elementor-drop-cap-view-default) .elementor-drop-cap-letter{width:1em;height:1em}.elementor-widget-text-editor .elementor-drop-cap{float:left;text-align:center;line-height:1;font-size:50px}.elementor-widget-text-editor .elementor-drop-cap-letter{display:inline-block}<\/style>\t\t\t\t<p>Con la ca\u00edda de la producci\u00f3n minera, centros productores son abandonados y los pueblos desmontados, quedando como testimonio sus galer\u00edas y piques, con los vestigios de la vida que se desarroll\u00f3 en el lugar.<\/p><p>Tras ello, Alto Hospicio estar\u00eda ligado al tr\u00e1nsito de mulas y ferrocarriles hacia los diversos cantones salitreros. Por ello, se construye un trazado ferroviario con una serie de estaciones y actuando como lugar de descanso y abastecimiento, desde y hacia las oficinas salitreras que se prove\u00edan o embarcaban a trav\u00e9s de Iquique.<\/p><p>El nombre de Alto Hospicio, se comenz\u00f3 a utilizar desde mediados del siglo XIX y es concordante con otros puntos de la Cordillera de la Costa o de las proximidades del litoral, que cumplieron roles similares, es decir, ser territorios o zonas en que era posible descansar antes de acceder a la costa o emprender viaje hacia el interior. Son varios los puntos que llevan esta denominaci\u00f3n, como por ejemplo, Pisagua, Arica, Tacna, entre otros.<\/p><p>Uno de los hitos de la historia de Alto Hospicio del siglo XX, estuvo marcada por la instalaci\u00f3n de la base \u00e1rea Los C\u00f3ndores en 1926. Tambi\u00e9n a fines de los a\u00f1os 50 se registraron los primeros asentamientos de parceleros, que dirigieron su producci\u00f3n hort\u00edcola hacia Iquique, agreg\u00e1ndose corrales y talleres artesanales.<\/p><p>En los \u00faltimos 20 a\u00f1os, Alto Hospicio ha sufrido un intensivo proceso de crecimiento, llegando a ser declarada comuna el 22 de abril del 2004, comenzando a escribir su propia historia y a proyectarse con posibilidades concretas.<\/p>\t\t\t\t\t\t<\/div>\n\t\t\t\t<\/div>\n\t\t\t\t<div class=\"elementor-element elementor-element-3dc7832 elementor-widget elementor-widget-heading\" data-id=\"3dc7832\" data-element_type=\"widget\" data-widget_type=\"heading.default\">\n\t\t\t\t<div class=\"elementor-widget-container\">\n\t\t\t<h2 class=\"elementor-heading-title elementor-size-default\">Desde el Oro Blanco<\/h2>\t\t<\/div>\n\t\t\t\t<\/div>\n\t\t\t\t<div class=\"elementor-element elementor-element-8b95055 elementor-widget elementor-widget-text-editor\" data-id=\"8b95055\" data-element_type=\"widget\" data-widget_type=\"text-editor.default\">\n\t\t\t\t<div class=\"elementor-widget-container\">\n\t\t\t\t\t\t\t<p>El territorio que ocupa actualmente la comuna, fue un lugar obligado de tr\u00e1nsito para los primeros habitantes de la zona. Se estima, que la primera v\u00eda de acceso utilizada, se situaba en la Quebrada de Huantaca hacia el norte, por donde descendieron los primeros grupos de cazadores recolectores hace m\u00e1s de 6000 a\u00f1os.<\/p><p>El terreno de Alto Hospicio se intermediaba como punto de descanso para quienes se dirig\u00edan a Ique Ique y su islote, uno de los puntos de inter\u00e9s de la explotaci\u00f3n de guano y la extracci\u00f3n de mariscos.<\/p><p>En el caso de Huantajaya, la explotaci\u00f3n minera se inici\u00f3 en el per\u00edodo s\u00e9ptimo Inca. El mineral obtenido era trasladado a trav\u00e9s de caravanas de llamas hasta el Cuzco, donde se destinaba a la elaboraci\u00f3n de joyas y piezas que eran utilizadas por la elite. La mina de Huantajaya, entreg\u00f3 mineral hasta el a\u00f1o 1600, en pleno per\u00edodo de la Conquista Espa\u00f1ola.<\/p><p>Otros hitos relevantes de la historia de Alto Hospicio, se relacionan con que en 1879 y durante la Guerra del Pac\u00edfico, las fuerzas peruanas en prevenci\u00f3n a ser bombardeadas por la escuadra chilena, se habr\u00edan posicionado en los sectores de Alto Hospicio y Alto Molle, permaneciendo parte de la guarnici\u00f3n en los flancos del Cerro Drag\u00f3n.<\/p><p>Tambi\u00e9n, a principios del siglo XX, destaca la labor que desarroll\u00f3 la estaci\u00f3n de ferrocarriles de Alto Molle, que form\u00f3 parte del ordenamiento territorial y administrativo de la zona.<\/p><p>Uno de los hechos relevantes y que marc\u00f3 la historia de Alto Hospicio durante el siglo pasado, fue la creaci\u00f3n del Grupo Mixto de Aviaci\u00f3n N\u00b0 1, creado el 3 de marzo de 1926. La Fuerza A\u00e9rea comision\u00f3 a los capitanes Diego Aracena y Armando Castro, ubicar los terrenos m\u00e1s propicios para instalar la futura base a\u00e9rea.<\/p><p>Dos a\u00f1os m\u00e1s tarde, comenz\u00f3 el traslado del Grupo N\u00b0 1 a Alto Hospicio, denomin\u00e1ndose Los C\u00f3ndores, ya que por el lugar a\u00fan sol\u00edan volar esas aves. El primer comandante fue el mayor Armando Castro y su material de vuelo estaba constituido por 3 aviones Gipsy Moth (de enlace), 14 Curtiss Falcon (observaci\u00f3n y ataque) y 16 Curtis Hawk (caza y ataque).<\/p><p>Asimismo, entre los a\u00f1os 50 y 80, Alto Hospicio se caracteriz\u00f3 por ser una localidad donde se concentraban las parcelas dedicadas a la horticultura y que prove\u00edan a Iquique. La mayor\u00eda de los parceleros corresponda a aymaras, los cuales segu\u00edan el modelo de la trashumancia y ocupaci\u00f3n simult\u00e1nea de pisos ecol\u00f3gicos.<\/p><p>Desde los a\u00f1os 80, la poblaci\u00f3n de Alto Hospicio registr\u00f3 un aumento vertiginoso. Se sucedieron una serie de tomas de terrenos y la construcci\u00f3n de soluciones habitacionales. El explosivo crecimiento que experimento la comuna, oblig\u00f3 al gobierno a implementar una serie de pol\u00edticas habitacionales y de infraestructura, tendiente a mejorar la calidad de vida de la poblaci\u00f3n, muchos de los cuales llegaron desde otras regiones del pa\u00eds buscando oportunidades de empleo. Actualmente, la poblaci\u00f3n de la comuna bordea los 110 mil habitantes, siendo los ejes productivos fundamentales el comercio, la agricultora, la microempresas e industria. Alto Hospicio, busca convertirse en la plataforma industrial de la Regi\u00f3n de Tarapac\u00e1.<\/p>\t\t\t\t\t\t<\/div>\n\t\t\t\t<\/div>\n\t\t\t\t\t<\/div>\n\t\t<\/div>\n\t\t\t\t\t\t\t<\/div>\n\t\t<\/section>\n\t\t\t\t\t\t\t<\/div>\n\t\t","protected":false},"excerpt":{"rendered":"<p>Historia de Nuestra Comuna Inicio P\u00e1gina Nuestra Historia Previous Next Contenidos Historia de Alto Hospicio Superficie y Poblaci\u00f3n Ubicaci\u00f3n y Dependencias municipales Con la ca\u00edda de la producci\u00f3n minera, centros productores son abandonados y los pueblos desmontados, quedando como testimonio sus galer\u00edas y piques, con los vestigios de la vida que se desarroll\u00f3 en el [&hellip;]<\/p>\n","protected":false},"author":1,"featured_media":0,"parent":0,"menu_order":0,"comment_status":"closed","ping_status":"closed","template":"elementor_header_footer","meta":{"_monsterinsights_skip_tracking":false,"_monsterinsights_sitenote_active":false,"_monsterinsights_sitenote_note":"","_monsterinsights_sitenote_category":0,"footnotes":""},"class_list":["post-14330","page","type-page","status-publish","hentry"],"_links":{"self":[{"href":"https:\/\/maho.cl\/web\/wp-json\/wp\/v2\/pages\/14330","targetHints":{"allow":["GET"]}}],"collection":[{"href":"https:\/\/maho.cl\/web\/wp-json\/wp\/v2\/pages"}],"about":[{"href":"https:\/\/maho.cl\/web\/wp-json\/wp\/v2\/types\/page"}],"author":[{"embeddable":true,"href":"https:\/\/maho.cl\/web\/wp-json\/wp\/v2\/users\/1"}],"replies":[{"embeddable":true,"href":"https:\/\/maho.cl\/web\/wp-json\/wp\/v2\/comments?post=14330"}],"version-history":[{"count":0,"href":"https:\/\/maho.cl\/web\/wp-json\/wp\/v2\/pages\/14330\/revisions"}],"wp:attachment":[{"href":"https:\/\/maho.cl\/web\/wp-json\/wp\/v2\/media?parent=14330"}],"curies":[{"name":"wp","href":"https:\/\/api.w.org\/{rel}","templated":true}]}}