{"id":14358,"date":"2022-04-11T13:37:08","date_gmt":"2022-04-11T17:37:08","guid":{"rendered":"https:\/\/maho.cl\/web2\/?page_id=14358"},"modified":"2022-04-11T13:37:08","modified_gmt":"2022-04-11T17:37:08","slug":"tramites-municipales-on-line","status":"publish","type":"page","link":"https:\/\/maho.cl\/web\/tramites-municipales-on-line\/","title":{"rendered":"Tr\u00e1mites Municipales On-Line"},"content":{"rendered":"\t\t<div data-elementor-type=\"wp-page\" data-elementor-id=\"14358\" class=\"elementor elementor-14358\">\n\t\t\t\t\t\t\t\t\t<section class=\"elementor-section elementor-top-section elementor-element elementor-element-be18144 elementor-section-full_width elementor-section-height-default elementor-section-height-default\" data-id=\"be18144\" data-element_type=\"section\">\n\t\t\t\t\t\t<div class=\"elementor-container elementor-column-gap-no\">\n\t\t\t\t\t<div class=\"elementor-column elementor-col-100 elementor-top-column elementor-element elementor-element-acb6d8a\" data-id=\"acb6d8a\" data-element_type=\"column\">\n\t\t\t<div class=\"elementor-widget-wrap elementor-element-populated\">\n\t\t\t\t\t\t\t\t<div class=\"elementor-element elementor-element-08f801d elementor-widget elementor-widget-ova_header\" data-id=\"08f801d\" data-element_type=\"widget\" data-widget_type=\"ova_header.default\">\n\t\t\t\t<div class=\"elementor-widget-container\">\n\t\t\t\t\t \t<!-- Display when you choose background per Post -->\n\t\t \t<div class=\"wrap_ova_header  left \"  >\n\n\t\t \t\t<div class=\"container\">\t\t\t \t\n\t\t\t\t \t<div class=\"cover_color\"><\/div>\n\n\t\t\t\t\t<div class=\"ova_header_el \">\n\t\t\t\t\t\t\n\t\t\t\t\t\t\t\t\t\t\t\t\n\t\t\t\t\t\t\t\t\t\t\t\t\t\t<h1 class=\"second_font header_title\">\n\t\t\t\t\t\t\t\tTr\u00e1mites Municipales On-Line\t\t\t\t\t\t\t<\/h1>\n\t\t\t\t\t\t\t\t\n\t\t\t\t\t\t\n\n\t\t\t\t\t\t\t\t\t\t\t\t\t<div class=\"ovatheme_breadcrumbs ovatheme_breadcrumbs_el\">\n\t\t\t\t\t\t\t\t<div id=\"breadcrumbs\"><ul class=\"breadcrumb\"><li><a href=\"https:\/\/maho.cl\/web\/\">Inicio<\/a><\/li> <li class=\"li_separator\"><span class=\"separator\"><\/span><\/li> <li>P\u00e1gina<\/li><\/ul><\/div>\t\t\t\t\t\t\t<\/div>\n\t\t\t\t\t\t\n\t\t\t\t\t<\/div>\n\n\t\t\t\t <\/div> \n\t\t\t<\/div>\n\t\t\t\t<\/div>\n\t\t\t\t<\/div>\n\t\t\t\t\t<\/div>\n\t\t<\/div>\n\t\t\t\t\t\t\t<\/div>\n\t\t<\/section>\n\t\t\t\t<section class=\"elementor-section elementor-top-section elementor-element elementor-element-eb6f102 elementor-section-boxed elementor-section-height-default elementor-section-height-default\" data-id=\"eb6f102\" data-element_type=\"section\" data-settings=\"{&quot;background_background&quot;:&quot;classic&quot;}\">\n\t\t\t\t\t\t<div class=\"elementor-container elementor-column-gap-default\">\n\t\t\t\t\t<div class=\"elementor-column elementor-col-100 elementor-top-column elementor-element elementor-element-b7dc6fc\" data-id=\"b7dc6fc\" data-element_type=\"column\">\n\t\t\t<div class=\"elementor-widget-wrap elementor-element-populated\">\n\t\t\t\t\t\t\t\t<div class=\"elementor-element elementor-element-4f2f036 elementor-widget elementor-widget-ova_heading\" data-id=\"4f2f036\" data-element_type=\"widget\" data-widget_type=\"ova_heading.default\">\n\t\t\t\t<div class=\"elementor-widget-container\">\n\t\t\t\t\t<div class=\"ova-heading\">\n\t\t\t\n\t\t\t\t\t\t\t<h3 class=\"title second_font\">Todos los tr\u00e1mites municipales a un solo click<\/h3>\n\t\t\t\n\t\t\t\n\t\t<\/div>\n\t\t\t\t<\/div>\n\t\t\t\t<\/div>\n\t\t\t\t\t<\/div>\n\t\t<\/div>\n\t\t\t\t\t\t\t<\/div>\n\t\t<\/section>\n\t\t\t\t<section class=\"elementor-section elementor-top-section elementor-element elementor-element-fb83ad5 elementor-section-boxed elementor-section-height-default elementor-section-height-default\" data-id=\"fb83ad5\" data-element_type=\"section\">\n\t\t\t\t\t\t<div class=\"elementor-container elementor-column-gap-default\">\n\t\t\t\t\t<div class=\"elementor-column elementor-col-100 elementor-top-column elementor-element elementor-element-395ce18\" data-id=\"395ce18\" data-element_type=\"column\">\n\t\t\t<div class=\"elementor-widget-wrap elementor-element-populated\">\n\t\t\t\t\t\t\t\t<div class=\"elementor-element elementor-element-453cff8 elementor-widget elementor-widget-spacer\" data-id=\"453cff8\" data-element_type=\"widget\" data-widget_type=\"spacer.default\">\n\t\t\t\t<div class=\"elementor-widget-container\">\n\t\t\t<style>\/*! elementor - v3.18.0 - 20-12-2023 *\/\n.elementor-column .elementor-spacer-inner{height:var(--spacer-size)}.e-con{--container-widget-width:100%}.e-con-inner>.elementor-widget-spacer,.e-con>.elementor-widget-spacer{width:var(--container-widget-width,var(--spacer-size));--align-self:var(--container-widget-align-self,initial);--flex-shrink:0}.e-con-inner>.elementor-widget-spacer>.elementor-widget-container,.e-con>.elementor-widget-spacer>.elementor-widget-container{height:100%;width:100%}.e-con-inner>.elementor-widget-spacer>.elementor-widget-container>.elementor-spacer,.e-con>.elementor-widget-spacer>.elementor-widget-container>.elementor-spacer{height:100%}.e-con-inner>.elementor-widget-spacer>.elementor-widget-container>.elementor-spacer>.elementor-spacer-inner,.e-con>.elementor-widget-spacer>.elementor-widget-container>.elementor-spacer>.elementor-spacer-inner{height:var(--container-widget-height,var(--spacer-size))}.e-con-inner>.elementor-widget-spacer.elementor-widget-empty,.e-con>.elementor-widget-spacer.elementor-widget-empty{position:relative;min-height:22px;min-width:22px}.e-con-inner>.elementor-widget-spacer.elementor-widget-empty .elementor-widget-empty-icon,.e-con>.elementor-widget-spacer.elementor-widget-empty .elementor-widget-empty-icon{position:absolute;top:0;bottom:0;left:0;right:0;margin:auto;padding:0;width:22px;height:22px}<\/style>\t\t<div class=\"elementor-spacer\">\n\t\t\t<div class=\"elementor-spacer-inner\"><\/div>\n\t\t<\/div>\n\t\t\t\t<\/div>\n\t\t\t\t<\/div>\n\t\t\t\t\t<\/div>\n\t\t<\/div>\n\t\t\t\t\t\t\t<\/div>\n\t\t<\/section>\n\t\t\t\t<section class=\"elementor-section elementor-top-section elementor-element elementor-element-582b302 elementor-section-boxed elementor-section-height-default elementor-section-height-default\" data-id=\"582b302\" data-element_type=\"section\">\n\t\t\t\t\t\t<div class=\"elementor-container elementor-column-gap-default\">\n\t\t\t\t\t<div class=\"elementor-column elementor-col-25 elementor-top-column elementor-element elementor-element-eedb4e6\" data-id=\"eedb4e6\" data-element_type=\"column\">\n\t\t\t<div class=\"elementor-widget-wrap elementor-element-populated\">\n\t\t\t\t\t\t\t\t<div class=\"elementor-element elementor-element-a7af338 elementor-widget elementor-widget-ova_feature_box\" data-id=\"a7af338\" data-element_type=\"widget\" data-widget_type=\"ova_feature_box.default\">\n\t\t\t\t<div class=\"elementor-widget-container\">\n\t\t\t\t\t<div class=\"ova_feature_box version_2\">\n\t\t\t<div class=\"ova-image\">\n\t\t\t\t<a href=\"https:\/\/ww17.e-com.cl\/Pagos\/PermisoCirculacion\/renovacion\/ecomv3\/?id=73\" title=\"Permiso de Circulaci\u00f3n\" target=&quot;_blank&quot;>\n\t\t\t\t\t\t\t\t\t\t\t\t\t\t\t\t<span class=\"lnr lnr-bus\"><\/span>\n\t\t\t\t\t\t\t\t\t<\/a>\n\t\t\t<\/div>\n\t\t\t<div class=\"ova-content\">\n\t\t\t\t<h3 class=\"title\">\n\t\t\t\t\t<a href=\"https:\/\/ww17.e-com.cl\/Pagos\/PermisoCirculacion\/renovacion\/ecomv3\/?id=73\" target=&quot;_blank&quot;>\n\t\t\t\t\t\tPermiso de Circulaci\u00f3n\t\t\t\t\t<\/a>\n\t\t\t\t<\/h3>\n\t\t\t\t\t\t\t\t\t\t\t\t<\/div>\n\n\t\t<\/div>\n\t\t\t\t<\/div>\n\t\t\t\t<\/div>\n\t\t\t\t<div class=\"elementor-element elementor-element-83b5b70 elementor-widget elementor-widget-ova_feature_box\" data-id=\"83b5b70\" data-element_type=\"widget\" data-widget_type=\"ova_feature_box.default\">\n\t\t\t\t<div class=\"elementor-widget-container\">\n\t\t\t\t\t<div class=\"ova_feature_box version_2\">\n\t\t\t<div class=\"ova-image\">\n\t\t\t\t<a href=\"https:\/\/sertex1.stonline.cl\/alto_hospicio\/juzgados\/principal.asp\" title=\"Juzgado Polic\u00eda Local Consultar Causas\" target=&quot;_blank&quot;>\n\t\t\t\t\t\t\t\t\t\t\t\t\t\t\t\t<span class=\"lnr lnr-layers\"><\/span>\n\t\t\t\t\t\t\t\t\t<\/a>\n\t\t\t<\/div>\n\t\t\t<div class=\"ova-content\">\n\t\t\t\t<h3 class=\"title\">\n\t\t\t\t\t<a href=\"https:\/\/sertex1.stonline.cl\/alto_hospicio\/juzgados\/principal.asp\" target=&quot;_blank&quot;>\n\t\t\t\t\t\tJuzgado Polic\u00eda Local Consultar Causas\t\t\t\t\t<\/a>\n\t\t\t\t<\/h3>\n\t\t\t\t\t\t\t\t\t\t\t\t<\/div>\n\n\t\t<\/div>\n\t\t\t\t<\/div>\n\t\t\t\t<\/div>\n\t\t\t\t\t<\/div>\n\t\t<\/div>\n\t\t\t\t<div class=\"elementor-column elementor-col-25 elementor-top-column elementor-element elementor-element-aecbf66\" data-id=\"aecbf66\" data-element_type=\"column\">\n\t\t\t<div class=\"elementor-widget-wrap elementor-element-populated\">\n\t\t\t\t\t\t\t\t<div class=\"elementor-element elementor-element-3529798 elementor-widget elementor-widget-ova_feature_box\" data-id=\"3529798\" data-element_type=\"widget\" data-widget_type=\"ova_feature_box.default\">\n\t\t\t\t<div class=\"elementor-widget-container\">\n\t\t\t\t\t<div class=\"ova_feature_box version_2\">\n\t\t\t<div class=\"ova-image\">\n\t\t\t\t<a href=\"https:\/\/sertex1.stonline.cl\/Alto_Hospicio\/ArchivosGenerales\/asp\/portal.asp\" title=\"Pago Partes Empadronados\" target=&quot;_blank&quot;>\n\t\t\t\t\t\t\t\t\t\t\t\t\t\t\t\t<span class=\"lnr lnr-license\"><\/span>\n\t\t\t\t\t\t\t\t\t<\/a>\n\t\t\t<\/div>\n\t\t\t<div class=\"ova-content\">\n\t\t\t\t<h3 class=\"title\">\n\t\t\t\t\t<a href=\"https:\/\/sertex1.stonline.cl\/Alto_Hospicio\/ArchivosGenerales\/asp\/portal.asp\" target=&quot;_blank&quot;>\n\t\t\t\t\t\tPago Partes Empadronados\t\t\t\t\t<\/a>\n\t\t\t\t<\/h3>\n\t\t\t\t\t\t\t\t\t\t\t\t<\/div>\n\n\t\t<\/div>\n\t\t\t\t<\/div>\n\t\t\t\t<\/div>\n\t\t\t\t<div class=\"elementor-element elementor-element-3c6c464 elementor-widget elementor-widget-ova_feature_box\" data-id=\"3c6c464\" data-element_type=\"widget\" data-widget_type=\"ova_feature_box.default\">\n\t\t\t\t<div class=\"elementor-widget-container\">\n\t\t\t\t\t<div class=\"ova_feature_box version_2\">\n\t\t\t<div class=\"ova-image\">\n\t\t\t\t<a href=\"https:\/\/sertex1.stonline.cl\/Alto_Hospicio\/OIRS\/Ficha_Ciudadana\" title=\"Juzgado Polic\u00eda Local Ingreso Oirs JPL\" target=&quot;_blank&quot;>\n\t\t\t\t\t\t\t\t\t\t\t\t\t\t\t\t<span class=\"lnr lnr-database\"><\/span>\n\t\t\t\t\t\t\t\t\t<\/a>\n\t\t\t<\/div>\n\t\t\t<div class=\"ova-content\">\n\t\t\t\t<h3 class=\"title\">\n\t\t\t\t\t<a href=\"https:\/\/sertex1.stonline.cl\/Alto_Hospicio\/OIRS\/Ficha_Ciudadana\" target=&quot;_blank&quot;>\n\t\t\t\t\t\tJuzgado Polic\u00eda Local Ingreso Oirs JPL\t\t\t\t\t<\/a>\n\t\t\t\t<\/h3>\n\t\t\t\t\t\t\t\t\t\t\t\t<\/div>\n\n\t\t<\/div>\n\t\t\t\t<\/div>\n\t\t\t\t<\/div>\n\t\t\t\t\t<\/div>\n\t\t<\/div>\n\t\t\t\t<div class=\"elementor-column elementor-col-25 elementor-top-column elementor-element elementor-element-72f7b76\" data-id=\"72f7b76\" data-element_type=\"column\">\n\t\t\t<div class=\"elementor-widget-wrap elementor-element-populated\">\n\t\t\t\t\t\t\t\t<div class=\"elementor-element elementor-element-f6cd83e elementor-widget elementor-widget-ova_feature_box\" data-id=\"f6cd83e\" data-element_type=\"widget\" data-widget_type=\"ova_feature_box.default\">\n\t\t\t\t<div class=\"elementor-widget-container\">\n\t\t\t\t\t<div class=\"ova_feature_box version_2\">\n\t\t\t<div class=\"ova-image\">\n\t\t\t\t<a href=\"https:\/\/ww2.e-com.cl\/Pagos\/PatentesComerciales\/Pago%20Patentes\/onlinev3\/inicio.asp?codMunic=73\" title=\"Pago de Patentes Comerciales\" target=&quot;_blank&quot;>\n\t\t\t\t\t\t\t\t\t\t\t\t\t\t\t\t<span class=\"lnr lnr-checkmark-circle\"><\/span>\n\t\t\t\t\t\t\t\t\t<\/a>\n\t\t\t<\/div>\n\t\t\t<div class=\"ova-content\">\n\t\t\t\t<h3 class=\"title\">\n\t\t\t\t\t<a href=\"https:\/\/ww2.e-com.cl\/Pagos\/PatentesComerciales\/Pago%20Patentes\/onlinev3\/inicio.asp?codMunic=73\" target=&quot;_blank&quot;>\n\t\t\t\t\t\tPago de Patentes Comerciales\t\t\t\t\t<\/a>\n\t\t\t\t<\/h3>\n\t\t\t\t\t\t\t\t\t\t\t\t<\/div>\n\n\t\t<\/div>\n\t\t\t\t<\/div>\n\t\t\t\t<\/div>\n\t\t\t\t<div class=\"elementor-element elementor-element-bd1cdee elementor-widget elementor-widget-ova_feature_box\" data-id=\"bd1cdee\" data-element_type=\"widget\" data-widget_type=\"ova_feature_box.default\">\n\t\t\t\t<div class=\"elementor-widget-container\">\n\t\t\t\t\t<div class=\"ova_feature_box version_2\">\n\t\t\t<div class=\"ova-image\">\n\t\t\t\t<a href=\"https:\/\/ww2.e-com.cl\/Pagos\/PagosVariosv3\/?id=73\" title=\"Pago Derechos Varios\" target=&quot;_blank&quot;>\n\t\t\t\t\t\t\t\t\t\t\t\t\t\t\t\t<span class=\"lnr lnr-apartment\"><\/span>\n\t\t\t\t\t\t\t\t\t<\/a>\n\t\t\t<\/div>\n\t\t\t<div class=\"ova-content\">\n\t\t\t\t<h3 class=\"title\">\n\t\t\t\t\t<a href=\"https:\/\/ww2.e-com.cl\/Pagos\/PagosVariosv3\/?id=73\" target=&quot;_blank&quot;>\n\t\t\t\t\t\tPago Derechos Varios\t\t\t\t\t<\/a>\n\t\t\t\t<\/h3>\n\t\t\t\t\t\t\t\t\t\t\t\t<\/div>\n\n\t\t<\/div>\n\t\t\t\t<\/div>\n\t\t\t\t<\/div>\n\t\t\t\t\t<\/div>\n\t\t<\/div>\n\t\t\t\t<div class=\"elementor-column elementor-col-25 elementor-top-column elementor-element elementor-element-f2c0820\" data-id=\"f2c0820\" data-element_type=\"column\">\n\t\t\t<div class=\"elementor-widget-wrap elementor-element-populated\">\n\t\t\t\t\t\t\t\t<div class=\"elementor-element elementor-element-0a291ac elementor-widget elementor-widget-ova_feature_box\" data-id=\"0a291ac\" data-element_type=\"widget\" data-widget_type=\"ova_feature_box.default\">\n\t\t\t\t<div class=\"elementor-widget-container\">\n\t\t\t\t\t<div class=\"ova_feature_box version_2\">\n\t\t\t<div class=\"ova-image\">\n\t\t\t\t<a href=\"https:\/\/ww17.e-com.cl\/Pagos\/PermisoCirculacion\/renovacion\/validacionpermiso.asp?codmunic=73\" title=\"Validaci\u00f3n Permisos de Circulaci\u00f3n\" target=&quot;_blank&quot;>\n\t\t\t\t\t\t\t\t\t\t\t\t\t\t\t\t<span class=\"lnr lnr-checkmark-circle\"><\/span>\n\t\t\t\t\t\t\t\t\t<\/a>\n\t\t\t<\/div>\n\t\t\t<div class=\"ova-content\">\n\t\t\t\t<h3 class=\"title\">\n\t\t\t\t\t<a href=\"https:\/\/ww17.e-com.cl\/Pagos\/PermisoCirculacion\/renovacion\/validacionpermiso.asp?codmunic=73\" target=&quot;_blank&quot;>\n\t\t\t\t\t\tValidaci\u00f3n Permisos de Circulaci\u00f3n\t\t\t\t\t<\/a>\n\t\t\t\t<\/h3>\n\t\t\t\t\t\t\t\t\t\t\t\t<\/div>\n\n\t\t<\/div>\n\t\t\t\t<\/div>\n\t\t\t\t<\/div>\n\t\t\t\t<div class=\"elementor-element elementor-element-b0c2aa2 elementor-widget elementor-widget-ova_feature_box\" data-id=\"b0c2aa2\" data-element_type=\"widget\" data-widget_type=\"ova_feature_box.default\">\n\t\t\t\t<div class=\"elementor-widget-container\">\n\t\t\t\t\t<div class=\"ova_feature_box version_2\">\n\t\t\t<div class=\"ova-image\">\n\t\t\t\t<a href=\"https:\/\/ww2.e-com.cl\/Pagos\/DerechodeAseo\/onlinev4\/inicio.asp?codmunic=73\" title=\"Derechos de Aseo Municipal\" target=&quot;_blank&quot;>\n\t\t\t\t\t\t\t\t\t\t\t\t\t\t\t\t<span class=\"lnr lnr-leaf\"><\/span>\n\t\t\t\t\t\t\t\t\t<\/a>\n\t\t\t<\/div>\n\t\t\t<div class=\"ova-content\">\n\t\t\t\t<h3 class=\"title\">\n\t\t\t\t\t<a href=\"https:\/\/ww2.e-com.cl\/Pagos\/DerechodeAseo\/onlinev4\/inicio.asp?codmunic=73\" target=&quot;_blank&quot;>\n\t\t\t\t\t\tDerechos de Aseo Municipal\t\t\t\t\t<\/a>\n\t\t\t\t<\/h3>\n\t\t\t\t\t\t\t\t\t\t\t\t<\/div>\n\n\t\t<\/div>\n\t\t\t\t<\/div>\n\t\t\t\t<\/div>\n\t\t\t\t\t<\/div>\n\t\t<\/div>\n\t\t\t\t\t\t\t<\/div>\n\t\t<\/section>\n\t\t\t\t<section class=\"elementor-section elementor-top-section elementor-element elementor-element-d5a3ec9 elementor-section-boxed elementor-section-height-default elementor-section-height-default\" data-id=\"d5a3ec9\" data-element_type=\"section\">\n\t\t\t\t\t\t<div class=\"elementor-container elementor-column-gap-default\">\n\t\t\t\t\t<div class=\"elementor-column elementor-col-100 elementor-top-column elementor-element elementor-element-17c7596\" data-id=\"17c7596\" data-element_type=\"column\">\n\t\t\t<div class=\"elementor-widget-wrap elementor-element-populated\">\n\t\t\t\t\t\t\t\t<div class=\"elementor-element elementor-element-0e5658b elementor-widget elementor-widget-spacer\" data-id=\"0e5658b\" data-element_type=\"widget\" data-widget_type=\"spacer.default\">\n\t\t\t\t<div class=\"elementor-widget-container\">\n\t\t\t\t\t<div class=\"elementor-spacer\">\n\t\t\t<div class=\"elementor-spacer-inner\"><\/div>\n\t\t<\/div>\n\t\t\t\t<\/div>\n\t\t\t\t<\/div>\n\t\t\t\t\t<\/div>\n\t\t<\/div>\n\t\t\t\t\t\t\t<\/div>\n\t\t<\/section>\n\t\t\t\t\t\t\t<\/div>\n\t\t","protected":false},"excerpt":{"rendered":"<p>Tr\u00e1mites Municipales On-Line Inicio P\u00e1gina Todos los tr\u00e1mites municipales a un solo click Permiso de Circulaci\u00f3n Juzgado Polic\u00eda Local Consultar Causas Pago Partes Empadronados Juzgado Polic\u00eda Local Ingreso Oirs JPL Pago de Patentes Comerciales Pago Derechos Varios Validaci\u00f3n Permisos de Circulaci\u00f3n Derechos de Aseo Municipal<\/p>\n","protected":false},"author":1,"featured_media":0,"parent":0,"menu_order":0,"comment_status":"closed","ping_status":"closed","template":"elementor_header_footer","meta":{"_monsterinsights_skip_tracking":false,"_monsterinsights_sitenote_active":false,"_monsterinsights_sitenote_note":"","_monsterinsights_sitenote_category":0,"footnotes":""},"class_list":["post-14358","page","type-page","status-publish","hentry"],"_links":{"self":[{"href":"https:\/\/maho.cl\/web\/wp-json\/wp\/v2\/pages\/14358","targetHints":{"allow":["GET"]}}],"collection":[{"href":"https:\/\/maho.cl\/web\/wp-json\/wp\/v2\/pages"}],"about":[{"href":"https:\/\/maho.cl\/web\/wp-json\/wp\/v2\/types\/page"}],"author":[{"embeddable":true,"href":"https:\/\/maho.cl\/web\/wp-json\/wp\/v2\/users\/1"}],"replies":[{"embeddable":true,"href":"https:\/\/maho.cl\/web\/wp-json\/wp\/v2\/comments?post=14358"}],"version-history":[{"count":0,"href":"https:\/\/maho.cl\/web\/wp-json\/wp\/v2\/pages\/14358\/revisions"}],"wp:attachment":[{"href":"https:\/\/maho.cl\/web\/wp-json\/wp\/v2\/media?parent=14358"}],"curies":[{"name":"wp","href":"https:\/\/api.w.org\/{rel}","templated":true}]}}