{"id":15201,"date":"2022-05-16T09:50:44","date_gmt":"2022-05-16T13:50:44","guid":{"rendered":"https:\/\/maho.cl\/web2\/?page_id=15201"},"modified":"2026-02-26T12:19:59","modified_gmt":"2026-02-26T15:19:59","slug":"car","status":"publish","type":"page","link":"https:\/\/maho.cl\/web\/car\/","title":{"rendered":"CAR"},"content":{"rendered":"\t\t<div data-elementor-type=\"wp-page\" data-elementor-id=\"15201\" class=\"elementor elementor-15201\">\n\t\t\t\t\t\t\t\t\t<section class=\"elementor-section elementor-top-section elementor-element elementor-element-0d08dda elementor-section-full_width elementor-section-height-default elementor-section-height-default\" data-id=\"0d08dda\" data-element_type=\"section\">\n\t\t\t\t\t\t<div class=\"elementor-container elementor-column-gap-no\">\n\t\t\t\t\t<div class=\"elementor-column elementor-col-100 elementor-top-column elementor-element elementor-element-e06c91b\" data-id=\"e06c91b\" data-element_type=\"column\">\n\t\t\t<div class=\"elementor-widget-wrap elementor-element-populated\">\n\t\t\t\t\t\t\t\t<div class=\"elementor-element elementor-element-419c13e elementor-widget elementor-widget-ova_header\" data-id=\"419c13e\" data-element_type=\"widget\" data-widget_type=\"ova_header.default\">\n\t\t\t\t<div class=\"elementor-widget-container\">\n\t\t\t\t\t \t<!-- Display when you choose background per Post -->\n\t\t \t<div class=\"wrap_ova_header  left \"  >\n\n\t\t \t\t<div class=\"container\">\t\t\t \t\n\t\t\t\t \t<div class=\"cover_color\"><\/div>\n\n\t\t\t\t\t<div class=\"ova_header_el \">\n\t\t\t\t\t\t\n\t\t\t\t\t\t\t\t\t\t\t\t\n\t\t\t\t\t\t\t\t\t\t\t\t\t\t<h1 class=\"second_font header_title\">\n\t\t\t\t\t\t\t\tCAR\t\t\t\t\t\t\t<\/h1>\n\t\t\t\t\t\t\t\t\n\t\t\t\t\t\t\n\n\t\t\t\t\t\t\t\t\t\t\t\t\t<div class=\"ovatheme_breadcrumbs ovatheme_breadcrumbs_el\">\n\t\t\t\t\t\t\t\t<div id=\"breadcrumbs\"><ul class=\"breadcrumb\"><li><a href=\"https:\/\/maho.cl\/web\/\">Inicio<\/a><\/li> <li class=\"li_separator\"><span class=\"separator\"><\/span><\/li> <li>P\u00e1gina<\/li><\/ul><\/div>\t\t\t\t\t\t\t<\/div>\n\t\t\t\t\t\t\n\t\t\t\t\t<\/div>\n\n\t\t\t\t <\/div> \n\t\t\t<\/div>\n\t\t\t\t<\/div>\n\t\t\t\t<\/div>\n\t\t\t\t\t<\/div>\n\t\t<\/div>\n\t\t\t\t\t\t\t<\/div>\n\t\t<\/section>\n\t\t\t\t<section class=\"elementor-section elementor-top-section elementor-element elementor-element-63f9b2e elementor-section-boxed elementor-section-height-default elementor-section-height-default\" data-id=\"63f9b2e\" data-element_type=\"section\" data-settings=\"{&quot;background_background&quot;:&quot;classic&quot;}\">\n\t\t\t\t\t\t<div class=\"elementor-container elementor-column-gap-default\">\n\t\t\t\t\t<div class=\"elementor-column elementor-col-100 elementor-top-column elementor-element elementor-element-ca74dd1\" data-id=\"ca74dd1\" data-element_type=\"column\">\n\t\t\t<div class=\"elementor-widget-wrap elementor-element-populated\">\n\t\t\t\t\t\t\t\t<div class=\"elementor-element elementor-element-eee01c6 elementor-widget elementor-widget-ova_heading\" data-id=\"eee01c6\" data-element_type=\"widget\" data-widget_type=\"ova_heading.default\">\n\t\t\t\t<div class=\"elementor-widget-container\">\n\t\t\t\t\t<div class=\"ova-heading\">\n\t\t\t\n\t\t\t\t\t\t\t<h3 class=\"title second_font\">Centro de Alto Rendimiento de Alto Hospicio<\/h3>\n\t\t\t\n\t\t\t\n\t\t<\/div>\n\t\t\t\t<\/div>\n\t\t\t\t<\/div>\n\t\t\t\t\t<\/div>\n\t\t<\/div>\n\t\t\t\t\t\t\t<\/div>\n\t\t<\/section>\n\t\t\t\t<section class=\"elementor-section elementor-top-section elementor-element elementor-element-97bbcc5 elementor-section-boxed elementor-section-height-default elementor-section-height-default\" data-id=\"97bbcc5\" data-element_type=\"section\">\n\t\t\t\t\t\t<div class=\"elementor-container elementor-column-gap-default\">\n\t\t\t\t\t<div class=\"elementor-column elementor-col-100 elementor-top-column elementor-element elementor-element-d124096\" data-id=\"d124096\" data-element_type=\"column\">\n\t\t\t<div class=\"elementor-widget-wrap\">\n\t\t\t\t\t\t\t\t\t<\/div>\n\t\t<\/div>\n\t\t\t\t\t\t\t<\/div>\n\t\t<\/section>\n\t\t\t\t<section class=\"elementor-section elementor-top-section elementor-element elementor-element-5233f2c elementor-section-boxed elementor-section-height-default elementor-section-height-default\" data-id=\"5233f2c\" data-element_type=\"section\" data-settings=\"{&quot;background_background&quot;:&quot;classic&quot;}\">\n\t\t\t\t\t\t<div class=\"elementor-container elementor-column-gap-default\">\n\t\t\t\t\t<div class=\"elementor-column elementor-col-50 elementor-top-column elementor-element elementor-element-2340eb4\" data-id=\"2340eb4\" data-element_type=\"column\">\n\t\t\t<div class=\"elementor-widget-wrap elementor-element-populated\">\n\t\t\t\t\t\t\t\t<div class=\"elementor-element elementor-element-0e8b801 elementor-widget elementor-widget-spacer\" data-id=\"0e8b801\" data-element_type=\"widget\" data-widget_type=\"spacer.default\">\n\t\t\t\t<div class=\"elementor-widget-container\">\n\t\t\t<style>\/*! elementor - v3.18.0 - 20-12-2023 *\/\n.elementor-column .elementor-spacer-inner{height:var(--spacer-size)}.e-con{--container-widget-width:100%}.e-con-inner>.elementor-widget-spacer,.e-con>.elementor-widget-spacer{width:var(--container-widget-width,var(--spacer-size));--align-self:var(--container-widget-align-self,initial);--flex-shrink:0}.e-con-inner>.elementor-widget-spacer>.elementor-widget-container,.e-con>.elementor-widget-spacer>.elementor-widget-container{height:100%;width:100%}.e-con-inner>.elementor-widget-spacer>.elementor-widget-container>.elementor-spacer,.e-con>.elementor-widget-spacer>.elementor-widget-container>.elementor-spacer{height:100%}.e-con-inner>.elementor-widget-spacer>.elementor-widget-container>.elementor-spacer>.elementor-spacer-inner,.e-con>.elementor-widget-spacer>.elementor-widget-container>.elementor-spacer>.elementor-spacer-inner{height:var(--container-widget-height,var(--spacer-size))}.e-con-inner>.elementor-widget-spacer.elementor-widget-empty,.e-con>.elementor-widget-spacer.elementor-widget-empty{position:relative;min-height:22px;min-width:22px}.e-con-inner>.elementor-widget-spacer.elementor-widget-empty .elementor-widget-empty-icon,.e-con>.elementor-widget-spacer.elementor-widget-empty .elementor-widget-empty-icon{position:absolute;top:0;bottom:0;left:0;right:0;margin:auto;padding:0;width:22px;height:22px}<\/style>\t\t<div class=\"elementor-spacer\">\n\t\t\t<div class=\"elementor-spacer-inner\"><\/div>\n\t\t<\/div>\n\t\t\t\t<\/div>\n\t\t\t\t<\/div>\n\t\t\t\t<div class=\"elementor-element elementor-element-4e5a667 elementor-widget elementor-widget-heading\" data-id=\"4e5a667\" data-element_type=\"widget\" data-widget_type=\"heading.default\">\n\t\t\t\t<div class=\"elementor-widget-container\">\n\t\t\t<style>\/*! elementor - v3.18.0 - 20-12-2023 *\/\n.elementor-heading-title{padding:0;margin:0;line-height:1}.elementor-widget-heading .elementor-heading-title[class*=elementor-size-]>a{color:inherit;font-size:inherit;line-height:inherit}.elementor-widget-heading .elementor-heading-title.elementor-size-small{font-size:15px}.elementor-widget-heading .elementor-heading-title.elementor-size-medium{font-size:19px}.elementor-widget-heading .elementor-heading-title.elementor-size-large{font-size:29px}.elementor-widget-heading .elementor-heading-title.elementor-size-xl{font-size:39px}.elementor-widget-heading .elementor-heading-title.elementor-size-xxl{font-size:59px}<\/style><h4 class=\"elementor-heading-title elementor-size-default\">Contacto<\/h4>\t\t<\/div>\n\t\t\t\t<\/div>\n\t\t\t\t<div class=\"elementor-element elementor-element-256c8ae elementor-widget-tablet__width-inherit elementor-widget elementor-widget-ova_contact_info\" data-id=\"256c8ae\" data-element_type=\"widget\" data-widget_type=\"ova_contact_info.default\">\n\t\t\t\t<div class=\"elementor-widget-container\">\n\t\t\t\t\t<div class=\"ova-contact-info type1\">\n\n\t\t\t<div class=\"icon\">\n\t\t\t\t<i class=\"fas fa-map-marker-alt\"><\/i>\t\t\t<\/div>\n\n\t\t\t\t\t\t\t<div class=\"address\">\n\t\t\t\t\t\t\t\t\t\t\t\t\t\t\t<span class=\"text_link\"><a href='tel:'> <span>Calle Francia con Nepal<\/span><\/a><\/span>\n\t\t\t\t<\/div>\n\t\t\t\t\t\t\n\t\t<\/div>\n\t\t\t\t<\/div>\n\t\t\t\t<\/div>\n\t\t\t\t<div class=\"elementor-element elementor-element-3eb310d elementor-widget-tablet__width-inherit elementor-widget elementor-widget-ova_contact_info\" data-id=\"3eb310d\" data-element_type=\"widget\" data-widget_type=\"ova_contact_info.default\">\n\t\t\t\t<div class=\"elementor-widget-container\">\n\t\t\t\t\t<div class=\"ova-contact-info type1\">\n\n\t\t\t<div class=\"icon\">\n\t\t\t\t<i class=\"fas fa-phone-alt\"><\/i>\t\t\t<\/div>\n\n\t\t\t\t\t\t\t<div class=\"address\">\n\t\t\t\t\t\t\t\t\t\t\t\t\t\t\t<span class=\"text_link\"><a href='tel:'>Tel\u00e9fono: <span>57 42964473<\/span><\/a><\/span>\n\t\t\t\t<\/div>\n\t\t\t\t\t\t\n\t\t<\/div>\n\t\t\t\t<\/div>\n\t\t\t\t<\/div>\n\t\t\t\t<div class=\"elementor-element elementor-element-4ec66ef elementor-widget-tablet__width-inherit elementor-widget elementor-widget-ova_contact_info\" data-id=\"4ec66ef\" data-element_type=\"widget\" data-widget_type=\"ova_contact_info.default\">\n\t\t\t\t<div class=\"elementor-widget-container\">\n\t\t\t\t\t<div class=\"ova-contact-info type1\">\n\n\t\t\t<div class=\"icon\">\n\t\t\t\t<i class=\"fas fa-envelope\"><\/i>\t\t\t<\/div>\n\n\t\t\t\t\t\t\t<div class=\"address\">\n\t\t\t\t\t\t\t\t\t\t\t\t\t\t\t<span class=\"text_link\"><a href='mailto:'>Email: <span>deportes@maho.cl<\/span><\/a><\/span>\n\t\t\t\t<\/div>\n\t\t\t\t\t\t\n\t\t<\/div>\n\t\t\t\t<\/div>\n\t\t\t\t<\/div>\n\t\t\t\t<div class=\"elementor-element elementor-element-c129b78 elementor-widget elementor-widget-spacer\" data-id=\"c129b78\" data-element_type=\"widget\" data-widget_type=\"spacer.default\">\n\t\t\t\t<div class=\"elementor-widget-container\">\n\t\t\t\t\t<div class=\"elementor-spacer\">\n\t\t\t<div class=\"elementor-spacer-inner\"><\/div>\n\t\t<\/div>\n\t\t\t\t<\/div>\n\t\t\t\t<\/div>\n\t\t\t\t<div class=\"elementor-element elementor-element-168bec8 elementor-widget__width-auto elementor-widget elementor-widget-ova_social\" data-id=\"168bec8\" data-element_type=\"widget\" data-widget_type=\"ova_social.default\">\n\t\t\t\t<div class=\"elementor-widget-container\">\n\t\t\t\n\t\t<div class=\"ova_social ova-framework-social-icons-wrapper\">\n\t\t\t<div class=\"content\">\n\t\t\t\t\n\t\t\t\t\t\t\t\t\t\t<a class=\"ova-framework-icon ova-framework-social-icon ova-framework-social-icon-facebook-square\" style=\" background-color: #3B5998\" href=\"#\" target=\"_blank\">\n\t\t\t\t\t\t<span class=\"ova-framework-screen-only\">Facebook-square<\/span>\n\t\t\t\t\t\t<i class=\"fa fa-facebook-square\" style=\" color: #FFFFFF\"><\/i>\n\t\t\t\t\t<\/a>\n\t\t\t\t\n\t\t\t\t\t\t\t\t\t\t<a class=\"ova-framework-icon ova-framework-social-icon ova-framework-social-icon-twitter\" style=\" background-color: #18A6F0\" href=\"#\" target=\"_blank\">\n\t\t\t\t\t\t<span class=\"ova-framework-screen-only\">Twitter<\/span>\n\t\t\t\t\t\t<i class=\"fa fa-twitter\" style=\" color: #FFFFFF\"><\/i>\n\t\t\t\t\t<\/a>\n\t\t\t\t\n\t\t\t\t\t\t\t\t\t\t<a class=\"ova-framework-icon ova-framework-social-icon ova-framework-social-icon-instagram\" style=\" background-color: #4C5FD7\" href=\"#\" target=\"_blank\">\n\t\t\t\t\t\t<span class=\"ova-framework-screen-only\">Instagram<\/span>\n\t\t\t\t\t\t<i class=\"fa fa-instagram\" style=\" color: #FFFFFF\"><\/i>\n\t\t\t\t\t<\/a>\n\t\t\t\t\n\t\t\t\t\t\t\t\t\t\t<a class=\"ova-framework-icon ova-framework-social-icon ova-framework-social-icon-youtube\" style=\" background-color: #FF0000\" href=\"#\" target=\"_blank\">\n\t\t\t\t\t\t<span class=\"ova-framework-screen-only\">Youtube<\/span>\n\t\t\t\t\t\t<i class=\"fa fa-youtube\" style=\" color: #FFFFFF\"><\/i>\n\t\t\t\t\t<\/a>\n\t\t\t\t\t\t\t<\/div>\n\t\t<\/div>\n\t\t\n\t\t\t\t<\/div>\n\t\t\t\t<\/div>\n\t\t\t\t<div class=\"elementor-element elementor-element-a7c293c elementor-widget elementor-widget-spacer\" data-id=\"a7c293c\" data-element_type=\"widget\" data-widget_type=\"spacer.default\">\n\t\t\t\t<div class=\"elementor-widget-container\">\n\t\t\t\t\t<div class=\"elementor-spacer\">\n\t\t\t<div class=\"elementor-spacer-inner\"><\/div>\n\t\t<\/div>\n\t\t\t\t<\/div>\n\t\t\t\t<\/div>\n\t\t\t\t<div class=\"elementor-element elementor-element-a33cab6 elementor-widget elementor-widget-image\" data-id=\"a33cab6\" data-element_type=\"widget\" data-widget_type=\"image.default\">\n\t\t\t\t<div class=\"elementor-widget-container\">\n\t\t\t<style>\/*! elementor - v3.18.0 - 20-12-2023 *\/\n.elementor-widget-image{text-align:center}.elementor-widget-image a{display:inline-block}.elementor-widget-image a img[src$=\".svg\"]{width:48px}.elementor-widget-image img{vertical-align:middle;display:inline-block}<\/style>\t\t\t\t\t\t\t\t\t\t\t\t<img decoding=\"async\" width=\"200\" height=\"195\" src=\"https:\/\/maho.cl\/web\/wp-content\/uploads\/2016\/05\/SUPERMAHOCDR2del.png\" class=\"attachment-large size-large wp-image-6167\" alt=\"\" \/>\t\t\t\t\t\t\t\t\t\t\t\t\t\t\t<\/div>\n\t\t\t\t<\/div>\n\t\t\t\t\t<\/div>\n\t\t<\/div>\n\t\t\t\t<div class=\"elementor-column elementor-col-50 elementor-top-column elementor-element elementor-element-9c46970\" data-id=\"9c46970\" data-element_type=\"column\">\n\t\t\t<div class=\"elementor-widget-wrap elementor-element-populated\">\n\t\t\t\t\t\t\t\t<div class=\"elementor-element elementor-element-139d29c elementor-widget elementor-widget-heading\" data-id=\"139d29c\" data-element_type=\"widget\" data-widget_type=\"heading.default\">\n\t\t\t\t<div class=\"elementor-widget-container\">\n\t\t\t<h2 class=\"elementor-heading-title elementor-size-default\">\u00bfQuienes Somos?<\/h2>\t\t<\/div>\n\t\t\t\t<\/div>\n\t\t\t\t<div class=\"elementor-element elementor-element-43d199c elementor-widget elementor-widget-text-editor\" data-id=\"43d199c\" data-element_type=\"widget\" data-widget_type=\"text-editor.default\">\n\t\t\t\t<div class=\"elementor-widget-container\">\n\t\t\t<style>\/*! elementor - v3.18.0 - 20-12-2023 *\/\n.elementor-widget-text-editor.elementor-drop-cap-view-stacked .elementor-drop-cap{background-color:#69727d;color:#fff}.elementor-widget-text-editor.elementor-drop-cap-view-framed .elementor-drop-cap{color:#69727d;border:3px solid;background-color:transparent}.elementor-widget-text-editor:not(.elementor-drop-cap-view-default) .elementor-drop-cap{margin-top:8px}.elementor-widget-text-editor:not(.elementor-drop-cap-view-default) .elementor-drop-cap-letter{width:1em;height:1em}.elementor-widget-text-editor .elementor-drop-cap{float:left;text-align:center;line-height:1;font-size:50px}.elementor-widget-text-editor .elementor-drop-cap-letter{display:inline-block}<\/style>\t\t\t\t<p>El Centro de Alto Rendimiento (CAR), es un recinto deportivo perteneciente a la Municipalidad de Alto Hospicio, cuyo principal objetivo es establecer condiciones de salud-f\u00edsica para que personas de la comuna y la regi\u00f3n puedan acceder a actividades deportivas que les permitan mejorar y mantener su capacidad f\u00edsica y de salud.<\/p><p>Conscientes de que el deporte es una gran v\u00eda para el desarrollo de valores y principios, es que adem\u00e1s este reciento deportivo, permite combatir el sedentarismo, la obesidad, el ocio y alejar a los j\u00f3venes de los vicios que aquejan a nuestra comunidad.<\/p><p>En el mes de Diciembre de 2015, se inaugur\u00f3 este Centro de Alto Rendimiento, un recinto que ofrece m\u00faltiples alternativas para los ni\u00f1os, j\u00f3venes y adultos.<\/p><p>Actualmente este centro cuenta con un gimnasio de musculaci\u00f3n, m\u00e1quinas para hacer ejercicios, spinning, pilates, yoga, judo, k\u00e1rate, taekwondo, gimnasio cardiovascular, de gimnasia aer\u00f3bica, canchas de tenis, cancha de futbolito de pasto sint\u00e9tico, canchas de baloncesto, de v\u00f3leibol y de bal\u00f3n mano. Adem\u00e1s, de un gimnasio para box y dos piscinas.<\/p>\t\t\t\t\t\t<\/div>\n\t\t\t\t<\/div>\n\t\t\t\t\t<\/div>\n\t\t<\/div>\n\t\t\t\t\t\t\t<\/div>\n\t\t<\/section>\n\t\t\t\t<section class=\"elementor-section elementor-top-section elementor-element elementor-element-8e45d4d elementor-section-boxed elementor-section-height-default elementor-section-height-default\" data-id=\"8e45d4d\" data-element_type=\"section\">\n\t\t\t\t\t\t<div class=\"elementor-container elementor-column-gap-default\">\n\t\t\t\t\t<div class=\"elementor-column elementor-col-100 elementor-top-column elementor-element elementor-element-e25fdb1\" data-id=\"e25fdb1\" data-element_type=\"column\">\n\t\t\t<div class=\"elementor-widget-wrap elementor-element-populated\">\n\t\t\t\t\t\t\t\t<div class=\"elementor-element elementor-element-a63a51a elementor-widget elementor-widget-image\" data-id=\"a63a51a\" data-element_type=\"widget\" data-widget_type=\"image.default\">\n\t\t\t\t<div class=\"elementor-widget-container\">\n\t\t\t\t\t\t\t\t\t\t\t\t\t\t\t<img fetchpriority=\"high\" decoding=\"async\" width=\"1024\" height=\"911\" src=\"https:\/\/maho.cl\/web\/wp-content\/uploads\/2016\/03\/carimage-1024x911.jpg\" class=\"attachment-large size-large wp-image-6164\" alt=\"\" srcset=\"https:\/\/maho.cl\/web\/wp-content\/uploads\/2016\/03\/carimage-1024x911.jpg 1024w, https:\/\/maho.cl\/web\/wp-content\/uploads\/2016\/03\/carimage-300x267.jpg 300w, https:\/\/maho.cl\/web\/wp-content\/uploads\/2016\/03\/carimage-768x683.jpg 768w, https:\/\/maho.cl\/web\/wp-content\/uploads\/2016\/03\/carimage-1536x1366.jpg 1536w, https:\/\/maho.cl\/web\/wp-content\/uploads\/2016\/03\/carimage-2048x1821.jpg 2048w, https:\/\/maho.cl\/web\/wp-content\/uploads\/2016\/03\/carimage-600x534.jpg 600w, https:\/\/maho.cl\/web\/wp-content\/uploads\/2016\/03\/carimage-560x498.jpg 560w\" sizes=\"(max-width: 1024px) 100vw, 1024px\" \/>\t\t\t\t\t\t\t\t\t\t\t\t\t\t\t<\/div>\n\t\t\t\t<\/div>\n\t\t\t\t\t<\/div>\n\t\t<\/div>\n\t\t\t\t\t\t\t<\/div>\n\t\t<\/section>\n\t\t\t\t<section class=\"elementor-section elementor-top-section elementor-element elementor-element-cec623c elementor-section-boxed elementor-section-height-default elementor-section-height-default\" data-id=\"cec623c\" data-element_type=\"section\">\n\t\t\t\t\t\t<div class=\"elementor-container elementor-column-gap-default\">\n\t\t\t\t\t<div class=\"elementor-column elementor-col-100 elementor-top-column elementor-element elementor-element-710ede8\" data-id=\"710ede8\" data-element_type=\"column\">\n\t\t\t<div class=\"elementor-widget-wrap elementor-element-populated\">\n\t\t\t\t\t\t\t\t<div class=\"elementor-element elementor-element-7bac590 elementor-widget elementor-widget-spacer\" data-id=\"7bac590\" data-element_type=\"widget\" data-widget_type=\"spacer.default\">\n\t\t\t\t<div class=\"elementor-widget-container\">\n\t\t\t\t\t<div class=\"elementor-spacer\">\n\t\t\t<div class=\"elementor-spacer-inner\"><\/div>\n\t\t<\/div>\n\t\t\t\t<\/div>\n\t\t\t\t<\/div>\n\t\t\t\t\t<\/div>\n\t\t<\/div>\n\t\t\t\t\t\t\t<\/div>\n\t\t<\/section>\n\t\t\t\t<section class=\"elementor-section elementor-top-section elementor-element elementor-element-ed13b39 elementor-section-stretched elementor-section-boxed elementor-section-height-default elementor-section-height-default\" data-id=\"ed13b39\" data-element_type=\"section\" data-settings=\"{&quot;stretch_section&quot;:&quot;section-stretched&quot;,&quot;background_background&quot;:&quot;classic&quot;}\">\n\t\t\t\t\t\t<div class=\"elementor-container elementor-column-gap-default\">\n\t\t\t\t\t<div class=\"elementor-column elementor-col-50 elementor-top-column elementor-element elementor-element-bab35ac ova_match_container\" data-id=\"bab35ac\" data-element_type=\"column\" data-settings=\"{&quot;background_background&quot;:&quot;classic&quot;,&quot;animation&quot;:&quot;none&quot;,&quot;animation_mobile&quot;:&quot;none&quot;}\">\n\t\t\t<div class=\"elementor-widget-wrap elementor-element-populated\">\n\t\t\t\t\t\t\t\t<div class=\"elementor-element elementor-element-5861e2c elementor-widget elementor-widget-ova_box_contact\" data-id=\"5861e2c\" data-element_type=\"widget\" data-widget_type=\"ova_box_contact.default\">\n\t\t\t\t<div class=\"elementor-widget-container\">\n\t\t\t\t\t<div class=\"ova_box_contact \">\n\t\t\t\t\t\t\t<h3 class=\"title\">\n\t\t\t\t\tDatos de Contacto ... Donde Estamos\t\t\t\t<\/h3>\n\t\t\t\n\t\t\t\t\t\t\t<div class=\"phone\">\n\t\t\t\t\t<a href=\"tel:\" class=\"second_font\">\n\t\t\t\t\t\tTel\u00e9fono:  <br>57 2583000\t\t\t\t\t<\/a>\n\t\t\t\t<\/div>\n\t\t\t\t\t\t\t\t\t\t<div class=\"wrap-address\">\n\t\t\t\t<p class=\"title-address title-general\">\n\t\t\t\t\tDirecci\u00f3n Municipalidad:\t\t\t\t<\/p>\n\t\t\t\t<p class=\"address content-general\">\n\t\t\t\t\tAv Ram\u00f3n P\u00e9rez Opazo # 3125\t\t\t\t<\/p>\n\t\t\t<\/div>\n\n\t\t\t<div class=\"wrap-time\">\n\t\t\t\t<p class=\"title-time title-general\">\n\t\t\t\t\tHorarios Atenci\u00f3n:\t\t\t\t<\/p>\n\t\t\t\t<p class=\"time content-general\">\n\t\t\t\t\tLunes a Viernes:  8:30 am \u2013 13:00 hrs\t\t\t\t<\/p>\n\t\t\t<\/div>\n\n\t\t<\/div>\n\t\t\t\t<\/div>\n\t\t\t\t<\/div>\n\t\t\t\t<div class=\"elementor-element elementor-element-8731045 elementor-widget elementor-widget-ova_feature\" data-id=\"8731045\" data-element_type=\"widget\" data-widget_type=\"ova_feature.default\">\n\t\t\t\t<div class=\"elementor-widget-container\">\n\t\t\t\n\t\t\t\t<div class=\"ova_feature version_1\">\n\t\t\t<div class=\"items\">\n\t\t\t\t\n\t\t\t\n\t\t\t\t\t\t\t<a class=\"second_font\" href=\"https:\/\/maho.cl\/web\/tramites-municipales-on-line\/\">\n\t\t\t\t\t<div class=\"icon\">\n\t\t\t\t\t\t<span class=\"flaticon-checked\"><\/span>\n\t\t\t\t\t<\/div>\n\t\t\t\t<\/a>\n\t\t\t\t\n\t\t\t\t\t\t\t\t\t<h3 class=\"title\">\n\t\t\t\t\t\t<a class=\"second_font\" href=\"https:\/\/maho.cl\/web\/tramites-municipales-on-line\/\">\n\t\t\t\t\t\t\tTr\u00e1mites On-Line\t\t\t\t\t\t<\/a>\n\t\t\t\t\t<\/h3>\n\t\t\t\t\n\t\t\t\t<div class=\"content-sub\">\n\t\t\t\t\t\t\t\t\t\t<p class=\"excerpt\">\n\t\t\t\t\t\tTodos los tr\u00e1mites a un solo click, pagos, derechos, permisos, Juzgado de Polic\u00eda Local\t\t\t\t\t<\/p>\n\t\t\t\t\t\t\t\t\t\t\n\t\t\t\t\t\t\t\t\t\t<a href=\"https:\/\/maho.cl\/web\/tramites-municipales-on-line\/\" class=\"second_font readmore\">\n\t\t\t\t\t\tRealizar Tr\u00e1mites\t\t\t\t\t\t<i data-feather=\"arrow-right\"><\/i>\n\t\t\t\t\t<\/a>\n\t\t\t\t\t\t\t\t\t<\/div>\n\t\t\t\t\t\t\t\t<div class=\"icon-hide\">\n\t\t\t\t\t<span class=\"flaticon-checked\"><\/span>\n\t\t\t\t<\/div>\n\t\t\t\t\t\t\t<\/div>\n\t\t<\/div>\n\t\t\t\t<\/div>\n\t\t\t\t<\/div>\n\t\t\t\t\t<\/div>\n\t\t<\/div>\n\t\t\t\t<div class=\"elementor-column elementor-col-50 elementor-top-column elementor-element elementor-element-cdbfbc5 egovt_stretch_column_right\" data-id=\"cdbfbc5\" data-element_type=\"column\">\n\t\t\t<div class=\"elementor-widget-wrap elementor-element-populated\">\n\t\t\t\t\t\t\t\t<div class=\"elementor-element elementor-element-7c34bf5 elementor-widget elementor-widget-google_maps\" data-id=\"7c34bf5\" data-element_type=\"widget\" data-widget_type=\"google_maps.default\">\n\t\t\t\t<div class=\"elementor-widget-container\">\n\t\t\t<style>\/*! elementor - v3.18.0 - 20-12-2023 *\/\n.elementor-widget-google_maps .elementor-widget-container{overflow:hidden}.elementor-widget-google_maps .elementor-custom-embed{line-height:0}.elementor-widget-google_maps iframe{height:300px}<\/style>\t\t<div class=\"elementor-custom-embed\">\n\t\t\t<iframe loading=\"lazy\"\n\t\t\t\t\tsrc=\"https:\/\/maps.google.com\/maps?q=Av.%20Ram%C3%B3n%20P%C3%A9rez%20Opazo%20%233125%2C%20Alto%20Hospicio%20&#038;t=m&#038;z=18&#038;output=embed&#038;iwloc=near\"\n\t\t\t\t\ttitle=\"Av. Ram\u00f3n P\u00e9rez Opazo #3125, Alto Hospicio \"\n\t\t\t\t\taria-label=\"Av. Ram\u00f3n P\u00e9rez Opazo #3125, Alto Hospicio \"\n\t\t\t><\/iframe>\n\t\t<\/div>\n\t\t\t\t<\/div>\n\t\t\t\t<\/div>\n\t\t\t\t\t<\/div>\n\t\t<\/div>\n\t\t\t\t\t\t\t<\/div>\n\t\t<\/section>\n\t\t\t\t<section class=\"elementor-section elementor-top-section elementor-element elementor-element-af71e7f elementor-section-boxed elementor-section-height-default elementor-section-height-default\" data-id=\"af71e7f\" data-element_type=\"section\">\n\t\t\t\t\t\t<div class=\"elementor-container elementor-column-gap-default\">\n\t\t\t\t\t<div class=\"elementor-column elementor-col-100 elementor-top-column elementor-element elementor-element-bd3408d\" data-id=\"bd3408d\" data-element_type=\"column\">\n\t\t\t<div class=\"elementor-widget-wrap\">\n\t\t\t\t\t\t\t\t\t<\/div>\n\t\t<\/div>\n\t\t\t\t\t\t\t<\/div>\n\t\t<\/section>\n\t\t\t\t<section class=\"elementor-section elementor-top-section elementor-element elementor-element-af3053a elementor-section-boxed elementor-section-height-default elementor-section-height-default\" data-id=\"af3053a\" data-element_type=\"section\">\n\t\t\t\t\t\t<div class=\"elementor-container elementor-column-gap-default\">\n\t\t\t\t\t<div class=\"elementor-column elementor-col-100 elementor-top-column elementor-element elementor-element-fc80c4f\" data-id=\"fc80c4f\" data-element_type=\"column\">\n\t\t\t<div class=\"elementor-widget-wrap elementor-element-populated\">\n\t\t\t\t\t\t\t\t<div class=\"elementor-element elementor-element-275bb50 elementor-widget elementor-widget-spacer\" data-id=\"275bb50\" data-element_type=\"widget\" data-widget_type=\"spacer.default\">\n\t\t\t\t<div class=\"elementor-widget-container\">\n\t\t\t\t\t<div class=\"elementor-spacer\">\n\t\t\t<div class=\"elementor-spacer-inner\"><\/div>\n\t\t<\/div>\n\t\t\t\t<\/div>\n\t\t\t\t<\/div>\n\t\t\t\t\t<\/div>\n\t\t<\/div>\n\t\t\t\t\t\t\t<\/div>\n\t\t<\/section>\n\t\t\t\t\t\t\t<\/div>\n\t\t","protected":false},"excerpt":{"rendered":"<p>CAR Inicio P\u00e1gina Centro de Alto Rendimiento de Alto Hospicio Contacto Calle Francia con Nepal Tel\u00e9fono: 57 42964473 Email: deportes@maho.cl Facebook-square Twitter Instagram Youtube \u00bfQuienes Somos? El Centro de Alto Rendimiento (CAR), es un recinto deportivo perteneciente a la Municipalidad de Alto Hospicio, cuyo principal objetivo es establecer condiciones de salud-f\u00edsica para que personas de [&hellip;]<\/p>\n","protected":false},"author":1,"featured_media":0,"parent":0,"menu_order":0,"comment_status":"closed","ping_status":"closed","template":"elementor_header_footer","meta":{"_monsterinsights_skip_tracking":false,"_monsterinsights_sitenote_active":false,"_monsterinsights_sitenote_note":"","_monsterinsights_sitenote_category":0,"footnotes":""},"class_list":["post-15201","page","type-page","status-publish","hentry"],"_links":{"self":[{"href":"https:\/\/maho.cl\/web\/wp-json\/wp\/v2\/pages\/15201","targetHints":{"allow":["GET"]}}],"collection":[{"href":"https:\/\/maho.cl\/web\/wp-json\/wp\/v2\/pages"}],"about":[{"href":"https:\/\/maho.cl\/web\/wp-json\/wp\/v2\/types\/page"}],"author":[{"embeddable":true,"href":"https:\/\/maho.cl\/web\/wp-json\/wp\/v2\/users\/1"}],"replies":[{"embeddable":true,"href":"https:\/\/maho.cl\/web\/wp-json\/wp\/v2\/comments?post=15201"}],"version-history":[{"count":6,"href":"https:\/\/maho.cl\/web\/wp-json\/wp\/v2\/pages\/15201\/revisions"}],"predecessor-version":[{"id":18724,"href":"https:\/\/maho.cl\/web\/wp-json\/wp\/v2\/pages\/15201\/revisions\/18724"}],"wp:attachment":[{"href":"https:\/\/maho.cl\/web\/wp-json\/wp\/v2\/media?parent=15201"}],"curies":[{"name":"wp","href":"https:\/\/api.w.org\/{rel}","templated":true}]}}