{"id":16577,"date":"2023-04-24T16:27:26","date_gmt":"2023-04-24T20:27:26","guid":{"rendered":"https:\/\/maho.cl\/web2\/?page_id=16577"},"modified":"2023-04-24T16:27:26","modified_gmt":"2023-04-24T20:27:26","slug":"conoce-los-resultados-de-las-elecciones-del-cosoc","status":"publish","type":"page","link":"https:\/\/maho.cl\/web\/conoce-los-resultados-de-las-elecciones-del-cosoc\/","title":{"rendered":"Conoce Los Resultados de Las Elecciones del COSOC"},"content":{"rendered":"\t\t<div data-elementor-type=\"wp-page\" data-elementor-id=\"16577\" class=\"elementor elementor-16577\">\n\t\t\t\t\t\t\t\t\t<section class=\"elementor-section elementor-top-section elementor-element elementor-element-78046b0 elementor-section-boxed elementor-section-height-default elementor-section-height-default\" data-id=\"78046b0\" data-element_type=\"section\">\n\t\t\t\t\t\t<div class=\"elementor-container elementor-column-gap-default\">\n\t\t\t\t\t<div class=\"elementor-column elementor-col-100 elementor-top-column elementor-element elementor-element-0ccb8e3\" data-id=\"0ccb8e3\" data-element_type=\"column\">\n\t\t\t<div class=\"elementor-widget-wrap elementor-element-populated\">\n\t\t\t\t\t\t\t\t<div class=\"elementor-element elementor-element-73bc65e elementor-widget elementor-widget-text-editor\" data-id=\"73bc65e\" data-element_type=\"widget\" data-widget_type=\"text-editor.default\">\n\t\t\t\t<div class=\"elementor-widget-container\">\n\t\t\t<style>\/*! elementor - v3.18.0 - 20-12-2023 *\/\n.elementor-widget-text-editor.elementor-drop-cap-view-stacked .elementor-drop-cap{background-color:#69727d;color:#fff}.elementor-widget-text-editor.elementor-drop-cap-view-framed .elementor-drop-cap{color:#69727d;border:3px solid;background-color:transparent}.elementor-widget-text-editor:not(.elementor-drop-cap-view-default) .elementor-drop-cap{margin-top:8px}.elementor-widget-text-editor:not(.elementor-drop-cap-view-default) .elementor-drop-cap-letter{width:1em;height:1em}.elementor-widget-text-editor .elementor-drop-cap{float:left;text-align:center;line-height:1;font-size:50px}.elementor-widget-text-editor .elementor-drop-cap-letter{display:inline-block}<\/style>\t\t\t\t<p><strong>POR MEDIO DEL PRESENTE SE INFORMA A LA COMUNIDAD QUE, LAS ORGANIZACIONES ELEGIDAS PARA CONFORMAR EL CONSEJO DE ORGANIZACIONES DE LA SOCIEDAD CIVIL (COSOC 2023 \u2013 2027) DE LA MUNICIPALIDAD DE ALTO HOSPICIO, SON LAS SIGUIENTES:<\/strong><\/p><ol><li><strong>JUNTA DE VECINOS SAN LORENZO EL BORO<\/strong><\/li><li><strong>JUNTA DE VECINOS EMPRENDEDORES DEL DESIERTO<\/strong><\/li><li><strong>JUNTA DE VECINOS 16 DE JULIO<\/strong><\/li><li><strong>JUNTA DE VECINOS SOL NACIENTE<\/strong><\/li><li><strong>JUNTA DE VECINOS VISTA HERMOSA<\/strong><\/li><li><strong>JUNTA DE VECINOS 11 DE MARZO<\/strong><\/li><li><strong>JUNTA DE VECINOS UNI\u00d3N HACE LA FUERZA<\/strong><\/li><li><strong>JUNTA DE VECINOS PORTALES DEL NORTE<\/strong><\/li><li><strong>COMIT\u00c9 DE VIVIENDA LAURA VICU\u00d1A<\/strong><\/li><li><strong>COMIT\u00c9 DE VIVIENDA PROYECTO JOVEN<\/strong><\/li><li><strong>COMIT\u00c9 DE VIVIENDA LOS REZAGADOS<\/strong><\/li><li><strong>CONDOMINIO KRISHNA II<\/strong><\/li><\/ol><p><strong>SE INFORMA ADEM\u00c1S, QUE LAS ORGANIZACIONES ELECTAS SER\u00c1N CONVOCADAS A UNA SESI\u00d3N CONSTITUTIVA DEL COSOC, LO CUAL SE LES ESTAR\u00c1 COMUNICANDO OPORTUNAMENTE.<\/strong><\/p>\t\t\t\t\t\t<\/div>\n\t\t\t\t<\/div>\n\t\t\t\t\t<\/div>\n\t\t<\/div>\n\t\t\t\t\t\t\t<\/div>\n\t\t<\/section>\n\t\t\t\t<section class=\"elementor-section elementor-top-section elementor-element elementor-element-b67f9ef elementor-section-boxed elementor-section-height-default elementor-section-height-default\" data-id=\"b67f9ef\" data-element_type=\"section\">\n\t\t\t\t\t\t<div class=\"elementor-container elementor-column-gap-default\">\n\t\t\t\t\t<div class=\"elementor-column elementor-col-100 elementor-top-column elementor-element elementor-element-aca9a5a\" data-id=\"aca9a5a\" data-element_type=\"column\">\n\t\t\t<div class=\"elementor-widget-wrap elementor-element-populated\">\n\t\t\t\t\t\t\t\t<div class=\"elementor-element elementor-element-582924e elementor-widget elementor-widget-wpfd_choose_category\" data-id=\"582924e\" data-element_type=\"widget\" data-widget_type=\"wpfd_choose_category.default\">\n\t\t\t\t<div class=\"elementor-widget-container\">\n\t\t\t<div id=\"wpfd-elementor-category\" class=\"wpfd-elementor-category\"><\/div>\t\t<\/div>\n\t\t\t\t<\/div>\n\t\t\t\t\t<\/div>\n\t\t<\/div>\n\t\t\t\t\t\t\t<\/div>\n\t\t<\/section>\n\t\t\t\t<section class=\"elementor-section elementor-top-section elementor-element elementor-element-733ce98 elementor-section-boxed elementor-section-height-default elementor-section-height-default\" data-id=\"733ce98\" data-element_type=\"section\">\n\t\t\t\t\t\t<div class=\"elementor-container elementor-column-gap-default\">\n\t\t\t\t\t<div class=\"elementor-column elementor-col-100 elementor-top-column elementor-element elementor-element-71b9ed1\" data-id=\"71b9ed1\" data-element_type=\"column\">\n\t\t\t<div class=\"elementor-widget-wrap elementor-element-populated\">\n\t\t\t\t\t\t\t\t<div class=\"elementor-element elementor-element-ac6451e elementor-widget elementor-widget-spacer\" data-id=\"ac6451e\" data-element_type=\"widget\" data-widget_type=\"spacer.default\">\n\t\t\t\t<div class=\"elementor-widget-container\">\n\t\t\t<style>\/*! elementor - v3.18.0 - 20-12-2023 *\/\n.elementor-column .elementor-spacer-inner{height:var(--spacer-size)}.e-con{--container-widget-width:100%}.e-con-inner>.elementor-widget-spacer,.e-con>.elementor-widget-spacer{width:var(--container-widget-width,var(--spacer-size));--align-self:var(--container-widget-align-self,initial);--flex-shrink:0}.e-con-inner>.elementor-widget-spacer>.elementor-widget-container,.e-con>.elementor-widget-spacer>.elementor-widget-container{height:100%;width:100%}.e-con-inner>.elementor-widget-spacer>.elementor-widget-container>.elementor-spacer,.e-con>.elementor-widget-spacer>.elementor-widget-container>.elementor-spacer{height:100%}.e-con-inner>.elementor-widget-spacer>.elementor-widget-container>.elementor-spacer>.elementor-spacer-inner,.e-con>.elementor-widget-spacer>.elementor-widget-container>.elementor-spacer>.elementor-spacer-inner{height:var(--container-widget-height,var(--spacer-size))}.e-con-inner>.elementor-widget-spacer.elementor-widget-empty,.e-con>.elementor-widget-spacer.elementor-widget-empty{position:relative;min-height:22px;min-width:22px}.e-con-inner>.elementor-widget-spacer.elementor-widget-empty .elementor-widget-empty-icon,.e-con>.elementor-widget-spacer.elementor-widget-empty .elementor-widget-empty-icon{position:absolute;top:0;bottom:0;left:0;right:0;margin:auto;padding:0;width:22px;height:22px}<\/style>\t\t<div class=\"elementor-spacer\">\n\t\t\t<div class=\"elementor-spacer-inner\"><\/div>\n\t\t<\/div>\n\t\t\t\t<\/div>\n\t\t\t\t<\/div>\n\t\t\t\t\t<\/div>\n\t\t<\/div>\n\t\t\t\t\t\t\t<\/div>\n\t\t<\/section>\n\t\t\t\t\t\t\t<\/div>\n\t\t","protected":false},"excerpt":{"rendered":"<p>POR MEDIO DEL PRESENTE SE INFORMA A LA COMUNIDAD QUE, LAS ORGANIZACIONES ELEGIDAS PARA CONFORMAR EL CONSEJO DE ORGANIZACIONES DE LA SOCIEDAD CIVIL (COSOC 2023 \u2013 2027) DE LA MUNICIPALIDAD DE ALTO HOSPICIO, SON LAS SIGUIENTES: JUNTA DE VECINOS SAN LORENZO EL BORO JUNTA DE VECINOS EMPRENDEDORES DEL DESIERTO JUNTA DE VECINOS 16 DE JULIO [&hellip;]<\/p>\n","protected":false},"author":1,"featured_media":0,"parent":0,"menu_order":0,"comment_status":"closed","ping_status":"closed","template":"","meta":{"_monsterinsights_skip_tracking":false,"_monsterinsights_sitenote_active":false,"_monsterinsights_sitenote_note":"","_monsterinsights_sitenote_category":0,"footnotes":""},"class_list":["post-16577","page","type-page","status-publish","hentry"],"_links":{"self":[{"href":"https:\/\/maho.cl\/web\/wp-json\/wp\/v2\/pages\/16577","targetHints":{"allow":["GET"]}}],"collection":[{"href":"https:\/\/maho.cl\/web\/wp-json\/wp\/v2\/pages"}],"about":[{"href":"https:\/\/maho.cl\/web\/wp-json\/wp\/v2\/types\/page"}],"author":[{"embeddable":true,"href":"https:\/\/maho.cl\/web\/wp-json\/wp\/v2\/users\/1"}],"replies":[{"embeddable":true,"href":"https:\/\/maho.cl\/web\/wp-json\/wp\/v2\/comments?post=16577"}],"version-history":[{"count":0,"href":"https:\/\/maho.cl\/web\/wp-json\/wp\/v2\/pages\/16577\/revisions"}],"wp:attachment":[{"href":"https:\/\/maho.cl\/web\/wp-json\/wp\/v2\/media?parent=16577"}],"curies":[{"name":"wp","href":"https:\/\/api.w.org\/{rel}","templated":true}]}}