{"id":17171,"date":"2023-10-17T18:15:45","date_gmt":"2023-10-17T22:15:45","guid":{"rendered":"https:\/\/maho.cl\/web2\/?page_id=17171"},"modified":"2026-02-25T12:14:01","modified_gmt":"2026-02-25T15:14:01","slug":"cementerio-municipal","status":"publish","type":"page","link":"https:\/\/maho.cl\/web\/cementerio-municipal\/","title":{"rendered":"Cementerio Municipal"},"content":{"rendered":"\t\t<div data-elementor-type=\"wp-page\" data-elementor-id=\"17171\" class=\"elementor elementor-17171\">\n\t\t\t\t\t\t\t\t\t<section class=\"elementor-section elementor-top-section elementor-element elementor-element-e71c752 elementor-section-full_width elementor-section-height-default elementor-section-height-default\" data-id=\"e71c752\" data-element_type=\"section\">\n\t\t\t\t\t\t<div class=\"elementor-container elementor-column-gap-no\">\n\t\t\t\t\t<div class=\"elementor-column elementor-col-100 elementor-top-column elementor-element elementor-element-6c411b7\" data-id=\"6c411b7\" data-element_type=\"column\">\n\t\t\t<div class=\"elementor-widget-wrap elementor-element-populated\">\n\t\t\t\t\t\t\t\t<div class=\"elementor-element elementor-element-72ec61f elementor-widget elementor-widget-ova_header\" data-id=\"72ec61f\" data-element_type=\"widget\" data-widget_type=\"ova_header.default\">\n\t\t\t\t<div class=\"elementor-widget-container\">\n\t\t\t\t\t \t<!-- Display when you choose background per Post -->\n\t\t \t<div class=\"wrap_ova_header  left \"  >\n\n\t\t \t\t<div class=\"container\">\t\t\t \t\n\t\t\t\t \t<div class=\"cover_color\"><\/div>\n\n\t\t\t\t\t<div class=\"ova_header_el \">\n\t\t\t\t\t\t\n\t\t\t\t\t\t\t\t\t\t\t\t\n\t\t\t\t\t\t\t\t\t\t\t\t\t\t<h1 class=\"second_font header_title\">\n\t\t\t\t\t\t\t\tCementerio Municipal\t\t\t\t\t\t\t<\/h1>\n\t\t\t\t\t\t\t\t\n\t\t\t\t\t\t\n\n\t\t\t\t\t\t\t\t\t\t\t\t\t<div class=\"ovatheme_breadcrumbs ovatheme_breadcrumbs_el\">\n\t\t\t\t\t\t\t\t<div id=\"breadcrumbs\"><ul class=\"breadcrumb\"><li><a href=\"https:\/\/maho.cl\/web\/\">Inicio<\/a><\/li> <li class=\"li_separator\"><span class=\"separator\"><\/span><\/li> <li>P\u00e1gina<\/li><\/ul><\/div>\t\t\t\t\t\t\t<\/div>\n\t\t\t\t\t\t\n\t\t\t\t\t<\/div>\n\n\t\t\t\t <\/div> \n\t\t\t<\/div>\n\t\t\t\t<\/div>\n\t\t\t\t<\/div>\n\t\t\t\t\t<\/div>\n\t\t<\/div>\n\t\t\t\t\t\t\t<\/div>\n\t\t<\/section>\n\t\t\t\t<section class=\"elementor-section elementor-top-section elementor-element elementor-element-2d07980 elementor-section-boxed elementor-section-height-default elementor-section-height-default\" data-id=\"2d07980\" data-element_type=\"section\" data-settings=\"{&quot;background_background&quot;:&quot;classic&quot;}\">\n\t\t\t\t\t\t<div class=\"elementor-container elementor-column-gap-default\">\n\t\t\t\t\t<div class=\"elementor-column elementor-col-100 elementor-top-column elementor-element elementor-element-af80b9b\" data-id=\"af80b9b\" data-element_type=\"column\">\n\t\t\t<div class=\"elementor-widget-wrap elementor-element-populated\">\n\t\t\t\t\t\t\t\t<div class=\"elementor-element elementor-element-f12e34e elementor-widget elementor-widget-ova_heading\" data-id=\"f12e34e\" data-element_type=\"widget\" data-widget_type=\"ova_heading.default\">\n\t\t\t\t<div class=\"elementor-widget-container\">\n\t\t\t\t\t<div class=\"ova-heading\">\n\t\t\t\n\t\t\t\t\t\t\t<h3 class=\"title second_font\">Cementerio Municipal de Alto Hospicio<\/h3>\n\t\t\t\n\t\t\t\n\t\t<\/div>\n\t\t\t\t<\/div>\n\t\t\t\t<\/div>\n\t\t\t\t\t<\/div>\n\t\t<\/div>\n\t\t\t\t\t\t\t<\/div>\n\t\t<\/section>\n\t\t\t\t<section class=\"elementor-section elementor-top-section elementor-element elementor-element-771ce35 elementor-section-boxed elementor-section-height-default elementor-section-height-default\" data-id=\"771ce35\" data-element_type=\"section\">\n\t\t\t\t\t\t<div class=\"elementor-container elementor-column-gap-default\">\n\t\t\t\t\t<div class=\"elementor-column elementor-col-100 elementor-top-column elementor-element elementor-element-dcc53fa\" data-id=\"dcc53fa\" data-element_type=\"column\">\n\t\t\t<div class=\"elementor-widget-wrap elementor-element-populated\">\n\t\t\t\t\t\t\t\t<div class=\"elementor-element elementor-element-bfb87e2 elementor-widget elementor-widget-spacer\" data-id=\"bfb87e2\" data-element_type=\"widget\" data-widget_type=\"spacer.default\">\n\t\t\t\t<div class=\"elementor-widget-container\">\n\t\t\t<style>\/*! elementor - v3.18.0 - 20-12-2023 *\/\n.elementor-column .elementor-spacer-inner{height:var(--spacer-size)}.e-con{--container-widget-width:100%}.e-con-inner>.elementor-widget-spacer,.e-con>.elementor-widget-spacer{width:var(--container-widget-width,var(--spacer-size));--align-self:var(--container-widget-align-self,initial);--flex-shrink:0}.e-con-inner>.elementor-widget-spacer>.elementor-widget-container,.e-con>.elementor-widget-spacer>.elementor-widget-container{height:100%;width:100%}.e-con-inner>.elementor-widget-spacer>.elementor-widget-container>.elementor-spacer,.e-con>.elementor-widget-spacer>.elementor-widget-container>.elementor-spacer{height:100%}.e-con-inner>.elementor-widget-spacer>.elementor-widget-container>.elementor-spacer>.elementor-spacer-inner,.e-con>.elementor-widget-spacer>.elementor-widget-container>.elementor-spacer>.elementor-spacer-inner{height:var(--container-widget-height,var(--spacer-size))}.e-con-inner>.elementor-widget-spacer.elementor-widget-empty,.e-con>.elementor-widget-spacer.elementor-widget-empty{position:relative;min-height:22px;min-width:22px}.e-con-inner>.elementor-widget-spacer.elementor-widget-empty .elementor-widget-empty-icon,.e-con>.elementor-widget-spacer.elementor-widget-empty .elementor-widget-empty-icon{position:absolute;top:0;bottom:0;left:0;right:0;margin:auto;padding:0;width:22px;height:22px}<\/style>\t\t<div class=\"elementor-spacer\">\n\t\t\t<div class=\"elementor-spacer-inner\"><\/div>\n\t\t<\/div>\n\t\t\t\t<\/div>\n\t\t\t\t<\/div>\n\t\t\t\t\t<\/div>\n\t\t<\/div>\n\t\t\t\t\t\t\t<\/div>\n\t\t<\/section>\n\t\t\t\t<section class=\"elementor-section elementor-top-section elementor-element elementor-element-7458e23 elementor-section-stretched elementor-section-boxed elementor-section-height-default elementor-section-height-default\" data-id=\"7458e23\" data-element_type=\"section\" data-settings=\"{&quot;stretch_section&quot;:&quot;section-stretched&quot;,&quot;background_background&quot;:&quot;classic&quot;}\">\n\t\t\t\t\t\t<div class=\"elementor-container elementor-column-gap-default\">\n\t\t\t\t\t<div class=\"elementor-column elementor-col-50 elementor-top-column elementor-element elementor-element-14975e4 ova_match_container\" data-id=\"14975e4\" data-element_type=\"column\" data-settings=\"{&quot;background_background&quot;:&quot;classic&quot;,&quot;animation&quot;:&quot;none&quot;,&quot;animation_mobile&quot;:&quot;none&quot;}\">\n\t\t\t<div class=\"elementor-widget-wrap elementor-element-populated\">\n\t\t\t\t\t\t\t\t<div class=\"elementor-element elementor-element-478d244 elementor-widget elementor-widget-ova_box_contact\" data-id=\"478d244\" data-element_type=\"widget\" data-widget_type=\"ova_box_contact.default\">\n\t\t\t\t<div class=\"elementor-widget-container\">\n\t\t\t\t\t<div class=\"ova_box_contact \">\n\t\t\t\t\t\t\t<h3 class=\"title\">\n\t\t\t\t\tDatos de Contacto \t\t\t\t<\/h3>\n\t\t\t\n\t\t\t\t\t\t\t<div class=\"phone\">\n\t\t\t\t\t<a href=\"tel:\" class=\"second_font\">\n\t\t\t\t\t\tTel\u00e9fono: 57 2583183 \/ 57 2583184 \/ <br>57 2583185\t\t\t\t\t<\/a>\n\t\t\t\t<\/div>\n\t\t\t\t\t\t\t\t\t<div class=\"phone\">\n\t\t\t\t\t\t<a href=\"tel:\" class=\"second_font\">\n\t\t\t\t\t\t\tM\u00f3vil: +56957481041 \t\t\t\t\t\t<\/a>\n\t\t\t\t\t<\/div>\n\t\t\t\t\t\t\t\t\t\t<div class=\"wrap-address\">\n\t\t\t\t<p class=\"title-address title-general\">\n\t\t\t\t\tDirecci\u00f3n :\t\t\t\t<\/p>\n\t\t\t\t<p class=\"address content-general\">\n\t\t\t\t\tRuta A 610, Entre Ruta A 616 Con Ruta A 618 S\/N\t\t\t\t<\/p>\n\t\t\t<\/div>\n\n\t\t\t<div class=\"wrap-time\">\n\t\t\t\t<p class=\"title-time title-general\">\n\t\t\t\t\t\t\t\t\t<\/p>\n\t\t\t\t<p class=\"time content-general\">\n\t\t\t\t\t\t\t\t\t<\/p>\n\t\t\t<\/div>\n\n\t\t<\/div>\n\t\t\t\t<\/div>\n\t\t\t\t<\/div>\n\t\t\t\t<div class=\"elementor-element elementor-element-1d99fa9 elementor-widget elementor-widget-ova_feature\" data-id=\"1d99fa9\" data-element_type=\"widget\" data-widget_type=\"ova_feature.default\">\n\t\t\t\t<div class=\"elementor-widget-container\">\n\t\t\t\n\t\t\t\t<div class=\"ova_feature version_1\">\n\t\t\t<div class=\"items\">\n\t\t\t\t\n\t\t\t\n\t\t\t\t\t\t\t<a class=\"second_font\" href=\"https:\/\/maho.cl\/web\/tramites-municipales-on-line\/\">\n\t\t\t\t\t<div class=\"icon\">\n\t\t\t\t\t\t<span class=\"flaticon-checked\"><\/span>\n\t\t\t\t\t<\/div>\n\t\t\t\t<\/a>\n\t\t\t\t\n\t\t\t\t\t\t\t\t\t<h3 class=\"title\">\n\t\t\t\t\t\t<a class=\"second_font\" href=\"https:\/\/maho.cl\/web\/tramites-municipales-on-line\/\">\n\t\t\t\t\t\t\tTr\u00e1mites On-Line\t\t\t\t\t\t<\/a>\n\t\t\t\t\t<\/h3>\n\t\t\t\t\n\t\t\t\t<div class=\"content-sub\">\n\t\t\t\t\t\t\t\t\t\t<p class=\"excerpt\">\n\t\t\t\t\t\tTodos los tr\u00e1mites a un solo click, pagos, derechos, permisos, Juzgado de Polic\u00eda Local\t\t\t\t\t<\/p>\n\t\t\t\t\t\t\t\t\t\t\n\t\t\t\t\t\t\t\t\t\t<a href=\"https:\/\/maho.cl\/web\/tramites-municipales-on-line\/\" class=\"second_font readmore\">\n\t\t\t\t\t\tRealizar Tr\u00e1mites\t\t\t\t\t\t<i data-feather=\"arrow-right\"><\/i>\n\t\t\t\t\t<\/a>\n\t\t\t\t\t\t\t\t\t<\/div>\n\t\t\t\t\t\t\t\t<div class=\"icon-hide\">\n\t\t\t\t\t<span class=\"flaticon-checked\"><\/span>\n\t\t\t\t<\/div>\n\t\t\t\t\t\t\t<\/div>\n\t\t<\/div>\n\t\t\t\t<\/div>\n\t\t\t\t<\/div>\n\t\t\t\t\t<\/div>\n\t\t<\/div>\n\t\t\t\t<div class=\"elementor-column elementor-col-50 elementor-top-column elementor-element elementor-element-6590ba7 egovt_stretch_column_right\" data-id=\"6590ba7\" data-element_type=\"column\">\n\t\t\t<div class=\"elementor-widget-wrap elementor-element-populated\">\n\t\t\t\t\t\t\t\t<div class=\"elementor-element elementor-element-09b4b4e elementor-widget elementor-widget-google_maps\" data-id=\"09b4b4e\" data-element_type=\"widget\" data-widget_type=\"google_maps.default\">\n\t\t\t\t<div class=\"elementor-widget-container\">\n\t\t\t<style>\/*! elementor - v3.18.0 - 20-12-2023 *\/\n.elementor-widget-google_maps .elementor-widget-container{overflow:hidden}.elementor-widget-google_maps .elementor-custom-embed{line-height:0}.elementor-widget-google_maps iframe{height:300px}<\/style>\t\t<div class=\"elementor-custom-embed\">\n\t\t\t<iframe loading=\"lazy\"\n\t\t\t\t\tsrc=\"https:\/\/maps.google.com\/maps?q=UTA%20A%20610%2C%20ENTRE%20RUTA%20A%20616%20CON%20RUTA%20A%20618%20S%2FN&#038;t=m&#038;z=16&#038;output=embed&#038;iwloc=near\"\n\t\t\t\t\ttitle=\"UTA A 610, ENTRE RUTA A 616 CON RUTA A 618 S\/N\"\n\t\t\t\t\taria-label=\"UTA A 610, ENTRE RUTA A 616 CON RUTA A 618 S\/N\"\n\t\t\t><\/iframe>\n\t\t<\/div>\n\t\t\t\t<\/div>\n\t\t\t\t<\/div>\n\t\t\t\t\t<\/div>\n\t\t<\/div>\n\t\t\t\t\t\t\t<\/div>\n\t\t<\/section>\n\t\t\t\t<section class=\"elementor-section elementor-top-section elementor-element elementor-element-0f33325 elementor-section-boxed elementor-section-height-default elementor-section-height-default\" data-id=\"0f33325\" data-element_type=\"section\">\n\t\t\t\t\t\t<div class=\"elementor-container elementor-column-gap-default\">\n\t\t\t\t\t<div class=\"elementor-column elementor-col-100 elementor-top-column elementor-element elementor-element-044f5ea\" data-id=\"044f5ea\" data-element_type=\"column\">\n\t\t\t<div class=\"elementor-widget-wrap elementor-element-populated\">\n\t\t\t\t\t\t\t\t<div class=\"elementor-element elementor-element-8e37290 elementor-widget elementor-widget-spacer\" data-id=\"8e37290\" data-element_type=\"widget\" data-widget_type=\"spacer.default\">\n\t\t\t\t<div class=\"elementor-widget-container\">\n\t\t\t\t\t<div class=\"elementor-spacer\">\n\t\t\t<div class=\"elementor-spacer-inner\"><\/div>\n\t\t<\/div>\n\t\t\t\t<\/div>\n\t\t\t\t<\/div>\n\t\t\t\t\t<\/div>\n\t\t<\/div>\n\t\t\t\t\t\t\t<\/div>\n\t\t<\/section>\n\t\t\t\t\t\t\t<\/div>\n\t\t","protected":false},"excerpt":{"rendered":"<p>Cementerio Municipal Inicio P\u00e1gina Cementerio Municipal de Alto Hospicio Datos de Contacto Tel\u00e9fono: 57 2583183 \/ 57 2583184 \/ 57 2583185 M\u00f3vil: +56957481041 Direcci\u00f3n : Ruta A 610, Entre Ruta A 616 Con Ruta A 618 S\/N Tr\u00e1mites On-Line Todos los tr\u00e1mites a un solo click, pagos, derechos, permisos, Juzgado de Polic\u00eda Local Realizar Tr\u00e1mites<\/p>\n","protected":false},"author":1,"featured_media":0,"parent":0,"menu_order":0,"comment_status":"closed","ping_status":"closed","template":"elementor_header_footer","meta":{"_monsterinsights_skip_tracking":false,"_monsterinsights_sitenote_active":false,"_monsterinsights_sitenote_note":"","_monsterinsights_sitenote_category":0,"footnotes":""},"class_list":["post-17171","page","type-page","status-publish","hentry"],"_links":{"self":[{"href":"https:\/\/maho.cl\/web\/wp-json\/wp\/v2\/pages\/17171","targetHints":{"allow":["GET"]}}],"collection":[{"href":"https:\/\/maho.cl\/web\/wp-json\/wp\/v2\/pages"}],"about":[{"href":"https:\/\/maho.cl\/web\/wp-json\/wp\/v2\/types\/page"}],"author":[{"embeddable":true,"href":"https:\/\/maho.cl\/web\/wp-json\/wp\/v2\/users\/1"}],"replies":[{"embeddable":true,"href":"https:\/\/maho.cl\/web\/wp-json\/wp\/v2\/comments?post=17171"}],"version-history":[{"count":3,"href":"https:\/\/maho.cl\/web\/wp-json\/wp\/v2\/pages\/17171\/revisions"}],"predecessor-version":[{"id":18608,"href":"https:\/\/maho.cl\/web\/wp-json\/wp\/v2\/pages\/17171\/revisions\/18608"}],"wp:attachment":[{"href":"https:\/\/maho.cl\/web\/wp-json\/wp\/v2\/media?parent=17171"}],"curies":[{"name":"wp","href":"https:\/\/api.w.org\/{rel}","templated":true}]}}