{"id":18912,"date":"2026-04-23T21:56:43","date_gmt":"2026-04-24T01:56:43","guid":{"rendered":"https:\/\/maho.cl\/web\/?page_id=18912"},"modified":"2026-04-23T22:27:46","modified_gmt":"2026-04-24T02:27:46","slug":"postulacion-profesionales-secoplac-dom","status":"publish","type":"page","link":"https:\/\/maho.cl\/web\/postulacion-profesionales-secoplac-dom\/","title":{"rendered":"Postulaci\u00f3n Profesionales SECOPLAC\/DOM"},"content":{"rendered":"\t\t<div data-elementor-type=\"wp-page\" data-elementor-id=\"18912\" class=\"elementor elementor-18912\">\n\t\t\t\t\t\t\t\t\t<section class=\"elementor-section elementor-top-section elementor-element elementor-element-2a8ee36 elementor-section-full_width elementor-section-height-default elementor-section-height-default\" data-id=\"2a8ee36\" data-element_type=\"section\">\n\t\t\t\t\t\t<div class=\"elementor-container elementor-column-gap-no\">\n\t\t\t\t\t<div class=\"elementor-column elementor-col-100 elementor-top-column elementor-element elementor-element-74cbf2c\" data-id=\"74cbf2c\" data-element_type=\"column\">\n\t\t\t<div class=\"elementor-widget-wrap elementor-element-populated\">\n\t\t\t\t\t\t\t\t<div class=\"elementor-element elementor-element-be0cf00 elementor-widget elementor-widget-ova_header\" data-id=\"be0cf00\" data-element_type=\"widget\" data-widget_type=\"ova_header.default\">\n\t\t\t\t<div class=\"elementor-widget-container\">\n\t\t\t\t\t \t<!-- Display when you choose background per Post -->\n\t\t \t<div class=\"wrap_ova_header  left \"  >\n\n\t\t \t\t<div class=\"container\">\t\t\t \t\n\t\t\t\t \t<div class=\"cover_color\"><\/div>\n\n\t\t\t\t\t<div class=\"ova_header_el \">\n\t\t\t\t\t\t\n\t\t\t\t\t\t\t\t\t\t\t\t\n\t\t\t\t\t\t\t\t\t\t\t\t\t\t<h1 class=\"second_font header_title\">\n\t\t\t\t\t\t\t\tPostulaci\u00f3n Profesionales SECOPLAC\/DOM\t\t\t\t\t\t\t<\/h1>\n\t\t\t\t\t\t\t\t\n\t\t\t\t\t\t\n\n\t\t\t\t\t\t\t\t\t\t\t\t\t<div class=\"ovatheme_breadcrumbs ovatheme_breadcrumbs_el\">\n\t\t\t\t\t\t\t\t<div id=\"breadcrumbs\"><ul class=\"breadcrumb\"><li><a href=\"https:\/\/maho.cl\/web\/\">Inicio<\/a><\/li> <li class=\"li_separator\"><span class=\"separator\"><\/span><\/li> <li>P\u00e1gina<\/li><\/ul><\/div>\t\t\t\t\t\t\t<\/div>\n\t\t\t\t\t\t\n\t\t\t\t\t<\/div>\n\n\t\t\t\t <\/div> \n\t\t\t<\/div>\n\t\t\t\t<\/div>\n\t\t\t\t<\/div>\n\t\t\t\t\t<\/div>\n\t\t<\/div>\n\t\t\t\t\t\t\t<\/div>\n\t\t<\/section>\n\t\t<div class=\"elementor-element elementor-element-a5e5da0 e-flex e-con-boxed e-con e-parent\" data-id=\"a5e5da0\" data-element_type=\"container\" data-settings=\"{&quot;content_width&quot;:&quot;boxed&quot;}\" data-core-v316-plus=\"true\">\n\t\t\t\t\t<div class=\"e-con-inner\">\n\t\t\t\t<div class=\"elementor-element elementor-element-65f6cba elementor-widget elementor-widget-ova_heading\" data-id=\"65f6cba\" data-element_type=\"widget\" data-widget_type=\"ova_heading.default\">\n\t\t\t\t<div class=\"elementor-widget-container\">\n\t\t\t\t\t<div class=\"ova-heading\">\n\t\t\t\n\t\t\t\t\t\t\t<h3 class=\"title second_font\">T\u00e9rminos de Referencia Proceso Postulaci\u00f3n Profesionales SECOPLAC\/DOM<\/h3>\n\t\t\t\n\t\t\t\n\t\t<\/div>\n\t\t\t\t<\/div>\n\t\t\t\t<\/div>\n\t\t\t\t\t<\/div>\n\t\t\t\t<\/div>\n\t\t<div class=\"elementor-element elementor-element-e1b41a6 e-flex e-con-boxed e-con e-parent\" data-id=\"e1b41a6\" data-element_type=\"container\" data-settings=\"{&quot;content_width&quot;:&quot;boxed&quot;}\" data-core-v316-plus=\"true\">\n\t\t\t\t\t<div class=\"e-con-inner\">\n\t\t\t\t<div class=\"elementor-element elementor-element-b99c52f elementor-widget elementor-widget-wpdatatables\" data-id=\"b99c52f\" data-element_type=\"widget\" data-widget_type=\"wpdatatables.default\">\n\t\t\t\t<div class=\"elementor-widget-container\">\n\t\t\t\n<div class=\"wpdt-c row wpDataTableContainerSimpleTable wpDataTables wpDataTablesWrapper\n\"\n    >\n        <table id=\"wpdtSimpleTable-2\"\n           style=\"border-collapse:collapse;\n                   border-spacing:0px;\"\n           class=\"wpdtSimpleTable wpDataTable\"\n           data-column=\"2\"\n           data-rows=\"9\"\n           data-wpID=\"2\"\n           data-responsive=\"1\"\n           data-has-header=\"1\">\n\n                    <thead>        <tr class=\"wpdt-cell-row \" >\n                                <th class=\"wpdt-cell wpdt-align-left wpdt-fs-000016 wpdt-bold\"\n                                            data-cell-id=\"A1\"\n                    data-col-index=\"0\"\n                    data-row-index=\"0\"\n                    style=\" width:83.566058002148%;                    padding:10px;\n                    \"\n                    >\n                                        Listado de Archivos PDF                    <\/th>\n                                                <th class=\"wpdt-cell wpdt-bold wpdt-fs-000016\"\n                                            data-cell-id=\"B1\"\n                    data-col-index=\"1\"\n                    data-row-index=\"0\"\n                    style=\" width:16.433941997852%;                    padding:10px;\n                    \"\n                    >\n                                        Link Documento                    <\/th>\n                                        <\/tr>\n                    <tbody>        <tr class=\"wpdt-cell-row \" >\n                                <td class=\"wpdt-cell wpdt-align-left\"\n                                            data-cell-id=\"A2\"\n                    data-col-index=\"0\"\n                    data-row-index=\"1\"\n                    style=\"                    padding:10px;\n                    \"\n                    >\n                                        TDR Asistente de Topograf\u00eda -  Apoyo en Terreno (SECOPLAC)                    <\/td>\n                                                <td class=\"wpdt-cell \"\n                                            data-cell-id=\"B2\"\n                    data-col-index=\"1\"\n                    data-row-index=\"1\"\n                    style=\"                    padding:10px;\n                    \"\n                    >\n                                        <a class=\"wpdt-link-content\" href=\"https:\/\/maho.cl\/pdfmaho\/concursosecoplac\/TDRAsistentedeTopografia-ApoyoenTerreno(SECOPLAC).pdf\"  rel=\"\" target=\"_blank\" data-cell-id=\"11\" data-link-url=\"https:\/\/maho.cl\/pdfmaho\/concursosecoplac\/TDRAsistentedeTopografia-ApoyoenTerreno(SECOPLAC).pdf\" data-link-text=\"Ver PDF\" data-link-target=\"true\" data-link-nofollow=\"0\" data-link-noreferrer=\"0\" data-link-sponsored=\"0\" data-link-btn-status=\"0\" data-link-btn-class=\"\" data-link-content=\"wpdt-link-content\">Ver PDF<\/a>                    <\/td>\n                                        <\/tr>\n                            <tr class=\"wpdt-cell-row \" >\n                                <td class=\"wpdt-cell wpdt-align-left\"\n                                            data-cell-id=\"A3\"\n                    data-col-index=\"0\"\n                    data-row-index=\"2\"\n                    style=\"                    padding:10px;\n                    \"\n                    >\n                                        TDR Profesional de apoyo del Proceso Participaci\u00f3n Ciudadana - \u00c1rea de Estudios y Proyectos (SECOPLAC)                    <\/td>\n                                                <td class=\"wpdt-cell \"\n                                            data-cell-id=\"B3\"\n                    data-col-index=\"1\"\n                    data-row-index=\"2\"\n                    style=\"                    padding:10px;\n                    \"\n                    >\n                                        <a class=\"wpdt-link-content\" href=\"https:\/\/maho.cl\/pdfmaho\/concursosecoplac\/TDRProfesionaldeapoyodelProcesoParticipacionCiudadana-AreadeEstudiosyProyectos(SECOPLAC).pdf\"  rel=\"\" target=\"_blank\" data-cell-id=\"21\" data-link-url=\"https:\/\/maho.cl\/pdfmaho\/concursosecoplac\/TDRProfesionaldeapoyodelProcesoParticipacionCiudadana-AreadeEstudiosyProyectos(SECOPLAC).pdf\" data-link-text=\"Ver PDF\" data-link-target=\"true\" data-link-nofollow=\"0\" data-link-noreferrer=\"0\" data-link-sponsored=\"0\" data-link-btn-status=\"0\" data-link-btn-class=\"\" data-link-content=\"wpdt-link-content\">Ver PDF<\/a>                    <\/td>\n                                        <\/tr>\n                            <tr class=\"wpdt-cell-row \" >\n                                <td class=\"wpdt-cell wpdt-align-left\"\n                                            data-cell-id=\"A4\"\n                    data-col-index=\"0\"\n                    data-row-index=\"3\"\n                    style=\"                    padding:10px;\n                    \"\n                    >\n                                        TDR Arquitecto(a) Profesional - Asesor  T\u00e9cnico de Obras  y Proyectos (DOM)                    <\/td>\n                                                <td class=\"wpdt-cell \"\n                                            data-cell-id=\"B4\"\n                    data-col-index=\"1\"\n                    data-row-index=\"3\"\n                    style=\"                    padding:10px;\n                    \"\n                    >\n                                        <a class=\"wpdt-link-content\" href=\"https:\/\/maho.cl\/pdfmaho\/concursosecoplac\/TDRArquitecto(a)Profesional-AsesorTecnicodeObrasyProyectos (DOM).pdf\"  rel=\"\" target=\"_blank\" data-cell-id=\"31\" data-link-url=\"https:\/\/maho.cl\/pdfmaho\/concursosecoplac\/TDRArquitecto(a)Profesional-AsesorTecnicodeObrasyProyectos (DOM).pdf\" data-link-text=\"Ver PDF\" data-link-target=\"true\" data-link-nofollow=\"0\" data-link-noreferrer=\"0\" data-link-sponsored=\"0\" data-link-btn-status=\"0\" data-link-btn-class=\"\" data-link-content=\"wpdt-link-content\">Ver PDF<\/a>                    <\/td>\n                                        <\/tr>\n                            <tr class=\"wpdt-cell-row \" >\n                                <td class=\"wpdt-cell wpdt-align-left\"\n                                            data-cell-id=\"A5\"\n                    data-col-index=\"0\"\n                    data-row-index=\"4\"\n                    style=\"                    padding:10px;\n                    \"\n                    >\n                                        TDR Constructor Civil - Inspecci\u00f3n y Asesor\u00eda T\u00e9cnica de Proyectos (DOM)                    <\/td>\n                                                <td class=\"wpdt-cell \"\n                                            data-cell-id=\"B5\"\n                    data-col-index=\"1\"\n                    data-row-index=\"4\"\n                    style=\"                    padding:10px;\n                    \"\n                    >\n                                        <a class=\"wpdt-link-content\" href=\"https:\/\/maho.cl\/pdfmaho\/concursosecoplac\/TDRConstructorCivil-AreadeEstudiosyProyectos(SECOPLAC).pdf\"  rel=\"\" target=\"_blank\" data-cell-id=\"41\" data-link-url=\"https:\/\/maho.cl\/pdfmaho\/concursosecoplac\/TDRConstructorCivil-AreadeEstudiosyProyectos(SECOPLAC).pdf\" data-link-text=\"Ver PDF\" data-link-target=\"true\" data-link-nofollow=\"0\" data-link-noreferrer=\"0\" data-link-sponsored=\"0\" data-link-btn-status=\"0\" data-link-btn-class=\"\" data-link-content=\"wpdt-link-content\">Ver PDF<\/a>                    <\/td>\n                                        <\/tr>\n                            <tr class=\"wpdt-cell-row \" >\n                                <td class=\"wpdt-cell wpdt-align-left\"\n                                            data-cell-id=\"A6\"\n                    data-col-index=\"0\"\n                    data-row-index=\"5\"\n                    style=\"                    padding:10px;\n                    \"\n                    >\n                                        TDR Top\u00f3grafo(a) de Terreno - Apoyo T\u00e9cnico en Levantamientos Topogr\u00e1ficos (SECOPLAC)                    <\/td>\n                                                <td class=\"wpdt-cell \"\n                                            data-cell-id=\"B6\"\n                    data-col-index=\"1\"\n                    data-row-index=\"5\"\n                    style=\"                    padding:10px;\n                    \"\n                    >\n                                        <a class=\"wpdt-link-content\" href=\"https:\/\/maho.cl\/pdfmaho\/concursosecoplac\/TDR Top\u00f3grafo(a) de Terreno - Apoyo T\u00e9cnico en Levantamientos Topogr\u00e1ficos (SECOPLAC).pdf\"  rel=\"\" target=\"_blank\" data-cell-id=\"51\" data-link-url=\"https:\/\/maho.cl\/pdfmaho\/concursosecoplac\/TDR Top\u00f3grafo(a) de Terreno - Apoyo T\u00e9cnico en Levantamientos Topogr\u00e1ficos (SECOPLAC).pdf\" data-link-text=\"Ver PDF\" data-link-target=\"true\" data-link-nofollow=\"0\" data-link-noreferrer=\"0\" data-link-sponsored=\"0\" data-link-btn-status=\"0\" data-link-btn-class=\"\" data-link-content=\"wpdt-link-content\">Ver PDF<\/a>                    <\/td>\n                                        <\/tr>\n                            <tr class=\"wpdt-cell-row \" >\n                                <td class=\"wpdt-cell wpdt-align-left\"\n                                            data-cell-id=\"A7\"\n                    data-col-index=\"0\"\n                    data-row-index=\"6\"\n                    style=\"                    padding:10px;\n                    \"\n                    >\n                                        TDR Formulador(a) de Proyectos y Encargado(a) de Participacion Ciudadana - Area de Estudios y Proyectos (SECOPLAC)                    <\/td>\n                                                <td class=\"wpdt-cell \"\n                                            data-cell-id=\"B7\"\n                    data-col-index=\"1\"\n                    data-row-index=\"6\"\n                    style=\"                    padding:10px;\n                    \"\n                    >\n                                        <a class=\"wpdt-link-content\" href=\"https:\/\/maho.cl\/pdfmaho\/concursosecoplac\/TDR%20Formulador(a)%20de%20Proyectos%20y%20Encargado(a)%20de%20Participac%20ion%20Ciudadana%20-%20Area%20de%20Estud%20ios%20y%20Proyectos%20(SECOPLAC).pdf\"  rel=\"\" target=\"_blank\" data-cell-id=\"61\" data-link-url=\"https:\/\/maho.cl\/pdfmaho\/concursosecoplac\/TDR%20Formulador(a)%20de%20Proyectos%20y%20Encargado(a)%20de%20Participac%20ion%20Ciudadana%20-%20Area%20de%20Estud%20ios%20y%20Proyectos%20(SECOPLAC).pdf\" data-link-text=\"Ver PDF\" data-link-target=\"true\" data-link-nofollow=\"0\" data-link-noreferrer=\"0\" data-link-sponsored=\"0\" data-link-btn-status=\"0\" data-link-btn-class=\"\" data-link-content=\"wpdt-link-content\">Ver PDF<\/a>                    <\/td>\n                                        <\/tr>\n                            <tr class=\"wpdt-cell-row \" >\n                                <td class=\"wpdt-cell wpdt-align-left\"\n                                            data-cell-id=\"A8\"\n                    data-col-index=\"0\"\n                    data-row-index=\"7\"\n                    style=\"                    padding:10px;\n                    \"\n                    >\n                                        TDR Constructor Civil - Area de Estudios y Proyectos (SECOPLAC)                    <\/td>\n                                                <td class=\"wpdt-cell \"\n                                            data-cell-id=\"B8\"\n                    data-col-index=\"1\"\n                    data-row-index=\"7\"\n                    style=\"                    padding:10px;\n                    \"\n                    >\n                                        <a class=\"wpdt-link-content\" href=\"https:\/\/maho.cl\/pdfmaho\/concursosecoplac\/TDRConstructorCivil-Inspeccionyasesor\u00edaTecnicadeProyectos(DOM).pdf\"  rel=\"\" target=\"_blank\" data-cell-id=\"71\" data-link-url=\"https:\/\/maho.cl\/pdfmaho\/concursosecoplac\/TDRConstructorCivil-Inspeccionyasesor\u00edaTecnicadeProyectos(DOM).pdf\" data-link-text=\"Ver PDF\" data-link-target=\"true\" data-link-nofollow=\"0\" data-link-noreferrer=\"0\" data-link-sponsored=\"0\" data-link-btn-status=\"0\" data-link-btn-class=\"\" data-link-content=\"wpdt-link-content\">Ver PDF<\/a>                    <\/td>\n                                        <\/tr>\n                            <tr class=\"wpdt-cell-row \" >\n                                <td class=\"wpdt-cell wpdt-align-left\"\n                                            data-cell-id=\"A9\"\n                    data-col-index=\"0\"\n                    data-row-index=\"8\"\n                    style=\"                    padding:10px;\n                    \"\n                    >\n                                        TDR Arquitecto(a) Profesional Senior - Asesor T\u00e9cnico de Obras y Proyectos (DOM)                    <\/td>\n                                                <td class=\"wpdt-cell \"\n                                            data-cell-id=\"B9\"\n                    data-col-index=\"1\"\n                    data-row-index=\"8\"\n                    style=\"                    padding:10px;\n                    \"\n                    >\n                                        <a class=\"wpdt-link-content\" href=\"https:\/\/maho.cl\/pdfmaho\/concursosecoplac\/TDR Arquitecto(a) Profesional Senior - Asesor T\u00e9cnico de Obras y Proyectos (DOM).pdf\"  rel=\"\" target=\"_blank\" data-cell-id=\"81\" data-link-url=\"https:\/\/maho.cl\/pdfmaho\/concursosecoplac\/TDR Arquitecto(a) Profesional Senior - Asesor T\u00e9cnico de Obras y Proyectos (DOM).pdf\" data-link-text=\"Ver PDF\" data-link-target=\"true\" data-link-nofollow=\"0\" data-link-noreferrer=\"0\" data-link-sponsored=\"0\" data-link-btn-status=\"0\" data-link-btn-class=\"\" data-link-content=\"wpdt-link-content\">Ver PDF<\/a>                    <\/td>\n                                        <\/tr>\n                    <\/table>\n<\/div><style id='wpdt-custom-style-2'>\n.wpdt-fs-000016 { font-size: 16px !important;}\n<\/style>\n\t\t<\/div>\n\t\t\t\t<\/div>\n\t\t\t\t\t<\/div>\n\t\t\t\t<\/div>\n\t\t\t\t\t\t\t<\/div>\n\t\t","protected":false},"excerpt":{"rendered":"<p>Postulaci\u00f3n Profesionales SECOPLAC\/DOM Inicio P\u00e1gina T\u00e9rminos de Referencia Proceso Postulaci\u00f3n Profesionales SECOPLAC\/DOM<\/p>\n","protected":false},"author":1,"featured_media":0,"parent":0,"menu_order":0,"comment_status":"closed","ping_status":"closed","template":"elementor_header_footer","meta":{"_monsterinsights_skip_tracking":false,"_monsterinsights_sitenote_active":false,"_monsterinsights_sitenote_note":"","_monsterinsights_sitenote_category":0,"footnotes":""},"class_list":["post-18912","page","type-page","status-publish","hentry"],"_links":{"self":[{"href":"https:\/\/maho.cl\/web\/wp-json\/wp\/v2\/pages\/18912","targetHints":{"allow":["GET"]}}],"collection":[{"href":"https:\/\/maho.cl\/web\/wp-json\/wp\/v2\/pages"}],"about":[{"href":"https:\/\/maho.cl\/web\/wp-json\/wp\/v2\/types\/page"}],"author":[{"embeddable":true,"href":"https:\/\/maho.cl\/web\/wp-json\/wp\/v2\/users\/1"}],"replies":[{"embeddable":true,"href":"https:\/\/maho.cl\/web\/wp-json\/wp\/v2\/comments?post=18912"}],"version-history":[{"count":8,"href":"https:\/\/maho.cl\/web\/wp-json\/wp\/v2\/pages\/18912\/revisions"}],"predecessor-version":[{"id":18930,"href":"https:\/\/maho.cl\/web\/wp-json\/wp\/v2\/pages\/18912\/revisions\/18930"}],"wp:attachment":[{"href":"https:\/\/maho.cl\/web\/wp-json\/wp\/v2\/media?parent=18912"}],"curies":[{"name":"wp","href":"https:\/\/api.w.org\/{rel}","templated":true}]}}