{"id":5563,"date":"2016-03-29T22:08:24","date_gmt":"2016-03-29T22:08:24","guid":{"rendered":"https:\/\/maho.cl\/web2016\/?page_id=5563"},"modified":"2016-03-29T22:08:24","modified_gmt":"2016-03-29T22:08:24","slug":"medio-ambiente","status":"publish","type":"page","link":"https:\/\/maho.cl\/web\/medio-ambiente\/","title":{"rendered":"Medio Ambiente"},"content":{"rendered":"<p>[vc_row][vc_column][vc_custom_heading text=&#8221;Medio Ambiente&#8221; font_container=&#8221;tag:h1|text_align:left|color:%23ffffff&#8221; use_theme_fonts=&#8221;yes&#8221; css=&#8221;.vc_custom_1462859697295{margin-bottom: 16px !important;margin-left: -16px !important;border-bottom-width: 2px !important;padding-top: 5px !important;padding-bottom: 5px !important;padding-left: 15px !important;background-color: #2e70ba !important;border-bottom-color: #cccccc !important;border-bottom-style: groove !important;border-radius: 5px !important;}&#8221;][vc_empty_space height=&#8221;16px&#8221;][vc_column_text]<\/p>\n<div>\n<p style=\"text-align: justify;\">Alto Hospicio es una comuna creada bajo el amparo de la Ley N\u00b0 19.943 desde el a\u00f1o 2004 y desde entonces ha estado bajo el mando de Don Ram\u00f3n Galleguillos Castillo alcalde de la comuna reelecto en las \u00faltimas elecciones por un periodo de 4 a\u00f1os m\u00e1s.<\/p>\n<p style=\"text-align: justify;\">La comuna ha sufrido un crecimiento importante, lo cual queda demostrado seg\u00fan el \u00faltimo censo a\u00f1o 2012, en el cual seg\u00fan los datos entregados por INE creci\u00f3 en un 97 % m\u00e1s que el censo del a\u00f1o 2002, llegando a un total aproximado de 100.000 habitantes.<\/p>\n<p style=\"text-align: justify;\">Pero este crecimiento se ha logrado en desmedro del medio ambiente produciendo problemas latentes que se han hecho sentir por la comunidad. Problemas ambientales se centran en el manejo inadecuado de residuos s\u00f3lidos, produciendo los conocidos basurales clandestinos en sectores perif\u00e9ricos de la comuna. Otro problema es la cantidad importante de perros vagos, los que se asocian a riegos de enfermedades y problemas sanitarios. Tambi\u00e9n es conocido el problema de emisi\u00f3n de olores molestos por lagunas de tratamiento de aguas residuales de la comuna, entre otros.<\/p>\n<p style=\"text-align: justify;\">Por lo anterior y conociendo el problema pa\u00eds, desde hace dos d\u00e9cadas aproximadamente existe la normativa que regula la problem\u00e1tica ambiental en relaci\u00f3n a la ejecuci\u00f3n de proyectos y desde el a\u00f1o 2010 se ha incorporado a esta normativa la implementaci\u00f3n de certificaciones ambientales de los municipios en el pa\u00eds, proceso voluntario en que el objetivo es mostrar como ejemplo de buen manejo de la problem\u00e1tica ambiental desde el municipio a la comunidad.<\/p>\n<p style=\"text-align: justify;\"><strong>Directora Aseo y Ornato<\/strong>: 57 2 583090<\/p>\n<p style=\"text-align: justify;\"><strong>Secretaria<\/strong>:\u00a057 2 583092<\/p>\n<p style=\"text-align: justify;\"><strong>Encargado:<\/strong> 57 2 583097<\/p>\n<p style=\"text-align: justify;\"><strong>Veterinaria<\/strong>:\u00a057 2 583225<\/p>\n<p style=\"text-align: justify;\">Atenci\u00f3n P\u00fablico:\u00a057 2 583093<\/p>\n<\/div>\n<p>[\/vc_column_text][\/vc_column][\/vc_row]<\/p>\n","protected":false},"excerpt":{"rendered":"<p>[vc_row][vc_column][vc_custom_heading text=&#8221;Medio Ambiente&#8221; font_container=&#8221;tag:h1|text_align:left|color:%23ffffff&#8221; use_theme_fonts=&#8221;yes&#8221; css=&#8221;.vc_custom_1462859697295{margin-bottom: 16px !important;margin-left: -16px !important;border-bottom-width: 2px !important;padding-top: 5px !important;padding-bottom: 5px !important;padding-left: 15px !important;background-color: #2e70ba !important;border-bottom-color: #cccccc !important;border-bottom-style: groove !important;border-radius: 5px !important;}&#8221;][vc_empty_space height=&#8221;16px&#8221;][vc_column_text] Alto Hospicio es una comuna creada bajo el amparo de la Ley N\u00b0 19.943 desde el a\u00f1o 2004 y desde entonces ha estado bajo el mando de Don [&hellip;]<\/p>\n","protected":false},"author":1,"featured_media":0,"parent":0,"menu_order":0,"comment_status":"closed","ping_status":"closed","template":"page-right-sidebar.php","meta":{"_monsterinsights_skip_tracking":false,"_monsterinsights_sitenote_active":false,"_monsterinsights_sitenote_note":"","_monsterinsights_sitenote_category":0,"footnotes":""},"class_list":["post-5563","page","type-page","status-publish","hentry"],"_links":{"self":[{"href":"https:\/\/maho.cl\/web\/wp-json\/wp\/v2\/pages\/5563","targetHints":{"allow":["GET"]}}],"collection":[{"href":"https:\/\/maho.cl\/web\/wp-json\/wp\/v2\/pages"}],"about":[{"href":"https:\/\/maho.cl\/web\/wp-json\/wp\/v2\/types\/page"}],"author":[{"embeddable":true,"href":"https:\/\/maho.cl\/web\/wp-json\/wp\/v2\/users\/1"}],"replies":[{"embeddable":true,"href":"https:\/\/maho.cl\/web\/wp-json\/wp\/v2\/comments?post=5563"}],"version-history":[{"count":0,"href":"https:\/\/maho.cl\/web\/wp-json\/wp\/v2\/pages\/5563\/revisions"}],"wp:attachment":[{"href":"https:\/\/maho.cl\/web\/wp-json\/wp\/v2\/media?parent=5563"}],"curies":[{"name":"wp","href":"https:\/\/api.w.org\/{rel}","templated":true}]}}