{"id":5568,"date":"2016-03-29T22:16:36","date_gmt":"2016-03-29T22:16:36","guid":{"rendered":"https:\/\/maho.cl\/web2016\/?page_id=5568"},"modified":"2016-03-29T22:16:36","modified_gmt":"2016-03-29T22:16:36","slug":"scam","status":"publish","type":"page","link":"https:\/\/maho.cl\/web\/medio-ambiente\/scam\/","title":{"rendered":"SCAM"},"content":{"rendered":"<p>[vc_row][vc_column][vc_custom_heading text=&#8221;Sistema de Certificaci\u00f3n Ambiental Municipal (SCAM)&#8221; font_container=&#8221;tag:h1|text_align:left|color:%23ffffff&#8221; use_theme_fonts=&#8221;yes&#8221; css=&#8221;.vc_custom_1462859697295{margin-bottom: 16px !important;margin-left: -16px !important;border-bottom-width: 2px !important;padding-top: 5px !important;padding-bottom: 5px !important;padding-left: 15px !important;background-color: #2e70ba !important;border-bottom-color: #cccccc !important;border-bottom-style: groove !important;border-radius: 5px !important;}&#8221;][vc_empty_space height=&#8221;16px&#8221;][vc_column_text]<\/p>\n<div>\n<div>\n<h4 class=\"post-heading\" style=\"text-align: justify;\"><strong>Sistema de Certificaci\u00f3n Ambiental Municipal (SCAM)<\/strong><\/h4>\n<p style=\"text-align: justify;\">El sistema de certificaci\u00f3n ambiental municipal es un sistema global (que involucra todos las direcciones del municipio), de car\u00e1cter voluntario, que permite a los municipios instalarse en el territorio como modelo de gesti\u00f3n ambiental en donde todo su funcionamiento y servicios que presta a la comunidad integran el factor ambiental.<\/p>\n<p style=\"text-align: justify;\">De acuerdo a lo anterior el municipio se ha planteado la siguiente visi\u00f3n y misi\u00f3n.<\/p>\n<h4 class=\"post-heading\" style=\"text-align: justify;\"><strong>Visi\u00f3n<\/strong><\/h4>\n<p style=\"text-align: justify;\">Ser reconocidos como participantes activos y efectivos en la gesti\u00f3n ambiental del territorio, para enfrentar los problemas ambientales desde una perspectiva sistem\u00e1tica e integral.<\/p>\n<h4 class=\"post-heading\" style=\"text-align: justify;\"><strong>Misi\u00f3n<\/strong><\/h4>\n<p style=\"text-align: justify;\">Incluir a la comunidad en la gesti\u00f3n ambiental para abordar en conjunto los problemas ambientales y as\u00ed trabajar en l\u00edneas de acci\u00f3n para darle soluci\u00f3n parcial o total a cada uno de ellos.<\/p>\n<h4 class=\"post-heading\" style=\"text-align: justify;\"><strong>En que estamos<\/strong><\/h4>\n<p style=\"text-align: justify;\">Desde la firma del convenio entre la municipalidad de alto hospicio y la seremi de medio ambiente (julio 2012), se ha iniciado la elaboraci\u00f3n del diagnostico ambiental comunal y municipal, se ha constituido el comit\u00e9 ambiental municipal, se ha iniciado el programa de reciclaje dentro de las instalaciones municipales, partiendo por papel blanco de oficina y a futuro el cart\u00f3n y botellas pl\u00e1sticas.<\/p>\n<p style=\"text-align: justify;\">Durante el mes de marzo del 2013, la Municipalidad Obtuvo la Certificaci\u00f3n Ambiental B\u00e1sica, por lo cual ha demostrado el inter\u00e9s por el medio ambiente y lo que significa su protecci\u00f3n.<\/p>\n<p style=\"text-align: justify;\">A partir de este a\u00f1o y el pr\u00f3ximo se ha desarrollado una estrategia ambiental en conjunto con la participaci\u00f3n de la comunidad para lograr establecer un compromiso de bajar y\/o controlar el n\u00famero de problemas ambientales detectados en la comuna.<\/p>\n<h4 class=\"post-heading\" style=\"text-align: justify;\"><strong>Objetivos del SCAM<\/strong><\/h4>\n<p style=\"text-align: justify;\">Crear un prestigio municipal frente a la comunidad local, nacional e tambi\u00e9n internacional actuando como modelo.<\/p>\n<p style=\"text-align: justify;\">Involucrar en conjunto a los funcionarios municipales y habitantes de la comuna, construyendo un ambiente de comunicaci\u00f3n y transparencia.<\/p>\n<p style=\"text-align: justify;\">Optimizar el uso de agua y energ\u00eda dentro de los edificios municipales como en las viviendas.<\/p>\n<p style=\"text-align: justify;\">Promover la educaci\u00f3n ambiental d\u00e1ndole \u00e9nfasis a las edades tempranas.<\/p>\n<\/div>\n<\/div>\n<p>[\/vc_column_text][\/vc_column][\/vc_row]<\/p>\n","protected":false},"excerpt":{"rendered":"<p>[vc_row][vc_column][vc_custom_heading text=&#8221;Sistema de Certificaci\u00f3n Ambiental Municipal (SCAM)&#8221; font_container=&#8221;tag:h1|text_align:left|color:%23ffffff&#8221; use_theme_fonts=&#8221;yes&#8221; css=&#8221;.vc_custom_1462859697295{margin-bottom: 16px !important;margin-left: -16px !important;border-bottom-width: 2px !important;padding-top: 5px !important;padding-bottom: 5px !important;padding-left: 15px !important;background-color: #2e70ba !important;border-bottom-color: #cccccc !important;border-bottom-style: groove !important;border-radius: 5px !important;}&#8221;][vc_empty_space height=&#8221;16px&#8221;][vc_column_text] Sistema de Certificaci\u00f3n Ambiental Municipal (SCAM) El sistema de certificaci\u00f3n ambiental municipal es un sistema global (que involucra todos las direcciones del municipio), de [&hellip;]<\/p>\n","protected":false},"author":1,"featured_media":0,"parent":5563,"menu_order":0,"comment_status":"closed","ping_status":"closed","template":"page-right-sidebar.php","meta":{"_monsterinsights_skip_tracking":false,"_monsterinsights_sitenote_active":false,"_monsterinsights_sitenote_note":"","_monsterinsights_sitenote_category":0,"footnotes":""},"class_list":["post-5568","page","type-page","status-publish","hentry"],"_links":{"self":[{"href":"https:\/\/maho.cl\/web\/wp-json\/wp\/v2\/pages\/5568","targetHints":{"allow":["GET"]}}],"collection":[{"href":"https:\/\/maho.cl\/web\/wp-json\/wp\/v2\/pages"}],"about":[{"href":"https:\/\/maho.cl\/web\/wp-json\/wp\/v2\/types\/page"}],"author":[{"embeddable":true,"href":"https:\/\/maho.cl\/web\/wp-json\/wp\/v2\/users\/1"}],"replies":[{"embeddable":true,"href":"https:\/\/maho.cl\/web\/wp-json\/wp\/v2\/comments?post=5568"}],"version-history":[{"count":0,"href":"https:\/\/maho.cl\/web\/wp-json\/wp\/v2\/pages\/5568\/revisions"}],"up":[{"embeddable":true,"href":"https:\/\/maho.cl\/web\/wp-json\/wp\/v2\/pages\/5563"}],"wp:attachment":[{"href":"https:\/\/maho.cl\/web\/wp-json\/wp\/v2\/media?parent=5568"}],"curies":[{"name":"wp","href":"https:\/\/api.w.org\/{rel}","templated":true}]}}