{"id":6018,"date":"2016-05-03T22:22:06","date_gmt":"2016-05-04T02:22:06","guid":{"rendered":"https:\/\/maho.cl\/web2016\/?page_id=6018"},"modified":"2016-05-03T22:22:06","modified_gmt":"2016-05-04T02:22:06","slug":"biblioteca-municipal-publica-305","status":"publish","type":"page","link":"https:\/\/maho.cl\/web\/programas-dideco\/biblioteca-municipal-publica-305\/","title":{"rendered":"Biblioteca Municipal P\u00fablica N\u00ba 305"},"content":{"rendered":"<p>[vc_row][vc_column][vc_custom_heading text=&#8221;Biblioteca Municipal P\u00fablica N\u00ba 305&#8243; font_container=&#8221;tag:h1|text_align:left|color:%23ffffff&#8221; use_theme_fonts=&#8221;yes&#8221; css=&#8221;.vc_custom_1462859697295{margin-bottom: 16px !important;margin-left: -16px !important;border-bottom-width: 2px !important;padding-top: 5px !important;padding-bottom: 5px !important;padding-left: 15px !important;background-color: #2e70ba !important;border-bottom-color: #cccccc !important;border-bottom-style: groove !important;border-radius: 5px !important;}&#8221;][\/vc_column][\/vc_row][vc_row][vc_column width=&#8221;1\/4&#8243; css=&#8221;.vc_custom_1459828419466{padding-top: 5px !important;padding-right: 5px !important;padding-bottom: 5px !important;padding-left: 5px !important;background-color: #dde5f0 !important;}&#8221;][vc_empty_space height=&#8221;25px&#8221;][ultimate_icon_list icon_size=&#8221;15&#8243; icon_margin=&#8221;5&#8243;][ultimate_icon_list_item icon=&#8221;lineicon-tag&#8221;]Tel\u00e9fono: 57 2\u00a0523221[\/ultimate_icon_list_item][ultimate_icon_list_item icon=&#8221;lineicon-mail&#8221;]<a href=\"mailto:b305bc1@abretumundo.cl\">b305bc1@abretumundo.cl<\/a>[\/ultimate_icon_list_item][ultimate_icon_list_item icon=&#8221;lineicon-location&#8221;]Los Nogales #3321[\/ultimate_icon_list_item][\/ultimate_icon_list][vc_empty_space height=&#8221;25px&#8221;][vc_custom_heading text=&#8221;Contenidos&#8221; font_container=&#8221;tag:h3|text_align:left&#8221; use_theme_fonts=&#8221;yes&#8221; css=&#8221;.vc_custom_1462325156124{margin-bottom: 16px !important;}&#8221;][vc_widget_sidebar sidebar_id=&#8221;sc442_337qtf&#8221;][\/vc_column][vc_column width=&#8221;3\/4&#8243;][vc_empty_space height=&#8221;16px&#8221;][vc_custom_heading text=&#8221;Objetivos&#8221; font_container=&#8221;tag:h3|text_align:left&#8221; use_theme_fonts=&#8221;yes&#8221; css=&#8221;.vc_custom_1462937630366{margin-bottom: 16px !important;}&#8221;][vc_empty_space height=&#8221;10px&#8221;][vc_column_text]<\/p>\n<p style=\"text-align: justify;\">La Biblioteca \u00a0P\u00fablica \u00a0Municipal\u00a0 N\u00b0 305,\u00a0 es una\u00a0entidad\u00a0cultural\u00a0administrada\u00a0por la\u00a0<a href=\"http:\/\/www.maho.cl\/\">Municipalidad de Alto Hospicio<\/a>, en convenio con la\u00a0<a href=\"http:\/\/www.dibam.cl\/\">DIBAM<\/a>. Este centro tiene como objetivo poner a disposici\u00f3n de toda la comunidad y sin ninguna distinci\u00f3n social o cultural,\u00a0los cerca de 6.244 libros, adem\u00e1s de 8 computadores con conexi\u00f3n a internet gratuito,\u00a0diario local, comunal y\u00a0otros materiales, para ser utilizados de acuerdo a sus necesidades.<\/p>\n<p style=\"text-align: justify;\">Ofrecemos distintos servicios como los Pr\u00e9stamos de Libros a Domicilio\u201d en donde puedes llevar 3 libros a tu domicilio por un tiempo de 7 d\u00edas, cumpliendo ese plazo los libros deben ser devueltos.<\/p>\n<p style=\"text-align: justify;\">Gran parte de nuestros libros son de lectura domiciliaria que piden habitualmente los colegios, tambi\u00e9n pueden acercarse a consultar con su lista de libros. Adem\u00e1s, contamos con una amplia colecci\u00f3n de novelas, reposter\u00eda, comics, libros de autoayuda, historia, educaci\u00f3n, sociolog\u00eda, m\u00fasica, diarios, revistas, entre otros.<\/p>\n<p style=\"text-align: justify;\">Contamos con servicio de Wifi gratuito, permitiendo a todos los usuarios registrados hacer uso de la conexi\u00f3n a internet para realizar tr\u00e1mites, tareas o enviar correos electr\u00f3nicos. Asimismo, pueden aprovechar esta instancia para conectar el notebook personal, tablet o celular, en cualquier lugar de la biblioteca.<\/p>\n<p style=\"text-align: justify;\">Desde marzo de 2016, el uso de los computadores es a partir de las 15:00 horas, ya que en las ma\u00f1anas se imparten clases de computaci\u00f3n. En tanto, en los meses de enero, febrero, julio y diciembre, el uso de los computadores es durante la jornada permitida.<\/p>\n<p style=\"text-align: justify;\">Las Cajas Viajeras es otra modalidad que est\u00e1 dirigida a las agrupaciones organizadas como juntas de vecinos, clubes y jardines infantiles, entre otros. Se les prestan los libros durante un mes, para ello, el representante legal de la organizaci\u00f3n debe acercarse a la Biblioteca, elegir los libros y dejar un registro con los antecedentes del ente responsable, junto con la fotocopia del inicio de la agrupaci\u00f3n en el caso de la junta de vecinos o clubes, fotocopia de la c\u00e9dula de identidad del representante legal y tel\u00e9fono de contacto. En el caso de jardines infantiles y escuelas, los requisitos son la fotocopia de la c\u00e9ddula de identidad, tel\u00e9fono de contacto del lugar de trabajo y personal.<\/p>\n<p style=\"text-align: justify;\">Las clases de computaci\u00f3n est\u00e1n dirigidas a quienes tengan el real inter\u00e9s y ganas de conocer y aprender. Se imparten cursos de:<\/p>\n<p style=\"text-align: justify;\">-Alfabetizaci\u00f3n digital (14 horas = 7 d\u00edas h\u00e1biles): Dirigido a personas nulo conocimiento en computaci\u00f3n.<\/p>\n<p style=\"text-align: justify;\">-Microsoft Word (20 horas = 10 d\u00edas)<\/p>\n<p style=\"text-align: justify;\">-Microsoft Power Point (10 horas = 5 d\u00edas)<\/p>\n<p style=\"text-align: justify;\">-Microsoft Excel (20 horas = 10 d\u00edas)<\/p>\n<p style=\"text-align: justify;\">Para acceder a los cursos, deben inscribirse en la biblioteca en los meses de enero, febrero y marzo. Los horarios del primer grupo van desde las 9.30 y hasta las 11.30 horas y el segundo grupo desde las 11.30 y hasta las 13.30 horas. Los cursos son gratuitos y al finalizarlos, se entrega un certificado.<\/p>\n<p style=\"text-align: justify;\">Tambi\u00e9n contamos con salas de estudios para estudiantes y\/o grupo de estudios, los que pueden ser utilizados durante el horario de la biblioteca.<\/p>\n<p style=\"text-align: justify;\"><strong>Actividades paralelas<\/strong><\/p>\n<p style=\"text-align: justify;\">Celebramos el D\u00eda del libro durante el mes de abril, en coordinaci\u00f3n con un establecimiento educacional y las usuarias de la biblioteca. Asimismo realizamos visitas programadas de los jardines infantiles (se realiza un cuenta cuentos y conocen las dependencias de la biblioteca). Tambi\u00e9n organizamos visitas de la Escuela Especial Uruchi, las que se realizan junto con los apoderados que los acompa\u00f1an en cada actividad. Y las visitas programadas con los distintos colegios, en donde se les invita a ser socios para que puedan acceder al uso de internet gratis, adem\u00e1s, de una visita guiada en donde se les explica los servicios que presta la Biblioteca Municipal N\u00b0 305.<\/p>\n<p style=\"text-align: justify;\"><strong>\u00bfCu\u00e1les son los requisitos para ser socio?<\/strong><\/p>\n<ul style=\"text-align: justify;\">\n<li>Fotocopia de la c\u00e9dula de identidad.<\/li>\n<li>Comprobante de domicilio (boleta de luz o agua).<\/li>\n<li>Certificado de alumno regular (para menores de edad).<\/li>\n<\/ul>\n<p style=\"text-align: justify;\">Horarios de atenci\u00f3n:<\/p>\n<p style=\"text-align: justify;\">Lunes a viernes de 8:30 a 14:00 y de 15:00 a 17:30 horas, los d\u00edas viernes hasta las 16:30 horas.<\/p>\n<p style=\"text-align: justify;\">Direcci\u00f3n: Los Nogales 3321<\/p>\n<p style=\"text-align: justify;\">Tel\u00e9fono: 57 2 523221<\/p>\n<p style=\"text-align: justify;\">Email: b305bc1@abretumundo.cl<\/p>\n<p>[\/vc_column_text][vc_empty_space height=&#8221;16px&#8221;][vc_gmaps link=&#8221;#E-8_JTNDaWZyYW1lJTIwc3JjJTNEJTIyaHR0cHMlM0ElMkYlMkZ3d3cuZ29vZ2xlLmNvbSUyRm1hcHMlMkZlbWJlZCUzRnBiJTNEJTIxMW0xOCUyMTFtMTIlMjExbTMlMjExZDI5OTQxLjU0MDc1NzUyNjE0JTIxMmQtNzAuMTA4ODMxMjExMTc0MDYlMjEzZC0yMC4yNzE1Nzk5MjYxNzc4JTIxMm0zJTIxMWYwJTIxMmYwJTIxM2YwJTIxM20yJTIxMWkxMDI0JTIxMmk3NjglMjE0ZjEzLjElMjEzbTMlMjExbTIlMjExczB4OTE1MjNlNzAyOTNjNTYzMyUyNTNBMHg2NzFmZjczOTYzMmY1NjYwJTIxMnNBbHRvJTJCSG9zcGljaW8lMjUyQyUyQlJlZ2klMjVDMyUyNUIzbiUyQmRlJTJCVGFyYXBhYyUyNUMzJTI1QTElMjUyQyUyQkNoaWxlJTIxNWUwJTIxM20yJTIxMXNlcyUyMTJzJTIxNHYxNDU5ODI2MTU5MDc4JTIyJTIwd2lkdGglM0QlMjI2MDAlMjIlMjBoZWlnaHQlM0QlMjI0NTAlMjIlMjBmcmFtZWJvcmRlciUzRCUyMjAlMjIlMjBzdHlsZSUzRCUyMmJvcmRlciUzQTAlMjIlMjBhbGxvd2Z1bGxzY3JlZW4lM0UlM0MlMkZpZnJhbWUlM0U=&#8221;][\/vc_column][\/vc_row]<\/p>\n","protected":false},"excerpt":{"rendered":"<p>[vc_row][vc_column][vc_custom_heading text=&#8221;Biblioteca Municipal P\u00fablica N\u00ba 305&#8243; font_container=&#8221;tag:h1|text_align:left|color:%23ffffff&#8221; use_theme_fonts=&#8221;yes&#8221; css=&#8221;.vc_custom_1462859697295{margin-bottom: 16px !important;margin-left: -16px !important;border-bottom-width: 2px !important;padding-top: 5px !important;padding-bottom: 5px !important;padding-left: 15px !important;background-color: #2e70ba !important;border-bottom-color: #cccccc !important;border-bottom-style: groove !important;border-radius: 5px !important;}&#8221;][\/vc_column][\/vc_row][vc_row][vc_column width=&#8221;1\/4&#8243; css=&#8221;.vc_custom_1459828419466{padding-top: 5px !important;padding-right: 5px !important;padding-bottom: 5px !important;padding-left: 5px !important;background-color: #dde5f0 !important;}&#8221;][vc_empty_space height=&#8221;25px&#8221;][ultimate_icon_list icon_size=&#8221;15&#8243; icon_margin=&#8221;5&#8243;][ultimate_icon_list_item icon=&#8221;lineicon-tag&#8221;]Tel\u00e9fono: 57 2\u00a0523221[\/ultimate_icon_list_item][ultimate_icon_list_item icon=&#8221;lineicon-mail&#8221;]b305bc1@abretumundo.cl[\/ultimate_icon_list_item][ultimate_icon_list_item icon=&#8221;lineicon-location&#8221;]Los Nogales #3321[\/ultimate_icon_list_item][\/ultimate_icon_list][vc_empty_space height=&#8221;25px&#8221;][vc_custom_heading text=&#8221;Contenidos&#8221; font_container=&#8221;tag:h3|text_align:left&#8221; use_theme_fonts=&#8221;yes&#8221; [&hellip;]<\/p>\n","protected":false},"author":1,"featured_media":0,"parent":6008,"menu_order":0,"comment_status":"closed","ping_status":"closed","template":"","meta":{"_monsterinsights_skip_tracking":false,"_monsterinsights_sitenote_active":false,"_monsterinsights_sitenote_note":"","_monsterinsights_sitenote_category":0,"footnotes":""},"class_list":["post-6018","page","type-page","status-publish","hentry"],"_links":{"self":[{"href":"https:\/\/maho.cl\/web\/wp-json\/wp\/v2\/pages\/6018","targetHints":{"allow":["GET"]}}],"collection":[{"href":"https:\/\/maho.cl\/web\/wp-json\/wp\/v2\/pages"}],"about":[{"href":"https:\/\/maho.cl\/web\/wp-json\/wp\/v2\/types\/page"}],"author":[{"embeddable":true,"href":"https:\/\/maho.cl\/web\/wp-json\/wp\/v2\/users\/1"}],"replies":[{"embeddable":true,"href":"https:\/\/maho.cl\/web\/wp-json\/wp\/v2\/comments?post=6018"}],"version-history":[{"count":0,"href":"https:\/\/maho.cl\/web\/wp-json\/wp\/v2\/pages\/6018\/revisions"}],"up":[{"embeddable":true,"href":"https:\/\/maho.cl\/web\/wp-json\/wp\/v2\/pages\/6008"}],"wp:attachment":[{"href":"https:\/\/maho.cl\/web\/wp-json\/wp\/v2\/media?parent=6018"}],"curies":[{"name":"wp","href":"https:\/\/api.w.org\/{rel}","templated":true}]}}