{"id":6025,"date":"2016-05-03T22:38:14","date_gmt":"2016-05-04T02:38:14","guid":{"rendered":"https:\/\/maho.cl\/web2016\/?page_id=6025"},"modified":"2016-05-03T22:38:14","modified_gmt":"2016-05-04T02:38:14","slug":"centro-de-la-mujer-alto-hospicio","status":"publish","type":"page","link":"https:\/\/maho.cl\/web\/programas-dideco\/centro-de-la-mujer-alto-hospicio\/","title":{"rendered":"Centro de la Mujer Alto Hospicio"},"content":{"rendered":"<p>[vc_row][vc_column][vc_custom_heading text=&#8221;Centro de la Mujer Alto Hospicio&#8221; font_container=&#8221;tag:h1|text_align:left|color:%23ffffff&#8221; use_theme_fonts=&#8221;yes&#8221; css=&#8221;.vc_custom_1462859697295{margin-bottom: 16px !important;margin-left: -16px !important;border-bottom-width: 2px !important;padding-top: 5px !important;padding-bottom: 5px !important;padding-left: 15px !important;background-color: #2e70ba !important;border-bottom-color: #cccccc !important;border-bottom-style: groove !important;border-radius: 5px !important;}&#8221;][\/vc_column][\/vc_row][vc_row][vc_column width=&#8221;1\/4&#8243; css=&#8221;.vc_custom_1459828419466{padding-top: 5px !important;padding-right: 5px !important;padding-bottom: 5px !important;padding-left: 5px !important;background-color: #dde5f0 !important;}&#8221;][vc_empty_space height=&#8221;25px&#8221;][ultimate_icon_list icon_size=&#8221;15&#8243; icon_margin=&#8221;5&#8243;][ultimate_icon_list_item icon=&#8221;lineicon-user&#8221;]<strong>Encargada<\/strong>: Karen Cabello[\/ultimate_icon_list_item][ultimate_icon_list_item icon=&#8221;lineicon-location&#8221;]<strong>Direcci\u00f3n<\/strong>: Av. Ram\u00f3n P\u00e9rez Opazo N\u00b03125[\/ultimate_icon_list_item][ultimate_icon_list_item icon=&#8221;lineicon-tag&#8221;]Tel\u00e9fono: 57 2 730233[\/ultimate_icon_list_item][ultimate_icon_list_item icon=&#8221;lineicon-mail&#8221;]<a href=\"mailto:centrodelamujer@maho.cl\">centrodelamujer@maho.cl<\/a>[\/ultimate_icon_list_item][\/ultimate_icon_list][vc_empty_space height=&#8221;25px&#8221;][vc_custom_heading text=&#8221;Contenidos&#8221; font_container=&#8221;tag:h3|text_align:left&#8221; use_theme_fonts=&#8221;yes&#8221; css=&#8221;.vc_custom_1462325156124{margin-bottom: 16px !important;}&#8221;][vc_widget_sidebar sidebar_id=&#8221;sc442_337qtf&#8221;][\/vc_column][vc_column width=&#8221;3\/4&#8243;][vc_empty_space height=&#8221;16px&#8221;][vc_custom_heading text=&#8221;Objetivo&#8221; font_container=&#8221;tag:h3|text_align:left&#8221; use_theme_fonts=&#8221;yes&#8221; css=&#8221;.vc_custom_1459826645027{margin-bottom: 16px !important;}&#8221;][vc_empty_space height=&#8221;10px&#8221;][vc_column_text]<\/p>\n<p style=\"text-align: justify;\">Este programa que es ejecutado por el Municipio de Alto Hospicio, tiene como objetivo principal contribuir en el \u00e1mbito local a disminuir y desnaturalizar la violencia en contra de las mujeres, a trav\u00e9s de acciones de prevenci\u00f3n y atenci\u00f3n psicosocial y jur\u00eddica, como tambi\u00e9n articular redes que permitan generar una respuesta oportuna, en conjunto con organizaciones sociales.<\/p>\n<p style=\"text-align: justify;\"><strong>\u00bfQui\u00e9nes son las beneficiarias?<\/strong><\/p>\n<p style=\"text-align: justify;\">Todas las mujeres de 18 a\u00f1os o m\u00e1s que sufren o han sufrido cualquier tipo de violencia de parte de sus parejas y que residan en la comuna de Alto Hospicio, sin importar nacionalidad, estado civil, nivel socio-econ\u00f3mico o nivel educacional.<\/p>\n<p style=\"text-align: justify;\"><strong>\u00bfC\u00f3mo ingresar al programa?<\/strong><\/p>\n<p style=\"text-align: justify;\">Se puede ingresar de forma voluntaria o a trav\u00e9s de derivaci\u00f3n, es decir, de instituciones tales como justicia, salud, educaci\u00f3n, programas sociales o MAHO.<\/p>\n<p style=\"text-align: justify;\"><strong>\u00bfCu\u00e1l es la modalidad de atenci\u00f3n?<\/strong><\/p>\n<p style=\"text-align: justify;\">Se realiza una primera acogida por parte de la dupla psicosocial, en donde se aval\u00faan los niveles de violencia, riesgos y da\u00f1os que presentan las usuarias al ingresar. Cuando el caso lo amerita y la usuaria lo solicita, es atendida por el \u00e1rea jur\u00eddica.<\/p>\n<p style=\"text-align: justify;\">El proceso de reparaci\u00f3n es a trav\u00e9s de talleres grupales, en donde se tratan tem\u00e1ticas acorde a la a la evaluaci\u00f3n realizada. En los casos particulares como horario de trabajo, da\u00f1o emocional mayor o que la mujer est\u00e9 descompensada y no pueda participar grupalmente, es atendida en forma individual en horario y d\u00eda en que la usuaria pueda asistir.\u00a0 Cabe destacar que las personas que est\u00e9n con consumo problem\u00e1tico de droga y con patolog\u00edas psiqui\u00e1tricas no tratadas, no podr\u00e1n hacer ingreso al Centro.<\/p>\n<p style=\"text-align: justify;\"><strong>Horario de Atenci\u00f3n<\/strong><\/p>\n<p style=\"text-align: justify;\">De lunes a jueves de 08:30 a 17:30 horas, los d\u00edas viernes de 08:30 a 16:30 horas. Los talleres se realizan una vez a la semana en los siguientes horarios: 10:00 a 12:00 horas \/ 15:00 a 17:00 horas.<\/p>\n<p>[\/vc_column_text][vc_empty_space height=&#8221;16px&#8221;][vc_gmaps link=&#8221;#E-8_JTNDaWZyYW1lJTIwc3JjJTNEJTIyaHR0cHMlM0ElMkYlMkZ3d3cuZ29vZ2xlLmNvbSUyRm1hcHMlMkZlbWJlZCUzRnBiJTNEJTIxMW0xOCUyMTFtMTIlMjExbTMlMjExZDI5OTQxLjU0MDc1NzUyNjE0JTIxMmQtNzAuMTA4ODMxMjExMTc0MDYlMjEzZC0yMC4yNzE1Nzk5MjYxNzc4JTIxMm0zJTIxMWYwJTIxMmYwJTIxM2YwJTIxM20yJTIxMWkxMDI0JTIxMmk3NjglMjE0ZjEzLjElMjEzbTMlMjExbTIlMjExczB4OTE1MjNlNzAyOTNjNTYzMyUyNTNBMHg2NzFmZjczOTYzMmY1NjYwJTIxMnNBbHRvJTJCSG9zcGljaW8lMjUyQyUyQlJlZ2klMjVDMyUyNUIzbiUyQmRlJTJCVGFyYXBhYyUyNUMzJTI1QTElMjUyQyUyQkNoaWxlJTIxNWUwJTIxM20yJTIxMXNlcyUyMTJzJTIxNHYxNDU5ODI2MTU5MDc4JTIyJTIwd2lkdGglM0QlMjI2MDAlMjIlMjBoZWlnaHQlM0QlMjI0NTAlMjIlMjBmcmFtZWJvcmRlciUzRCUyMjAlMjIlMjBzdHlsZSUzRCUyMmJvcmRlciUzQTAlMjIlMjBhbGxvd2Z1bGxzY3JlZW4lM0UlM0MlMkZpZnJhbWUlM0U=&#8221;][\/vc_column][\/vc_row]<\/p>\n","protected":false},"excerpt":{"rendered":"<p>[vc_row][vc_column][vc_custom_heading text=&#8221;Centro de la Mujer Alto Hospicio&#8221; font_container=&#8221;tag:h1|text_align:left|color:%23ffffff&#8221; use_theme_fonts=&#8221;yes&#8221; css=&#8221;.vc_custom_1462859697295{margin-bottom: 16px !important;margin-left: -16px !important;border-bottom-width: 2px !important;padding-top: 5px !important;padding-bottom: 5px !important;padding-left: 15px !important;background-color: #2e70ba !important;border-bottom-color: #cccccc !important;border-bottom-style: groove !important;border-radius: 5px !important;}&#8221;][\/vc_column][\/vc_row][vc_row][vc_column width=&#8221;1\/4&#8243; css=&#8221;.vc_custom_1459828419466{padding-top: 5px !important;padding-right: 5px !important;padding-bottom: 5px !important;padding-left: 5px !important;background-color: #dde5f0 !important;}&#8221;][vc_empty_space height=&#8221;25px&#8221;][ultimate_icon_list icon_size=&#8221;15&#8243; icon_margin=&#8221;5&#8243;][ultimate_icon_list_item icon=&#8221;lineicon-user&#8221;]Encargada: Karen Cabello[\/ultimate_icon_list_item][ultimate_icon_list_item icon=&#8221;lineicon-location&#8221;]Direcci\u00f3n: Av. Ram\u00f3n P\u00e9rez Opazo N\u00b03125[\/ultimate_icon_list_item][ultimate_icon_list_item icon=&#8221;lineicon-tag&#8221;]Tel\u00e9fono: [&hellip;]<\/p>\n","protected":false},"author":1,"featured_media":0,"parent":6008,"menu_order":0,"comment_status":"closed","ping_status":"closed","template":"","meta":{"_monsterinsights_skip_tracking":false,"_monsterinsights_sitenote_active":false,"_monsterinsights_sitenote_note":"","_monsterinsights_sitenote_category":0,"footnotes":""},"class_list":["post-6025","page","type-page","status-publish","hentry"],"_links":{"self":[{"href":"https:\/\/maho.cl\/web\/wp-json\/wp\/v2\/pages\/6025","targetHints":{"allow":["GET"]}}],"collection":[{"href":"https:\/\/maho.cl\/web\/wp-json\/wp\/v2\/pages"}],"about":[{"href":"https:\/\/maho.cl\/web\/wp-json\/wp\/v2\/types\/page"}],"author":[{"embeddable":true,"href":"https:\/\/maho.cl\/web\/wp-json\/wp\/v2\/users\/1"}],"replies":[{"embeddable":true,"href":"https:\/\/maho.cl\/web\/wp-json\/wp\/v2\/comments?post=6025"}],"version-history":[{"count":0,"href":"https:\/\/maho.cl\/web\/wp-json\/wp\/v2\/pages\/6025\/revisions"}],"up":[{"embeddable":true,"href":"https:\/\/maho.cl\/web\/wp-json\/wp\/v2\/pages\/6008"}],"wp:attachment":[{"href":"https:\/\/maho.cl\/web\/wp-json\/wp\/v2\/media?parent=6025"}],"curies":[{"name":"wp","href":"https:\/\/api.w.org\/{rel}","templated":true}]}}