{"id":6074,"date":"2016-05-03T23:22:48","date_gmt":"2016-05-04T03:22:48","guid":{"rendered":"https:\/\/maho.cl\/web2016\/?page_id=6074"},"modified":"2016-05-03T23:22:48","modified_gmt":"2016-05-04T03:22:48","slug":"programa-vinculos","status":"publish","type":"page","link":"https:\/\/maho.cl\/web\/programas-dideco\/programa-vinculos\/","title":{"rendered":"Programa V\u00ednculos"},"content":{"rendered":"<p>[vc_row][vc_column][vc_custom_heading text=&#8221;Programa V\u00ednculos&#8221; font_container=&#8221;tag:h1|text_align:left|color:%23ffffff&#8221; use_theme_fonts=&#8221;yes&#8221; css=&#8221;.vc_custom_1462859697295{margin-bottom: 16px !important;margin-left: -16px !important;border-bottom-width: 2px !important;padding-top: 5px !important;padding-bottom: 5px !important;padding-left: 15px !important;background-color: #2e70ba !important;border-bottom-color: #cccccc !important;border-bottom-style: groove !important;border-radius: 5px !important;}&#8221;][\/vc_column][\/vc_row][vc_row][vc_column width=&#8221;1\/4&#8243; css=&#8221;.vc_custom_1459828419466{padding-top: 5px !important;padding-right: 5px !important;padding-bottom: 5px !important;padding-left: 5px !important;background-color: #dde5f0 !important;}&#8221;][vc_empty_space height=&#8221;25px&#8221;][ultimate_icon_list icon_size=&#8221;15&#8243; icon_margin=&#8221;5&#8243;][ultimate_icon_list_item icon=&#8221;lineicon-user&#8221;]<strong>Encargada<\/strong>: Romina Mamani[\/ultimate_icon_list_item][ultimate_icon_list_item icon=&#8221;lineicon-location&#8221;]<strong>Direcci\u00f3n<\/strong>: Av. Ram\u00f3n P\u00e9rez Opazo N\u00b02135, primer piso.[\/ultimate_icon_list_item][ultimate_icon_list_item icon=&#8221;lineicon-tag&#8221;]Tel\u00e9fono: 57 2 583121[\/ultimate_icon_list_item][ultimate_icon_list_item icon=&#8221;lineicon-mail&#8221;]<a href=\"mailto:rmamani@maho.cl\">rmamani@maho.cl<\/a>[\/ultimate_icon_list_item][\/ultimate_icon_list][vc_empty_space height=&#8221;25px&#8221;][vc_custom_heading text=&#8221;Contenidos&#8221; font_container=&#8221;tag:h3|text_align:left&#8221; use_theme_fonts=&#8221;yes&#8221; css=&#8221;.vc_custom_1462325156124{margin-bottom: 16px !important;}&#8221;][vc_widget_sidebar sidebar_id=&#8221;sc442_337qtf&#8221;][\/vc_column][vc_column width=&#8221;3\/4&#8243;][vc_empty_space height=&#8221;16px&#8221;][vc_custom_heading text=&#8221;Objetivo&#8221; font_container=&#8221;tag:h3|text_align:left&#8221; use_theme_fonts=&#8221;yes&#8221; css=&#8221;.vc_custom_1459826645027{margin-bottom: 16px !important;}&#8221;][vc_empty_space height=&#8221;10px&#8221;][vc_column_text]<\/p>\n<p style=\"text-align: justify;\">El Programa V\u00ednculos tiene como objetivo contribuir a la generaci\u00f3n de condiciones, que permitan a sus usuarios acceder en forma preferente al conjunto de prestaciones sociales pertinentes a sus necesidades. A la vez, entrega herramientas a personas mayores en situaci\u00f3n de vulnerabilidad social, para que logren vincularse con la red de apoyo social de su comuna y con sus pares.<\/p>\n<p style=\"text-align: justify;\"><strong>\u00bfQui\u00e9nes pueden participar?<\/strong><\/p>\n<p style=\"text-align: justify;\">Pueden participar personas mayores de 65 a\u00f1os, que vivan solos o acompa\u00f1ados de una persona de cualquier edad y que ingresan al nuevo Subsistema de Seguridades y Oportunidades del Ingreso \u00c9tico Familiar.<\/p>\n<p style=\"text-align: justify;\"><strong>\u00bfC\u00f3mo pueden participar?<\/strong><\/p>\n<p style=\"text-align: justify;\">No se postula, pues las n\u00f3minas con los potenciales beneficiarios del programa emanan desde el Ministerio de Desarrollo Social, a trav\u00e9s de la informaci\u00f3n que entrega el Registro Social de Hogares, los monitores comunitarios llegan a los domicilios ofreciendo la incorporaci\u00f3n al programa.<\/p>\n<p style=\"text-align: justify;\"><strong>Modalidad de funcionamiento<\/strong><\/p>\n<p style=\"text-align: justify;\">Una vez designado el listado de usuarios\/as a intervenir, la monitora del programa concurre dos veces al mes a visitar a los adultos mayores a sus domicilios, para la realizaci\u00f3n del acompa\u00f1amiento psicosocial y socio laboral, posteriormente se procede a la intervenci\u00f3n del grupo en compa\u00f1\u00eda de la encargada del programa V\u00ednculos.<\/p>\n<p style=\"text-align: justify;\">El acompa\u00f1amiento es continuo para las personas mayores de 65 a\u00f1os que ingresan al nuevo Subsistema de Seguridades y Oportunidades,\u00a0 entreg\u00e1ndoles herramientas psicosociales que permitan fortalecer\u00a0 su identidad, autonom\u00eda y sentido de pertenencia. El apoyo psicosocial es individual y grupal;\u00a0 el acompa\u00f1amiento es directo y personalizado en el lugar donde habitan las personas mayores.<\/p>\n<p style=\"text-align: justify;\">El programa promueve\u00a0 el proceso de vinculaci\u00f3n de las\u00a0 personas mayores al entorno\u00a0 y\u00a0 entrega bonos de protecci\u00f3n y prestaciones monetarias.<\/p>\n<p style=\"text-align: justify;\"><strong>Horario de atenci\u00f3n:<\/strong> lunes a viernes de 08:30 a 13:00 horas.<\/p>\n<p>[\/vc_column_text][vc_empty_space height=&#8221;16px&#8221;][vc_gmaps link=&#8221;#E-8_JTNDaWZyYW1lJTIwc3JjJTNEJTIyaHR0cHMlM0ElMkYlMkZ3d3cuZ29vZ2xlLmNvbSUyRm1hcHMlMkZlbWJlZCUzRnBiJTNEJTIxMW0xOCUyMTFtMTIlMjExbTMlMjExZDI5OTQxLjU0MDc1NzUyNjE0JTIxMmQtNzAuMTA4ODMxMjExMTc0MDYlMjEzZC0yMC4yNzE1Nzk5MjYxNzc4JTIxMm0zJTIxMWYwJTIxMmYwJTIxM2YwJTIxM20yJTIxMWkxMDI0JTIxMmk3NjglMjE0ZjEzLjElMjEzbTMlMjExbTIlMjExczB4OTE1MjNlNzAyOTNjNTYzMyUyNTNBMHg2NzFmZjczOTYzMmY1NjYwJTIxMnNBbHRvJTJCSG9zcGljaW8lMjUyQyUyQlJlZ2klMjVDMyUyNUIzbiUyQmRlJTJCVGFyYXBhYyUyNUMzJTI1QTElMjUyQyUyQkNoaWxlJTIxNWUwJTIxM20yJTIxMXNlcyUyMTJzJTIxNHYxNDU5ODI2MTU5MDc4JTIyJTIwd2lkdGglM0QlMjI2MDAlMjIlMjBoZWlnaHQlM0QlMjI0NTAlMjIlMjBmcmFtZWJvcmRlciUzRCUyMjAlMjIlMjBzdHlsZSUzRCUyMmJvcmRlciUzQTAlMjIlMjBhbGxvd2Z1bGxzY3JlZW4lM0UlM0MlMkZpZnJhbWUlM0U=&#8221;][\/vc_column][\/vc_row]<\/p>\n","protected":false},"excerpt":{"rendered":"<p>[vc_row][vc_column][vc_custom_heading text=&#8221;Programa V\u00ednculos&#8221; font_container=&#8221;tag:h1|text_align:left|color:%23ffffff&#8221; use_theme_fonts=&#8221;yes&#8221; css=&#8221;.vc_custom_1462859697295{margin-bottom: 16px !important;margin-left: -16px !important;border-bottom-width: 2px !important;padding-top: 5px !important;padding-bottom: 5px !important;padding-left: 15px !important;background-color: #2e70ba !important;border-bottom-color: #cccccc !important;border-bottom-style: groove !important;border-radius: 5px !important;}&#8221;][\/vc_column][\/vc_row][vc_row][vc_column width=&#8221;1\/4&#8243; css=&#8221;.vc_custom_1459828419466{padding-top: 5px !important;padding-right: 5px !important;padding-bottom: 5px !important;padding-left: 5px !important;background-color: #dde5f0 !important;}&#8221;][vc_empty_space height=&#8221;25px&#8221;][ultimate_icon_list icon_size=&#8221;15&#8243; icon_margin=&#8221;5&#8243;][ultimate_icon_list_item icon=&#8221;lineicon-user&#8221;]Encargada: Romina Mamani[\/ultimate_icon_list_item][ultimate_icon_list_item icon=&#8221;lineicon-location&#8221;]Direcci\u00f3n: Av. Ram\u00f3n P\u00e9rez Opazo N\u00b02135, primer piso.[\/ultimate_icon_list_item][ultimate_icon_list_item icon=&#8221;lineicon-tag&#8221;]Tel\u00e9fono: 57 2 [&hellip;]<\/p>\n","protected":false},"author":1,"featured_media":0,"parent":6008,"menu_order":0,"comment_status":"closed","ping_status":"closed","template":"","meta":{"_monsterinsights_skip_tracking":false,"_monsterinsights_sitenote_active":false,"_monsterinsights_sitenote_note":"","_monsterinsights_sitenote_category":0,"footnotes":""},"class_list":["post-6074","page","type-page","status-publish","hentry"],"_links":{"self":[{"href":"https:\/\/maho.cl\/web\/wp-json\/wp\/v2\/pages\/6074","targetHints":{"allow":["GET"]}}],"collection":[{"href":"https:\/\/maho.cl\/web\/wp-json\/wp\/v2\/pages"}],"about":[{"href":"https:\/\/maho.cl\/web\/wp-json\/wp\/v2\/types\/page"}],"author":[{"embeddable":true,"href":"https:\/\/maho.cl\/web\/wp-json\/wp\/v2\/users\/1"}],"replies":[{"embeddable":true,"href":"https:\/\/maho.cl\/web\/wp-json\/wp\/v2\/comments?post=6074"}],"version-history":[{"count":0,"href":"https:\/\/maho.cl\/web\/wp-json\/wp\/v2\/pages\/6074\/revisions"}],"up":[{"embeddable":true,"href":"https:\/\/maho.cl\/web\/wp-json\/wp\/v2\/pages\/6008"}],"wp:attachment":[{"href":"https:\/\/maho.cl\/web\/wp-json\/wp\/v2\/media?parent=6074"}],"curies":[{"name":"wp","href":"https:\/\/api.w.org\/{rel}","templated":true}]}}