{"id":6078,"date":"2016-05-03T23:27:32","date_gmt":"2016-05-04T03:27:32","guid":{"rendered":"https:\/\/maho.cl\/web2016\/?page_id=6078"},"modified":"2016-05-03T23:27:32","modified_gmt":"2016-05-04T03:27:32","slug":"registro-social-de-hogares","status":"publish","type":"page","link":"https:\/\/maho.cl\/web\/programas-dideco\/registro-social-de-hogares\/","title":{"rendered":"Registro Social de Hogares"},"content":{"rendered":"<p>[vc_row][vc_column][vc_custom_heading text=&#8221;Registro Social de Hogares&#8221; font_container=&#8221;tag:h1|text_align:left|color:%23ffffff&#8221; use_theme_fonts=&#8221;yes&#8221; css=&#8221;.vc_custom_1462859697295{margin-bottom: 16px !important;margin-left: -16px !important;border-bottom-width: 2px !important;padding-top: 5px !important;padding-bottom: 5px !important;padding-left: 15px !important;background-color: #2e70ba !important;border-bottom-color: #cccccc !important;border-bottom-style: groove !important;border-radius: 5px !important;}&#8221;][\/vc_column][\/vc_row][vc_row][vc_column width=&#8221;1\/4&#8243; css=&#8221;.vc_custom_1459828419466{padding-top: 5px !important;padding-right: 5px !important;padding-bottom: 5px !important;padding-left: 5px !important;background-color: #dde5f0 !important;}&#8221;][vc_empty_space height=&#8221;25px&#8221;][ultimate_icon_list icon_size=&#8221;15&#8243; icon_margin=&#8221;5&#8243;][ultimate_icon_list_item icon=&#8221;lineicon-user&#8221;]<strong>Encargada<\/strong>: Maritza Estrada[\/ultimate_icon_list_item][ultimate_icon_list_item icon=&#8221;lineicon-location&#8221;]<strong>Direcci\u00f3n<\/strong>: Av. Ram\u00f3n P\u00e9rez Opazo N\u00b02135, primer piso.[\/ultimate_icon_list_item][ultimate_icon_list_item icon=&#8221;lineicon-tag&#8221;]Tel\u00e9fono: 57 2 583108[\/ultimate_icon_list_item][ultimate_icon_list_item icon=&#8221;lineicon-mail&#8221;]<a href=\"mailto:mestrada@maho.cl\">mestrada@maho.cl<\/a>[\/ultimate_icon_list_item][\/ultimate_icon_list][vc_empty_space height=&#8221;25px&#8221;][vc_custom_heading text=&#8221;Contenidos&#8221; font_container=&#8221;tag:h3|text_align:left&#8221; use_theme_fonts=&#8221;yes&#8221; css=&#8221;.vc_custom_1462325156124{margin-bottom: 16px !important;}&#8221;][vc_widget_sidebar sidebar_id=&#8221;sc442_337qtf&#8221;][\/vc_column][vc_column width=&#8221;3\/4&#8243;][vc_empty_space height=&#8221;16px&#8221;][vc_custom_heading text=&#8221;Objetivo&#8221; font_container=&#8221;tag:h3|text_align:left&#8221; use_theme_fonts=&#8221;yes&#8221; css=&#8221;.vc_custom_1459826645027{margin-bottom: 16px !important;}&#8221;][vc_empty_space height=&#8221;10px&#8221;][vc_column_text]<\/p>\n<p style=\"text-align: justify;\">El Registro Social de Hogares es una base de datos que reemplaza a la Ficha de Protecci\u00f3n Social. Los hogares ya no contar\u00e1n con puntaje, sino con un tramo de Calificaci\u00f3n Socioecon\u00f3mica que se construir\u00e1 considerando los ingresos y las caracter\u00edsticas de los integrantes del hogar.<\/p>\n<p style=\"text-align: justify;\">Esta calificaci\u00f3n fluct\u00faa entre los siguientes tramos:<\/p>\n<ul style=\"text-align: justify;\">\n<li>Menor al 40% de menores ingresos o mayor vulnerabilidad.<\/li>\n<li>41% a 50% menores ingresos o mayor vulnerabilidad.<\/li>\n<li>51% a 60% menores ingresos o mayor vulnerabilidad.<\/li>\n<li>61% a 70% menores ingresos o mayor vulnerabilidad.<\/li>\n<li>71% a 80% mayores ingresos o menor vulnerabilidad.<\/li>\n<li>81% a 90% mayores ingresos o menor vulnerabilidad.<\/li>\n<li>10 % mayores ingresos o menor vulnerabilidad.<\/li>\n<\/ul>\n<p style=\"text-align: justify;\"><strong>Cada servicio o programa definir\u00e1 los par\u00e1metros para la calificaci\u00f3n del puntaje de focalizaci\u00f3n, no es competencia del municipio otorgarlo.<\/strong><\/p>\n<p style=\"text-align: justify;\">En el\u00a0 Registro Social de Hogares las personas conocer\u00e1n en\u00a0 su \u201ccartola de hogar\u201d la informaci\u00f3n de cada uno y podr\u00e1n actualizar\u00a0 o modificar \u00a0los antecedentes si su realidad y condiciones var\u00edan.<\/p>\n<p style=\"text-align: justify;\">La informaci\u00f3n a modificar es:<\/p>\n<ul style=\"text-align: justify;\">\n<li>Composici\u00f3n familiar y domicilio.<\/li>\n<li>Modificaci\u00f3n informaci\u00f3n de educaci\u00f3n, salud, ocupaci\u00f3n e ingresos.<\/li>\n<\/ul>\n<p style=\"text-align: justify;\">Los tr\u00e1mites podr\u00e1n realizarse a trav\u00e9s de una de estas tres opciones:<\/p>\n<ol style=\"text-align: justify;\">\n<li>Ingresando a <strong>registrosocial.gob.cl<\/strong>, con clave \u00fanica, la cual es entregada por el registro civil, en donde podr\u00e1 realizar todo el tr\u00e1mite en l\u00ednea, adjuntando los documentos requeridos y firmados, sin necesidad de acudir a la municipalidad.<\/li>\n<li>Ingresando a <strong>registrosocial.gob.cl, <\/strong>con rut y fecha de nacimiento, donde podr\u00e1 hacer parte del tr\u00e1mite en l\u00ednea, adjuntando los documentos requeridos firmados, luego acudir a su municipalidad para acreditar su identidad por el resguardo de la informaci\u00f3n y de su hogar.<\/li>\n<li>Acudiendo al municipio<strong> , <\/strong>en donde deber\u00e1 adjuntar la siguiente informaci\u00f3n:<\/li>\n<\/ol>\n<p style=\"text-align: justify;\">Requisitos para solicitar ingreso al Registro Social de Hogares:<\/p>\n<p style=\"text-align: justify;\"><strong>Arrendatarios:<\/strong><\/p>\n<p style=\"text-align: justify;\">&#8211; Contrato de arriendo<\/p>\n<p style=\"text-align: justify;\">&#8211; Comprobante de luz y agua del domicilio (con una antig\u00fcedad m\u00e1xima de 3 meses)<\/p>\n<p style=\"text-align: justify;\"><strong>Propietarios:<\/strong> (al menos uno de estos documentos)<\/p>\n<p style=\"text-align: justify;\">-Comprobante de luz y agua del domicilio (con una antig\u00fcedad m\u00e1xima de 3 meses)<\/p>\n<p style=\"text-align: justify;\">&#8211; Escritura o certificado de dominio vigente.<\/p>\n<p style=\"text-align: justify;\">-Certificado de aval\u00fao fiscal.<\/p>\n<p style=\"text-align: justify;\"><strong>Allegados:<\/strong><\/p>\n<p style=\"text-align: justify;\"><strong>&#8211; <\/strong>Certificado de residencia entregado por junta de vecinos correspondiente.<\/p>\n<p style=\"text-align: justify;\">&#8211; Comprobante de luz y agua del domicilio (con una antig\u00fcedad m\u00e1xima de 3 meses).<\/p>\n<p style=\"text-align: justify;\"><strong>Documentaci\u00f3n requerida para acreditar composici\u00f3n familiar (obligatoria)<\/strong><\/p>\n<p style=\"text-align: justify;\">&#8211; Fotocopia c\u00e9dula de identidad de todos los adultos.<\/p>\n<p style=\"text-align: justify;\">&#8211; Certificado de nacimiento para menores de edad.<\/p>\n<p style=\"text-align: justify;\"><strong>Seg\u00fan corresponda:<\/strong><\/p>\n<p style=\"text-align: justify;\">&#8211; Certificado de nacimiento con suscripci\u00f3n de cuidado personal.<\/p>\n<p style=\"text-align: justify;\">&#8211; Copia de mediaci\u00f3n de pensi\u00f3n de alimentos.<\/p>\n<p style=\"text-align: justify;\"><strong>Horario de atenci\u00f3n:<\/strong> lunes a viernes, desde las 8:30\u00a0 y hasta las 11:00 horas, con n\u00famero de atenci\u00f3n. (Se atender\u00e1 a todas las personas que tengan n\u00famero de atenci\u00f3n sin importar el horario de cierre de la atenci\u00f3n de p\u00fablico).<\/p>\n<p style=\"text-align: justify;\"><a href=\"http:\/\/www.registrosocial.gob.cl\/\" target=\"_blank\">http:\/\/www.registrosocial.gob.cl\/<\/a><\/p>\n<p>[\/vc_column_text][vc_empty_space height=&#8221;16px&#8221;][vc_gmaps link=&#8221;#E-8_JTNDaWZyYW1lJTIwc3JjJTNEJTIyaHR0cHMlM0ElMkYlMkZ3d3cuZ29vZ2xlLmNvbSUyRm1hcHMlMkZlbWJlZCUzRnBiJTNEJTIxMW0xOCUyMTFtMTIlMjExbTMlMjExZDI5OTQxLjU0MDc1NzUyNjE0JTIxMmQtNzAuMTA4ODMxMjExMTc0MDYlMjEzZC0yMC4yNzE1Nzk5MjYxNzc4JTIxMm0zJTIxMWYwJTIxMmYwJTIxM2YwJTIxM20yJTIxMWkxMDI0JTIxMmk3NjglMjE0ZjEzLjElMjEzbTMlMjExbTIlMjExczB4OTE1MjNlNzAyOTNjNTYzMyUyNTNBMHg2NzFmZjczOTYzMmY1NjYwJTIxMnNBbHRvJTJCSG9zcGljaW8lMjUyQyUyQlJlZ2klMjVDMyUyNUIzbiUyQmRlJTJCVGFyYXBhYyUyNUMzJTI1QTElMjUyQyUyQkNoaWxlJTIxNWUwJTIxM20yJTIxMXNlcyUyMTJzJTIxNHYxNDU5ODI2MTU5MDc4JTIyJTIwd2lkdGglM0QlMjI2MDAlMjIlMjBoZWlnaHQlM0QlMjI0NTAlMjIlMjBmcmFtZWJvcmRlciUzRCUyMjAlMjIlMjBzdHlsZSUzRCUyMmJvcmRlciUzQTAlMjIlMjBhbGxvd2Z1bGxzY3JlZW4lM0UlM0MlMkZpZnJhbWUlM0U=&#8221;][\/vc_column][\/vc_row]<\/p>\n","protected":false},"excerpt":{"rendered":"<p>[vc_row][vc_column][vc_custom_heading text=&#8221;Registro Social de Hogares&#8221; font_container=&#8221;tag:h1|text_align:left|color:%23ffffff&#8221; use_theme_fonts=&#8221;yes&#8221; css=&#8221;.vc_custom_1462859697295{margin-bottom: 16px !important;margin-left: -16px !important;border-bottom-width: 2px !important;padding-top: 5px !important;padding-bottom: 5px !important;padding-left: 15px !important;background-color: #2e70ba !important;border-bottom-color: #cccccc !important;border-bottom-style: groove !important;border-radius: 5px !important;}&#8221;][\/vc_column][\/vc_row][vc_row][vc_column width=&#8221;1\/4&#8243; css=&#8221;.vc_custom_1459828419466{padding-top: 5px !important;padding-right: 5px !important;padding-bottom: 5px !important;padding-left: 5px !important;background-color: #dde5f0 !important;}&#8221;][vc_empty_space height=&#8221;25px&#8221;][ultimate_icon_list icon_size=&#8221;15&#8243; icon_margin=&#8221;5&#8243;][ultimate_icon_list_item icon=&#8221;lineicon-user&#8221;]Encargada: Maritza Estrada[\/ultimate_icon_list_item][ultimate_icon_list_item icon=&#8221;lineicon-location&#8221;]Direcci\u00f3n: Av. Ram\u00f3n P\u00e9rez Opazo N\u00b02135, primer piso.[\/ultimate_icon_list_item][ultimate_icon_list_item icon=&#8221;lineicon-tag&#8221;]Tel\u00e9fono: [&hellip;]<\/p>\n","protected":false},"author":1,"featured_media":0,"parent":6008,"menu_order":0,"comment_status":"closed","ping_status":"closed","template":"","meta":{"_monsterinsights_skip_tracking":false,"_monsterinsights_sitenote_active":false,"_monsterinsights_sitenote_note":"","_monsterinsights_sitenote_category":0,"footnotes":""},"class_list":["post-6078","page","type-page","status-publish","hentry"],"_links":{"self":[{"href":"https:\/\/maho.cl\/web\/wp-json\/wp\/v2\/pages\/6078","targetHints":{"allow":["GET"]}}],"collection":[{"href":"https:\/\/maho.cl\/web\/wp-json\/wp\/v2\/pages"}],"about":[{"href":"https:\/\/maho.cl\/web\/wp-json\/wp\/v2\/types\/page"}],"author":[{"embeddable":true,"href":"https:\/\/maho.cl\/web\/wp-json\/wp\/v2\/users\/1"}],"replies":[{"embeddable":true,"href":"https:\/\/maho.cl\/web\/wp-json\/wp\/v2\/comments?post=6078"}],"version-history":[{"count":0,"href":"https:\/\/maho.cl\/web\/wp-json\/wp\/v2\/pages\/6078\/revisions"}],"up":[{"embeddable":true,"href":"https:\/\/maho.cl\/web\/wp-json\/wp\/v2\/pages\/6008"}],"wp:attachment":[{"href":"https:\/\/maho.cl\/web\/wp-json\/wp\/v2\/media?parent=6078"}],"curies":[{"name":"wp","href":"https:\/\/api.w.org\/{rel}","templated":true}]}}