{"id":6081,"date":"2016-05-03T23:30:11","date_gmt":"2016-05-04T03:30:11","guid":{"rendered":"https:\/\/maho.cl\/web2016\/?page_id=6081"},"modified":"2016-05-03T23:30:11","modified_gmt":"2016-05-04T03:30:11","slug":"subsidios","status":"publish","type":"page","link":"https:\/\/maho.cl\/web\/programas-dideco\/subsidios\/","title":{"rendered":"Subsidios"},"content":{"rendered":"<p>[vc_row][vc_column][vc_custom_heading text=&#8221;Subsidios&#8221; font_container=&#8221;tag:h1|text_align:left|color:%23ffffff&#8221; use_theme_fonts=&#8221;yes&#8221; css=&#8221;.vc_custom_1462941689081{margin-bottom: 16px !important;margin-left: -16px !important;border-bottom-width: 2px !important;padding-top: 5px !important;padding-bottom: 5px !important;padding-left: 15px !important;background-color: #2e70ba !important;border-bottom-color: #cccccc !important;border-bottom-style: groove !important;border-radius: 5px !important;}&#8221;][\/vc_column][\/vc_row][vc_row][vc_column width=&#8221;1\/4&#8243; css=&#8221;.vc_custom_1459828419466{padding-top: 5px !important;padding-right: 5px !important;padding-bottom: 5px !important;padding-left: 5px !important;background-color: #dde5f0 !important;}&#8221;][vc_empty_space height=&#8221;25px&#8221;][ultimate_icon_list icon_size=&#8221;15&#8243; icon_margin=&#8221;5&#8243;][ultimate_icon_list_item icon=&#8221;lineicon-user&#8221;]<strong>Encargada<\/strong>: Paola Lema[\/ultimate_icon_list_item][ultimate_icon_list_item icon=&#8221;lineicon-location&#8221;]<strong>Direcci\u00f3n<\/strong>: Av. Ram\u00f3n P\u00e9rez Opazo N\u00b02135, primer piso.[\/ultimate_icon_list_item][ultimate_icon_list_item icon=&#8221;lineicon-tag&#8221;]Tel\u00e9fono: 57 2 583123[\/ultimate_icon_list_item][ultimate_icon_list_item icon=&#8221;lineicon-mail&#8221;]<a href=\"mailto:plema@maho.cl\">plema@maho.cl<\/a>[\/ultimate_icon_list_item][\/ultimate_icon_list][vc_empty_space height=&#8221;25px&#8221;][vc_custom_heading text=&#8221;Contenidos&#8221; font_container=&#8221;tag:h3|text_align:left&#8221; use_theme_fonts=&#8221;yes&#8221; css=&#8221;.vc_custom_1462325156124{margin-bottom: 16px !important;}&#8221;][vc_widget_sidebar sidebar_id=&#8221;sc442_337qtf&#8221;][\/vc_column][vc_column width=&#8221;3\/4&#8243;][vc_empty_space height=&#8221;16px&#8221;][vc_custom_heading text=&#8221;Objetivo&#8221; font_container=&#8221;tag:h3|text_align:left&#8221; use_theme_fonts=&#8221;yes&#8221; css=&#8221;.vc_custom_1459826645027{margin-bottom: 16px !important;}&#8221;][vc_empty_space height=&#8221;10px&#8221;][vc_column_text]<\/p>\n<p style=\"text-align: justify;\">Esta oficina tiene como misi\u00f3n orientar\u00a0 y tramitar procesos de postulaci\u00f3n a diversos beneficios entregados por el Estado a las familias m\u00e1s vulnerables de la comuna a trav\u00e9s del municipio. Estos son:<\/p>\n<ol style=\"text-align: justify;\">\n<li><strong>Subsidio \u00danico Familiar<\/strong>: beneficio entregado por el Estado a menores de 18 a\u00f1os carentes de recursos, que no pueden acceder al beneficio DFL N\u00ba1982, por no ser trabajadores dependientes afiliados a un sistema previsional. El monto del subsidio asciende a $ 9.899\u00a0 y tiene una duraci\u00f3n de 3 a\u00f1os, siendo renovable si cumplen los requisitos que establece la ley.<\/li>\n<li><strong>Subsidio Maternal<\/strong>: destinado a las mujeres embarazadas, de cualquier edad, a partir del quinto mes de embarazo presentando un certificado emitido por la matrona o m\u00e9dico tratante y que se encuentre en situaci\u00f3n de vulnerabilidad social.<\/li>\n<li><strong>Subsidio del Reci\u00e9n Nacido<\/strong>: est\u00e1 dirigido a las familias con hijos menores\u00a0 de 3 meses, que tengan situaci\u00f3n de vulnerabilidad y que sus madres hayan sido beneficiadas con el subsidio maternal. \u00c9ste se entrega s\u00f3lo una vez y permite el registro autom\u00e1tico para acceder al subsidio familiar.<strong>\u00a0<\/strong><\/li>\n<\/ol>\n<p style=\"text-align: justify;\"><strong>Subsidio de Agua Potable<\/strong>: consiste en el pago de una parte de la cuenta mensual de agua potable y alcantarillado, con un l\u00edmite de consumo de hasta 15m3 con duraci\u00f3n de 3 a\u00f1os, destinados a las familias carentes de recursos.<\/p>\n<p style=\"text-align: justify;\"><strong>Subsidio de discapacidad mental<\/strong>: es para menores de 18 a\u00f1os es un aporte monetario mensual de 61 mil 806 pesos (monto a partir de enero de 2015), que se entrega a todos aquellos menores en situaci\u00f3n de discapacidad mental, que no tengan previsi\u00f3n y que sean de escasos recursos. Se reajusta autom\u00e1ticamente el 1 de enero de cada a\u00f1o, en el 100% de la variaci\u00f3n del \u00cdndice de Precios al Consumidor (IPC) de los \u00faltimos 12 meses, contados desde el \u00faltimo.<\/p>\n<p>[\/vc_column_text][vc_empty_space height=&#8221;16px&#8221;][vc_gmaps link=&#8221;#E-8_JTNDaWZyYW1lJTIwc3JjJTNEJTIyaHR0cHMlM0ElMkYlMkZ3d3cuZ29vZ2xlLmNvbSUyRm1hcHMlMkZlbWJlZCUzRnBiJTNEJTIxMW0xOCUyMTFtMTIlMjExbTMlMjExZDI5OTQxLjU0MDc1NzUyNjE0JTIxMmQtNzAuMTA4ODMxMjExMTc0MDYlMjEzZC0yMC4yNzE1Nzk5MjYxNzc4JTIxMm0zJTIxMWYwJTIxMmYwJTIxM2YwJTIxM20yJTIxMWkxMDI0JTIxMmk3NjglMjE0ZjEzLjElMjEzbTMlMjExbTIlMjExczB4OTE1MjNlNzAyOTNjNTYzMyUyNTNBMHg2NzFmZjczOTYzMmY1NjYwJTIxMnNBbHRvJTJCSG9zcGljaW8lMjUyQyUyQlJlZ2klMjVDMyUyNUIzbiUyQmRlJTJCVGFyYXBhYyUyNUMzJTI1QTElMjUyQyUyQkNoaWxlJTIxNWUwJTIxM20yJTIxMXNlcyUyMTJzJTIxNHYxNDU5ODI2MTU5MDc4JTIyJTIwd2lkdGglM0QlMjI2MDAlMjIlMjBoZWlnaHQlM0QlMjI0NTAlMjIlMjBmcmFtZWJvcmRlciUzRCUyMjAlMjIlMjBzdHlsZSUzRCUyMmJvcmRlciUzQTAlMjIlMjBhbGxvd2Z1bGxzY3JlZW4lM0UlM0MlMkZpZnJhbWUlM0U=&#8221;][\/vc_column][\/vc_row]<\/p>\n","protected":false},"excerpt":{"rendered":"<p>[vc_row][vc_column][vc_custom_heading text=&#8221;Subsidios&#8221; font_container=&#8221;tag:h1|text_align:left|color:%23ffffff&#8221; use_theme_fonts=&#8221;yes&#8221; css=&#8221;.vc_custom_1462941689081{margin-bottom: 16px !important;margin-left: -16px !important;border-bottom-width: 2px !important;padding-top: 5px !important;padding-bottom: 5px !important;padding-left: 15px !important;background-color: #2e70ba !important;border-bottom-color: #cccccc !important;border-bottom-style: groove !important;border-radius: 5px !important;}&#8221;][\/vc_column][\/vc_row][vc_row][vc_column width=&#8221;1\/4&#8243; css=&#8221;.vc_custom_1459828419466{padding-top: 5px !important;padding-right: 5px !important;padding-bottom: 5px !important;padding-left: 5px !important;background-color: #dde5f0 !important;}&#8221;][vc_empty_space height=&#8221;25px&#8221;][ultimate_icon_list icon_size=&#8221;15&#8243; icon_margin=&#8221;5&#8243;][ultimate_icon_list_item icon=&#8221;lineicon-user&#8221;]Encargada: Paola Lema[\/ultimate_icon_list_item][ultimate_icon_list_item icon=&#8221;lineicon-location&#8221;]Direcci\u00f3n: Av. Ram\u00f3n P\u00e9rez Opazo N\u00b02135, primer piso.[\/ultimate_icon_list_item][ultimate_icon_list_item icon=&#8221;lineicon-tag&#8221;]Tel\u00e9fono: 57 2 583123[\/ultimate_icon_list_item][ultimate_icon_list_item [&hellip;]<\/p>\n","protected":false},"author":1,"featured_media":0,"parent":6008,"menu_order":0,"comment_status":"closed","ping_status":"closed","template":"","meta":{"_monsterinsights_skip_tracking":false,"_monsterinsights_sitenote_active":false,"_monsterinsights_sitenote_note":"","_monsterinsights_sitenote_category":0,"footnotes":""},"class_list":["post-6081","page","type-page","status-publish","hentry"],"_links":{"self":[{"href":"https:\/\/maho.cl\/web\/wp-json\/wp\/v2\/pages\/6081","targetHints":{"allow":["GET"]}}],"collection":[{"href":"https:\/\/maho.cl\/web\/wp-json\/wp\/v2\/pages"}],"about":[{"href":"https:\/\/maho.cl\/web\/wp-json\/wp\/v2\/types\/page"}],"author":[{"embeddable":true,"href":"https:\/\/maho.cl\/web\/wp-json\/wp\/v2\/users\/1"}],"replies":[{"embeddable":true,"href":"https:\/\/maho.cl\/web\/wp-json\/wp\/v2\/comments?post=6081"}],"version-history":[{"count":0,"href":"https:\/\/maho.cl\/web\/wp-json\/wp\/v2\/pages\/6081\/revisions"}],"up":[{"embeddable":true,"href":"https:\/\/maho.cl\/web\/wp-json\/wp\/v2\/pages\/6008"}],"wp:attachment":[{"href":"https:\/\/maho.cl\/web\/wp-json\/wp\/v2\/media?parent=6081"}],"curies":[{"name":"wp","href":"https:\/\/api.w.org\/{rel}","templated":true}]}}