{"id":6141,"date":"2016-05-05T01:10:55","date_gmt":"2016-05-05T05:10:55","guid":{"rendered":"https:\/\/maho.cl\/web2016\/?page_id=6141"},"modified":"2016-05-05T01:10:55","modified_gmt":"2016-05-05T05:10:55","slug":"canal-maho","status":"publish","type":"page","link":"https:\/\/maho.cl\/web\/canal-maho\/","title":{"rendered":"Canal Maho"},"content":{"rendered":"<p>[vc_row][vc_column][vc_custom_heading text=&#8221;Canal MAHO&#8221; font_container=&#8221;tag:h1|text_align:left|color:%23ffffff&#8221; use_theme_fonts=&#8221;yes&#8221; css=&#8221;.vc_custom_1462859697295{margin-bottom: 16px !important;margin-left: -16px !important;border-bottom-width: 2px !important;padding-top: 5px !important;padding-bottom: 5px !important;padding-left: 15px !important;background-color: #2e70ba !important;border-bottom-color: #cccccc !important;border-bottom-style: groove !important;border-radius: 5px !important;}&#8221;][\/vc_column][\/vc_row][vc_row][vc_column css=&#8221;.vc_custom_1462421149694{padding-top: 5px !important;padding-right: 5px !important;padding-bottom: 5px !important;padding-left: 5px !important;}&#8221;][vc_custom_heading text=&#8221;Rese\u00f1a&#8221; font_container=&#8221;tag:h3|text_align:left&#8221; use_theme_fonts=&#8221;yes&#8221; css=&#8221;.vc_custom_1462421116203{margin-bottom: 16px !important;}&#8221;][vc_column_text]<\/p>\n<p class=\"p1\" style=\"text-align: justify;\"><span class=\"s1\">Canal Maho TV, es una plataforma digital e informativa de la gesti\u00f3n municipal de Alto Hospicio, que te permite conocer las distintas actividades sociales, culturales y deportivas de la comuna. Adem\u00e1s podr\u00e1s ver contenidos de inter\u00e9s como talleres, cursos, promociones, actividades al aire libre, invitaciones y mucho m\u00e1s.<\/span><\/p>\n<p class=\"p1\"><span class=\"s1\">Suscr\u00edbete a nuestro canal de youtube y s\u00edguenos en nuestras redes sociales.<\/span><\/p>\n<p class=\"p1\">[su_list icon=&#8221;icon: check&#8221;]<\/p>\n<ul>\n<li><a href=\"https:\/\/www.facebook.com\/InfoMaho\/\" target=\"_blank\" rel=\"noopener noreferrer\">facebook<\/a><\/li>\n<li><a href=\"https:\/\/twitter.com\/munimaho\" target=\"_blank\" rel=\"noopener noreferrer\">twitter<\/a><\/li>\n<li><a href=\"https:\/\/www.youtube.com\/channel\/UCdpyIgt6BWrTMRV7wLIf66w\/videos\" target=\"_blank\" rel=\"noopener noreferrer\">youtube<\/a><\/li>\n<\/ul>\n<p class=\"p1\">[\/su_list]<\/p>\n<p>[\/vc_column_text][vc_empty_space height=&#8221;16px&#8221;][mgl_tubelab_channel cols=&#8221;3&#8243; display=&#8221;title,meta&#8221; size=&#8221;high&#8221; channel_id=&#8221;UCdpyIgt6BWrTMRV7wLIf66w&#8221;][\/vc_column][\/vc_row]<\/p>\n","protected":false},"excerpt":{"rendered":"<p>[vc_row][vc_column][vc_custom_heading text=&#8221;Canal MAHO&#8221; font_container=&#8221;tag:h1|text_align:left|color:%23ffffff&#8221; use_theme_fonts=&#8221;yes&#8221; css=&#8221;.vc_custom_1462859697295{margin-bottom: 16px !important;margin-left: -16px !important;border-bottom-width: 2px !important;padding-top: 5px !important;padding-bottom: 5px !important;padding-left: 15px !important;background-color: #2e70ba !important;border-bottom-color: #cccccc !important;border-bottom-style: groove !important;border-radius: 5px !important;}&#8221;][\/vc_column][\/vc_row][vc_row][vc_column css=&#8221;.vc_custom_1462421149694{padding-top: 5px !important;padding-right: 5px !important;padding-bottom: 5px !important;padding-left: 5px !important;}&#8221;][vc_custom_heading text=&#8221;Rese\u00f1a&#8221; font_container=&#8221;tag:h3|text_align:left&#8221; use_theme_fonts=&#8221;yes&#8221; css=&#8221;.vc_custom_1462421116203{margin-bottom: 16px !important;}&#8221;][vc_column_text] Canal Maho TV, es una plataforma digital e informativa de la gesti\u00f3n municipal de [&hellip;]<\/p>\n","protected":false},"author":1,"featured_media":0,"parent":0,"menu_order":0,"comment_status":"closed","ping_status":"closed","template":"page-left-sidebar.php","meta":{"_monsterinsights_skip_tracking":false,"_monsterinsights_sitenote_active":false,"_monsterinsights_sitenote_note":"","_monsterinsights_sitenote_category":0,"footnotes":""},"class_list":["post-6141","page","type-page","status-publish","hentry"],"_links":{"self":[{"href":"https:\/\/maho.cl\/web\/wp-json\/wp\/v2\/pages\/6141","targetHints":{"allow":["GET"]}}],"collection":[{"href":"https:\/\/maho.cl\/web\/wp-json\/wp\/v2\/pages"}],"about":[{"href":"https:\/\/maho.cl\/web\/wp-json\/wp\/v2\/types\/page"}],"author":[{"embeddable":true,"href":"https:\/\/maho.cl\/web\/wp-json\/wp\/v2\/users\/1"}],"replies":[{"embeddable":true,"href":"https:\/\/maho.cl\/web\/wp-json\/wp\/v2\/comments?post=6141"}],"version-history":[{"count":0,"href":"https:\/\/maho.cl\/web\/wp-json\/wp\/v2\/pages\/6141\/revisions"}],"wp:attachment":[{"href":"https:\/\/maho.cl\/web\/wp-json\/wp\/v2\/media?parent=6141"}],"curies":[{"name":"wp","href":"https:\/\/api.w.org\/{rel}","templated":true}]}}